{"id":5065,"date":"2025-07-12T13:40:25","date_gmt":"2025-07-12T13:40:25","guid":{"rendered":"https:\/\/milprep.eu\/gautierj\/"},"modified":"2025-12-21T11:12:48","modified_gmt":"2025-12-21T11:12:48","slug":"gautierj","status":"publish","type":"page","link":"https:\/\/milprep.eu\/fr\/gautierj\/","title":{"rendered":"gautierj"},"content":{"rendered":"\t\t<div data-elementor-type=\"wp-post\" data-elementor-id=\"5065\" class=\"elementor elementor-5065 elementor-4758\" data-elementor-post-type=\"page\">\n\t\t\t\t<div class=\"elementor-element elementor-element-041cbdc e-flex e-con-boxed e-con e-parent\" data-id=\"041cbdc\" data-element_type=\"container\">\n\t\t\t\t\t<div class=\"e-con-inner\">\n\t\t<div class=\"elementor-element elementor-element-49947b7 e-con-full e-flex e-con e-child\" data-id=\"49947b7\" data-element_type=\"container\">\n\t\t\t\t<div class=\"elementor-element elementor-element-cb52150 elementor-widget elementor-widget-image\" data-id=\"cb52150\" data-element_type=\"widget\" data-widget_type=\"image.default\">\n\t\t\t\t<div class=\"elementor-widget-container\">\n\t\t\t\t\t\t\t\t\t\t\t\t\t\t\t<img decoding=\"async\" src=\"https:\/\/milprep.eu\/wp-content\/uploads\/2025\/12\/foto_milprep-removebg-preview.png\" title=\"\" alt=\"\" loading=\"lazy\" \/>\t\t\t\t\t\t\t\t\t\t\t\t\t\t\t<\/div>\n\t\t\t\t<\/div>\n\t\t\t\t<\/div>\n\t\t<div class=\"elementor-element elementor-element-d0b2bca e-con-full e-flex e-con e-child\" data-id=\"d0b2bca\" data-element_type=\"container\">\n\t\t\t\t<div class=\"elementor-element elementor-element-33914e5 elementor-widget elementor-widget-heading\" data-id=\"33914e5\" data-element_type=\"widget\" data-widget_type=\"heading.default\">\n\t\t\t\t<div class=\"elementor-widget-container\">\n\t\t\t\t\t<h3 class=\"elementor-heading-title elementor-size-default\"><span class=\"color-main\">Gautier<\/span> Jonckheere<\/h3>\t\t\t\t<\/div>\n\t\t\t\t<\/div>\n\t\t\t\t<div class=\"elementor-element elementor-element-4d28495 elementor-widget elementor-widget-heading\" data-id=\"4d28495\" data-element_type=\"widget\" data-widget_type=\"heading.default\">\n\t\t\t\t<div class=\"elementor-widget-container\">\n\t\t\t\t\t<div class=\"elementor-heading-title elementor-size-default\">Co-fondateur | Entra\u00eeneur<\/div>\t\t\t\t<\/div>\n\t\t\t\t<\/div>\n\t\t\t\t<div class=\"elementor-element elementor-element-aadb81a elementor-widget-divider--view-line_icon elementor-widget-divider--element-align-left elementor-view-default elementor-widget elementor-widget-divider\" data-id=\"aadb81a\" data-element_type=\"widget\" data-widget_type=\"divider.default\">\n\t\t\t\t<div class=\"elementor-widget-container\">\n\t\t\t\t\t\t\t<div class=\"elementor-divider\">\n\t\t\t<span class=\"elementor-divider-separator\">\n\t\t\t\t\t\t\t<div class=\"elementor-icon elementor-divider__element\">\n\t\t\t\t\t<svg xmlns=\"http:\/\/www.w3.org\/2000\/svg\" width=\"1024\" height=\"1024\" viewBox=\"0 0 1024 1024\"><path d=\"M511.961 1023.985c-282.286 0-511.961-229.675-511.961-511.977 0-282.317 229.675-511.992 511.961-511.992 282.333 0 512.039 229.675 512.039 511.992 0 282.302-229.69 511.977-512.039 511.977zM511.961 61.948c-248.146 0-450.029 201.898-450.029 450.060s201.883 450.045 450.029 450.045c248.193 0 450.107-201.898 450.107-450.045s-201.914-450.060-450.107-450.060zM648.521 520.167c0 75.394-61.119 136.514-136.514 136.514s-136.514-61.119-136.514-136.514c0-75.394 61.119-136.514 136.514-136.514s136.514 61.119 136.514 136.514z\"><\/path><\/svg><\/div>\n\t\t\t\t\t\t<\/span>\n\t\t<\/div>\n\t\t\t\t\t\t<\/div>\n\t\t\t\t<\/div>\n\t\t<div class=\"elementor-element elementor-element-76fe712 e-con-full e-flex e-con e-child\" data-id=\"76fe712\" data-element_type=\"container\">\n\t\t\t\t<div class=\"elementor-element elementor-element-ce36822 elementor-shape-rounded elementor-grid-0 elementor-widget elementor-widget-social-icons\" data-id=\"ce36822\" data-element_type=\"widget\" data-widget_type=\"social-icons.default\">\n\t\t\t\t<div class=\"elementor-widget-container\">\n\t\t\t\t\t\t\t<div class=\"elementor-social-icons-wrapper elementor-grid\">\n\t\t\t\t\t\t\t<span class=\"elementor-grid-item\">\n\t\t\t\t\t<a class=\"elementor-icon elementor-social-icon elementor-social-icon-facebook-f elementor-repeater-item-afce465\" href=\"https:\/\/www.facebook.com\/gautierjonckheere\" target=\"_blank\">\n\t\t\t\t\t\t<span class=\"elementor-screen-only\">Facebook-f<\/span>\n\t\t\t\t\t\t<svg aria-hidden=\"true\" class=\"e-font-icon-svg e-fab-facebook-f\" viewBox=\"0 0 320 512\" xmlns=\"http:\/\/www.w3.org\/2000\/svg\"><path d=\"M279.14 288l14.22-92.66h-88.91v-60.13c0-25.35 12.42-50.06 52.24-50.06h40.42V6.26S260.43 0 225.36 0c-73.22 0-121.08 44.38-121.08 124.72v70.62H22.89V288h81.39v224h100.17V288z\"><\/path><\/svg>\t\t\t\t\t<\/a>\n\t\t\t\t<\/span>\n\t\t\t\t\t<\/div>\n\t\t\t\t\t\t<\/div>\n\t\t\t\t<\/div>\n\t\t\t\t<div class=\"elementor-element elementor-element-5c98bdc elementor-shape-rounded elementor-grid-0 elementor-widget elementor-widget-social-icons\" data-id=\"5c98bdc\" data-element_type=\"widget\" data-widget_type=\"social-icons.default\">\n\t\t\t\t<div class=\"elementor-widget-container\">\n\t\t\t\t\t\t\t<div class=\"elementor-social-icons-wrapper elementor-grid\">\n\t\t\t\t\t\t\t<span class=\"elementor-grid-item\">\n\t\t\t\t\t<a class=\"elementor-icon elementor-social-icon elementor-social-icon-linkedin elementor-repeater-item-1199681\" href=\"https:\/\/www.linkedin.com\/in\/gautierjonckheere\/\" target=\"_blank\">\n\t\t\t\t\t\t<span class=\"elementor-screen-only\">Linkedin<\/span>\n\t\t\t\t\t\t<svg aria-hidden=\"true\" class=\"e-font-icon-svg e-fab-linkedin\" viewBox=\"0 0 448 512\" xmlns=\"http:\/\/www.w3.org\/2000\/svg\"><path d=\"M416 32H31.9C14.3 32 0 46.5 0 64.3v383.4C0 465.5 14.3 480 31.9 480H416c17.6 0 32-14.5 32-32.3V64.3c0-17.8-14.4-32.3-32-32.3zM135.4 416H69V202.2h66.5V416zm-33.2-243c-21.3 0-38.5-17.3-38.5-38.5S80.9 96 102.2 96c21.2 0 38.5 17.3 38.5 38.5 0 21.3-17.2 38.5-38.5 38.5zm282.1 243h-66.4V312c0-24.8-.5-56.7-34.5-56.7-34.6 0-39.9 27-39.9 54.9V416h-66.4V202.2h63.7v29.2h.9c8.9-16.8 30.6-34.5 62.9-34.5 67.2 0 79.7 44.3 79.7 101.9V416z\"><\/path><\/svg>\t\t\t\t\t<\/a>\n\t\t\t\t<\/span>\n\t\t\t\t\t<\/div>\n\t\t\t\t\t\t<\/div>\n\t\t\t\t<\/div>\n\t\t\t\t<div class=\"elementor-element elementor-element-541a322 elementor-shape-rounded elementor-grid-0 elementor-widget elementor-widget-social-icons\" data-id=\"541a322\" data-element_type=\"widget\" data-widget_type=\"social-icons.default\">\n\t\t\t\t<div class=\"elementor-widget-container\">\n\t\t\t\t\t\t\t<div class=\"elementor-social-icons-wrapper elementor-grid\">\n\t\t\t\t\t\t\t<span class=\"elementor-grid-item\">\n\t\t\t\t\t<a class=\"elementor-icon elementor-social-icon elementor-social-icon-instagram elementor-repeater-item-1199681\" href=\"https:\/\/www.instagram.com\/gautierjonckheere\" target=\"_blank\">\n\t\t\t\t\t\t<span class=\"elementor-screen-only\">Instagram<\/span>\n\t\t\t\t\t\t<svg aria-hidden=\"true\" class=\"e-font-icon-svg e-fab-instagram\" viewBox=\"0 0 448 512\" xmlns=\"http:\/\/www.w3.org\/2000\/svg\"><path d=\"M224.1 141c-63.6 0-114.9 51.3-114.9 114.9s51.3 114.9 114.9 114.9S339 319.5 339 255.9 287.7 141 224.1 141zm0 189.6c-41.1 0-74.7-33.5-74.7-74.7s33.5-74.7 74.7-74.7 74.7 33.5 74.7 74.7-33.6 74.7-74.7 74.7zm146.4-194.3c0 14.9-12 26.8-26.8 26.8-14.9 0-26.8-12-26.8-26.8s12-26.8 26.8-26.8 26.8 12 26.8 26.8zm76.1 27.2c-1.7-35.9-9.9-67.7-36.2-93.9-26.2-26.2-58-34.4-93.9-36.2-37-2.1-147.9-2.1-184.9 0-35.8 1.7-67.6 9.9-93.9 36.1s-34.4 58-36.2 93.9c-2.1 37-2.1 147.9 0 184.9 1.7 35.9 9.9 67.7 36.2 93.9s58 34.4 93.9 36.2c37 2.1 147.9 2.1 184.9 0 35.9-1.7 67.7-9.9 93.9-36.2 26.2-26.2 34.4-58 36.2-93.9 2.1-37 2.1-147.8 0-184.8zM398.8 388c-7.8 19.6-22.9 34.7-42.6 42.6-29.5 11.7-99.5 9-132.1 9s-102.7 2.6-132.1-9c-19.6-7.8-34.7-22.9-42.6-42.6-11.7-29.5-9-99.5-9-132.1s-2.6-102.7 9-132.1c7.8-19.6 22.9-34.7 42.6-42.6 29.5-11.7 99.5-9 132.1-9s102.7-2.6 132.1 9c19.6 7.8 34.7 22.9 42.6 42.6 11.7 29.5 9 99.5 9 132.1s2.7 102.7-9 132.1z\"><\/path><\/svg>\t\t\t\t\t<\/a>\n\t\t\t\t<\/span>\n\t\t\t\t\t<\/div>\n\t\t\t\t\t\t<\/div>\n\t\t\t\t<\/div>\n\t\t\t\t<\/div>\n\t\t\t\t<div class=\"elementor-element elementor-element-9762840 elementor-widget elementor-widget-spacer\" data-id=\"9762840\" data-element_type=\"widget\" data-widget_type=\"spacer.default\">\n\t\t\t\t<div class=\"elementor-widget-container\">\n\t\t\t\t\t\t\t<div class=\"elementor-spacer\">\n\t\t\t<div class=\"elementor-spacer-inner\"><\/div>\n\t\t<\/div>\n\t\t\t\t\t\t<\/div>\n\t\t\t\t<\/div>\n\t\t\t\t<div class=\"elementor-element elementor-element-e06b6a5 elementor-widget elementor-widget-text-editor\" data-id=\"e06b6a5\" data-element_type=\"widget\" data-widget_type=\"text-editor.default\">\n\t\t\t\t<div class=\"elementor-widget-container\">\n\t\t\t\t\t\t\t\t\t<p data-start=\"44\" data-end=\"371\">Salut ! Je suis Gautier, fondateur de MilPrep, sp\u00e9cialiste de la perte de poids, entra\u00eeneur personnel et enseignant dans l&rsquo;\u00e2me. Mon propre parcours a commenc\u00e9 par une lutte \u00e0 laquelle beaucoup de gens peuvent s&rsquo;identifier : de 100 kg \u00e0 60 kg, retour \u00e0 100 kg&#8230; pour finalement inverser la tendance. Plus d&rsquo;effet yo-yo, mais des r\u00e9sultats durables, avec la possibilit\u00e9 de continuer \u00e0 profiter de la vie.<\/p><p data-start=\"373\" data-end=\"705\">L&rsquo;inspiration pour cr\u00e9er MilPrep est venue de mon fr\u00e8re. Il r\u00eavait de rejoindre l&rsquo;arm\u00e9e, et j&rsquo;ai pris sur moi de le pr\u00e9parer physiquement et mentalement. Gr\u00e2ce \u00e0 mon expertise <em data-start=\"549\" data-end=\"554\">et<\/em> \u00e0 sa pers\u00e9v\u00e9rance acharn\u00e9e (ce que j&rsquo;attends de tous mes clients), il a atteint son objectif. C&rsquo;est \u00e0 ce moment-l\u00e0 que j&rsquo;ai r\u00e9alis\u00e9 : c&rsquo;est ce que je veux faire.<\/p>\t\t\t\t\t\t\t\t<\/div>\n\t\t\t\t<\/div>\n\t\t\t\t<div class=\"elementor-element elementor-element-5edd845 elementor-widget elementor-widget-text-editor\" data-id=\"5edd845\" data-element_type=\"widget\" data-widget_type=\"text-editor.default\">\n\t\t\t\t<div class=\"elementor-widget-container\">\n\t\t\t\t\t\t\t\t\t<p data-start=\"707\" data-end=\"976\">Avec une licence en sciences de l&rsquo;\u00e9ducation et un certificat d&rsquo;entra\u00eeneur personnel, je combine ma passion pour l&rsquo;enseignement avec mon exp\u00e9rience dans le sport et la nutrition. Je crois qu&rsquo;un v\u00e9ritable changement commence par la compr\u00e9hension de ce que vous faites, et c&rsquo;est pr\u00e9cis\u00e9ment l\u00e0 que je veux vous aider.<\/p><p data-start=\"978\" data-end=\"1308\">Je sais \u00e0 quel point la vie peut \u00eatre charg\u00e9e. Je combine moi-m\u00eame mon travail dans l&rsquo;enseignement secondaire avec des \u00e9tudes en cours <em data-start=\"1076\" data-end=\"1081\">et<\/em> un style de vie actif. C&rsquo;est pourquoi je suis toujours \u00e0 la recherche de moyens efficaces d&rsquo;obtenir des r\u00e9sultats : des s\u00e9ances d&rsquo;entra\u00eenement courtes et puissantes qui s&rsquo;int\u00e8grent dans un emploi du temps charg\u00e9, bas\u00e9es sur cinq \u00e9l\u00e9ments essentiels. Pas de temps perdu \u00e0 la salle de sport, juste un maximum de progr\u00e8s.<\/p><p data-start=\"1310\" data-end=\"1389\">Pr\u00eat \u00e0 tirer le meilleur de vous-m\u00eame ? Alors MilPrep est l&rsquo;endroit id\u00e9al pour vous.<\/p>\t\t\t\t\t\t\t\t<\/div>\n\t\t\t\t<\/div>\n\t\t\t\t<\/div>\n\t\t\t\t\t<\/div>\n\t\t\t\t<\/div>\n\t\t\t\t<\/div>\n\t\t","protected":false},"excerpt":{"rendered":"<p>Gautier Jonckheere Co-fondateur | Entra\u00eeneur Facebook-f Linkedin Instagram Salut ! Je suis Gautier, fondateur de MilPrep, sp\u00e9cialiste de la perte de poids, entra\u00eeneur personnel et enseignant dans l&rsquo;\u00e2me. Mon propre parcours a commenc\u00e9 par une lutte \u00e0 laquelle beaucoup de gens peuvent s&rsquo;identifier : de 100 kg \u00e0 60 kg, retour \u00e0 100 kg&#8230; pour<span class=\"more-dots\">&#8230;<\/span><\/p>\n","protected":false},"author":1,"featured_media":0,"parent":0,"menu_order":0,"comment_status":"closed","ping_status":"closed","template":"page-templates\/full-width.php","meta":{"footnotes":""},"class_list":["post-5065","page","type-page","status-publish","hentry"],"yoast_head":"<!-- This site is optimized with the Yoast SEO plugin v26.6 - https:\/\/yoast.com\/wordpress\/plugins\/seo\/ -->\n<title>gautierj - Milprep<\/title>\n<meta name=\"robots\" content=\"index, follow, max-snippet:-1, max-image-preview:large, max-video-preview:-1\" \/>\n<link rel=\"canonical\" href=\"https:\/\/milprep.eu\/fr\/gautierj\/\" \/>\n<meta property=\"og:locale\" content=\"fr_FR\" \/>\n<meta property=\"og:type\" content=\"article\" \/>\n<meta property=\"og:title\" content=\"gautierj - Milprep\" \/>\n<meta property=\"og:description\" content=\"Gautier Jonckheere Co-fondateur | Entra\u00eeneur Facebook-f Linkedin Instagram Salut ! Je suis Gautier, fondateur de MilPrep, sp\u00e9cialiste de la perte de poids, entra\u00eeneur personnel et enseignant dans l&rsquo;\u00e2me. Mon propre parcours a commenc\u00e9 par une lutte \u00e0 laquelle beaucoup de gens peuvent s&rsquo;identifier : de 100 kg \u00e0 60 kg, retour \u00e0 100 kg&#8230; pour...\" \/>\n<meta property=\"og:url\" content=\"https:\/\/milprep.eu\/fr\/gautierj\/\" \/>\n<meta property=\"og:site_name\" content=\"Milprep\" \/>\n<meta property=\"article:publisher\" content=\"https:\/\/www.facebook.com\/milprep.eu\/\" \/>\n<meta property=\"article:modified_time\" content=\"2025-12-21T11:12:48+00:00\" \/>\n<meta property=\"og:image\" content=\"https:\/\/milprep.eu\/wp-content\/uploads\/2025\/12\/foto_milprep-removebg-preview.png\" \/>\n\t<meta property=\"og:image:width\" content=\"432\" \/>\n\t<meta property=\"og:image:height\" content=\"577\" \/>\n\t<meta property=\"og:image:type\" content=\"image\/png\" \/>\n<meta name=\"twitter:card\" content=\"summary_large_image\" \/>\n<meta name=\"twitter:label1\" content=\"Dur\u00e9e de lecture estim\u00e9e\" \/>\n\t<meta name=\"twitter:data1\" content=\"1 minute\" \/>\n<script type=\"application\/ld+json\" class=\"yoast-schema-graph\">{\"@context\":\"https:\/\/schema.org\",\"@graph\":[{\"@type\":\"WebPage\",\"@id\":\"https:\/\/milprep.eu\/fr\/gautierj\/\",\"url\":\"https:\/\/milprep.eu\/fr\/gautierj\/\",\"name\":\"gautierj - Milprep\",\"isPartOf\":{\"@id\":\"https:\/\/milprep.eu\/fr\/#website\"},\"primaryImageOfPage\":{\"@id\":\"https:\/\/milprep.eu\/fr\/gautierj\/#primaryimage\"},\"image\":{\"@id\":\"https:\/\/milprep.eu\/fr\/gautierj\/#primaryimage\"},\"thumbnailUrl\":\"https:\/\/milprep.eu\/wp-content\/uploads\/2025\/12\/foto_milprep-removebg-preview.png\",\"datePublished\":\"2025-07-12T13:40:25+00:00\",\"dateModified\":\"2025-12-21T11:12:48+00:00\",\"breadcrumb\":{\"@id\":\"https:\/\/milprep.eu\/fr\/gautierj\/#breadcrumb\"},\"inLanguage\":\"fr-FR\",\"potentialAction\":[{\"@type\":\"ReadAction\",\"target\":[\"https:\/\/milprep.eu\/fr\/gautierj\/\"]}]},{\"@type\":\"ImageObject\",\"inLanguage\":\"fr-FR\",\"@id\":\"https:\/\/milprep.eu\/fr\/gautierj\/#primaryimage\",\"url\":\"https:\/\/milprep.eu\/wp-content\/uploads\/2025\/12\/foto_milprep-removebg-preview.png\",\"contentUrl\":\"https:\/\/milprep.eu\/wp-content\/uploads\/2025\/12\/foto_milprep-removebg-preview.png\"},{\"@type\":\"BreadcrumbList\",\"@id\":\"https:\/\/milprep.eu\/fr\/gautierj\/#breadcrumb\",\"itemListElement\":[{\"@type\":\"ListItem\",\"position\":1,\"name\":\"Homepage\",\"item\":\"https:\/\/milprep.eu\/fr\/\"},{\"@type\":\"ListItem\",\"position\":2,\"name\":\"gautierj\"}]},{\"@type\":\"WebSite\",\"@id\":\"https:\/\/milprep.eu\/fr\/#website\",\"url\":\"https:\/\/milprep.eu\/fr\/\",\"name\":\"Milprep\",\"description\":\"Be Prepared\",\"publisher\":{\"@id\":\"https:\/\/milprep.eu\/fr\/#organization\"},\"potentialAction\":[{\"@type\":\"SearchAction\",\"target\":{\"@type\":\"EntryPoint\",\"urlTemplate\":\"https:\/\/milprep.eu\/fr\/?s={search_term_string}\"},\"query-input\":{\"@type\":\"PropertyValueSpecification\",\"valueRequired\":true,\"valueName\":\"search_term_string\"}}],\"inLanguage\":\"fr-FR\"},{\"@type\":\"Organization\",\"@id\":\"https:\/\/milprep.eu\/fr\/#organization\",\"name\":\"Milprep\",\"url\":\"https:\/\/milprep.eu\/fr\/\",\"logo\":{\"@type\":\"ImageObject\",\"inLanguage\":\"fr-FR\",\"@id\":\"https:\/\/milprep.eu\/fr\/#\/schema\/logo\/image\/\",\"url\":\"https:\/\/milprep.eu\/wp-content\/uploads\/2025\/04\/cropped-mill5-removebg.png\",\"contentUrl\":\"https:\/\/milprep.eu\/wp-content\/uploads\/2025\/04\/cropped-mill5-removebg.png\",\"width\":1073,\"height\":1202,\"caption\":\"Milprep\"},\"image\":{\"@id\":\"https:\/\/milprep.eu\/fr\/#\/schema\/logo\/image\/\"},\"sameAs\":[\"https:\/\/www.facebook.com\/milprep.eu\/\",\"https:\/\/www.instagram.com\/milprep.eu\/\"]}]}<\/script>\n<!-- \/ Yoast SEO plugin. -->","yoast_head_json":{"title":"gautierj - Milprep","robots":{"index":"index","follow":"follow","max-snippet":"max-snippet:-1","max-image-preview":"max-image-preview:large","max-video-preview":"max-video-preview:-1"},"canonical":"https:\/\/milprep.eu\/fr\/gautierj\/","og_locale":"fr_FR","og_type":"article","og_title":"gautierj - Milprep","og_description":"Gautier Jonckheere Co-fondateur | Entra\u00eeneur Facebook-f Linkedin Instagram Salut ! Je suis Gautier, fondateur de MilPrep, sp\u00e9cialiste de la perte de poids, entra\u00eeneur personnel et enseignant dans l&rsquo;\u00e2me. Mon propre parcours a commenc\u00e9 par une lutte \u00e0 laquelle beaucoup de gens peuvent s&rsquo;identifier : de 100 kg \u00e0 60 kg, retour \u00e0 100 kg&#8230; pour...","og_url":"https:\/\/milprep.eu\/fr\/gautierj\/","og_site_name":"Milprep","article_publisher":"https:\/\/www.facebook.com\/milprep.eu\/","article_modified_time":"2025-12-21T11:12:48+00:00","og_image":[{"width":432,"height":577,"url":"https:\/\/milprep.eu\/wp-content\/uploads\/2025\/12\/foto_milprep-removebg-preview.png","type":"image\/png"}],"twitter_card":"summary_large_image","twitter_misc":{"Dur\u00e9e de lecture estim\u00e9e":"1 minute"},"schema":{"@context":"https:\/\/schema.org","@graph":[{"@type":"WebPage","@id":"https:\/\/milprep.eu\/fr\/gautierj\/","url":"https:\/\/milprep.eu\/fr\/gautierj\/","name":"gautierj - Milprep","isPartOf":{"@id":"https:\/\/milprep.eu\/fr\/#website"},"primaryImageOfPage":{"@id":"https:\/\/milprep.eu\/fr\/gautierj\/#primaryimage"},"image":{"@id":"https:\/\/milprep.eu\/fr\/gautierj\/#primaryimage"},"thumbnailUrl":"https:\/\/milprep.eu\/wp-content\/uploads\/2025\/12\/foto_milprep-removebg-preview.png","datePublished":"2025-07-12T13:40:25+00:00","dateModified":"2025-12-21T11:12:48+00:00","breadcrumb":{"@id":"https:\/\/milprep.eu\/fr\/gautierj\/#breadcrumb"},"inLanguage":"fr-FR","potentialAction":[{"@type":"ReadAction","target":["https:\/\/milprep.eu\/fr\/gautierj\/"]}]},{"@type":"ImageObject","inLanguage":"fr-FR","@id":"https:\/\/milprep.eu\/fr\/gautierj\/#primaryimage","url":"https:\/\/milprep.eu\/wp-content\/uploads\/2025\/12\/foto_milprep-removebg-preview.png","contentUrl":"https:\/\/milprep.eu\/wp-content\/uploads\/2025\/12\/foto_milprep-removebg-preview.png"},{"@type":"BreadcrumbList","@id":"https:\/\/milprep.eu\/fr\/gautierj\/#breadcrumb","itemListElement":[{"@type":"ListItem","position":1,"name":"Homepage","item":"https:\/\/milprep.eu\/fr\/"},{"@type":"ListItem","position":2,"name":"gautierj"}]},{"@type":"WebSite","@id":"https:\/\/milprep.eu\/fr\/#website","url":"https:\/\/milprep.eu\/fr\/","name":"Milprep","description":"Be Prepared","publisher":{"@id":"https:\/\/milprep.eu\/fr\/#organization"},"potentialAction":[{"@type":"SearchAction","target":{"@type":"EntryPoint","urlTemplate":"https:\/\/milprep.eu\/fr\/?s={search_term_string}"},"query-input":{"@type":"PropertyValueSpecification","valueRequired":true,"valueName":"search_term_string"}}],"inLanguage":"fr-FR"},{"@type":"Organization","@id":"https:\/\/milprep.eu\/fr\/#organization","name":"Milprep","url":"https:\/\/milprep.eu\/fr\/","logo":{"@type":"ImageObject","inLanguage":"fr-FR","@id":"https:\/\/milprep.eu\/fr\/#\/schema\/logo\/image\/","url":"https:\/\/milprep.eu\/wp-content\/uploads\/2025\/04\/cropped-mill5-removebg.png","contentUrl":"https:\/\/milprep.eu\/wp-content\/uploads\/2025\/04\/cropped-mill5-removebg.png","width":1073,"height":1202,"caption":"Milprep"},"image":{"@id":"https:\/\/milprep.eu\/fr\/#\/schema\/logo\/image\/"},"sameAs":["https:\/\/www.facebook.com\/milprep.eu\/","https:\/\/www.instagram.com\/milprep.eu\/"]}]}},"_links":{"self":[{"href":"https:\/\/milprep.eu\/fr\/wp-json\/wp\/v2\/pages\/5065","targetHints":{"allow":["GET"]}}],"collection":[{"href":"https:\/\/milprep.eu\/fr\/wp-json\/wp\/v2\/pages"}],"about":[{"href":"https:\/\/milprep.eu\/fr\/wp-json\/wp\/v2\/types\/page"}],"author":[{"embeddable":true,"href":"https:\/\/milprep.eu\/fr\/wp-json\/wp\/v2\/users\/1"}],"replies":[{"embeddable":true,"href":"https:\/\/milprep.eu\/fr\/wp-json\/wp\/v2\/comments?post=5065"}],"version-history":[{"count":1,"href":"https:\/\/milprep.eu\/fr\/wp-json\/wp\/v2\/pages\/5065\/revisions"}],"predecessor-version":[{"id":5067,"href":"https:\/\/milprep.eu\/fr\/wp-json\/wp\/v2\/pages\/5065\/revisions\/5067"}],"wp:attachment":[{"href":"https:\/\/milprep.eu\/fr\/wp-json\/wp\/v2\/media?parent=5065"}],"curies":[{"name":"wp","href":"https:\/\/api.w.org\/{rel}","templated":true}]}}