{"id":5132,"date":"2025-12-14T18:13:08","date_gmt":"2025-12-14T18:13:08","guid":{"rendered":"https:\/\/milprep.eu\/product\/xplode-pre-workout\/"},"modified":"2025-12-14T18:13:08","modified_gmt":"2025-12-14T18:13:08","slug":"xplode-pre-workout","status":"publish","type":"product","link":"https:\/\/milprep.eu\/fr\/produit\/xplode-pre-workout\/","title":{"rendered":"Xplode Pre-Workout"},"content":{"rendered":"<p data-start=\"225\" data-end=\"293\"><strong data-start=\"225\" data-end=\"293\">Xplode Pre-Workout \u2013 \u00c9nergie explosive, concentration laser, z\u00e9ro excuse<\/strong><\/p>\n<p data-start=\"295\" data-end=\"630\">Dominez chaque session avec <strong data-start=\"323\" data-end=\"345\">Xplode Pre-Workout<\/strong> \u2014 une formule \u00e0 fort impact con\u00e7ue pour fournir une <strong data-start=\"390\" data-end=\"410\">\u00e9nergie explosive<\/strong>, une <strong data-start=\"412\" data-end=\"435\">circulation sanguine am\u00e9lior\u00e9e<\/strong> et une <strong data-start=\"441\" data-end=\"464\">concentration \u00e0 toute \u00e9preuve<\/strong> quand cela compte le plus. Que vous alliez \u00e0 la salle de sport, sur la piste ou que vous vous pr\u00e9pariez \u00e0 des tests militaires, Xplode vous met dans la zone et vous permet de repousser vos limites, plus longtemps.<\/p>\n<p data-start=\"632\" data-end=\"804\">Rempli d&rsquo;<strong data-start=\"644\" data-end=\"680\">ingr\u00e9dients stimulant la performance<\/strong> comme la caf\u00e9ine, la b\u00eata-alanine, la citrulline et des exhausteurs de concentration, ce pre-workout vous aide \u00e0 d\u00e9passer les limites \u2014 et pas seulement \u00e0 les atteindre.<\/p>\n<p data-start=\"806\" data-end=\"1004\">\u2713 \u00c9nergie intense et motivation en quelques minutes<br data-start=\"852\" data-end=\"855\">\u2713 Favorise la circulation sanguine et la congestion musculaire<br data-start=\"892\" data-end=\"895\">\u2713 Am\u00e9liore la concentration et le temps de r\u00e9action<br data-start=\"929\" data-end=\"932\">\u2713 Soutient l&rsquo;endurance et la performance<br data-start=\"968\" data-end=\"971\">\u2713 Bon go\u00fbt \u2013 se m\u00e9lange instantan\u00e9ment<\/p>\n<p data-start=\"1006\" data-end=\"1050\">Entra\u00eenez-vous comme si c&rsquo;\u00e9tait le test final \u2014 \u00e0 chaque fois.<\/p>\n","protected":false},"excerpt":{"rendered":"<p>Xplode Pre-Workout \u2013 \u00c9nergie explosive, concentration laser, z\u00e9ro excuse Dominez chaque session avec Xplode Pre-Workout \u2014 une formule \u00e0 fort impact con\u00e7ue pour fournir une \u00e9nergie explosive, une circulation sanguine am\u00e9lior\u00e9e et une concentration \u00e0 toute \u00e9preuve quand cela compte le plus. Que vous alliez \u00e0 la salle de sport, sur la piste ou que<span class=\"more-dots\">&#8230;<\/span><\/p>\n","protected":false},"featured_media":4940,"comment_status":"open","ping_status":"closed","template":"","meta":[],"product_brand":[],"product_cat":[81],"product_tag":[],"class_list":{"0":"post-5132","1":"product","2":"type-product","3":"status-publish","4":"has-post-thumbnail","6":"product_cat-pre-workout","8":"first","9":"instock","10":"sale","11":"shipping-taxable","12":"purchasable","13":"product-type-simple"},"yoast_head":"<!-- This site is optimized with the Yoast SEO plugin v26.6 - https:\/\/yoast.com\/wordpress\/plugins\/seo\/ -->\n<title>Xplode Pre-Workout - Milprep<\/title>\n<meta name=\"description\" content=\"Xplode Pre-Workout offre une \u00e9nergie explosive, une concentration accrue et une congestion musculaire \u2013 parfait pour un entra\u00eenement intense ou une performance militaire. Pas de coup de fatigue, juste des r\u00e9sultats.\" \/>\n<meta name=\"robots\" content=\"index, follow, max-snippet:-1, max-image-preview:large, max-video-preview:-1\" \/>\n<link rel=\"canonical\" href=\"https:\/\/milprep.eu\/fr\/produit\/xplode-pre-workout\/\" \/>\n<meta property=\"og:locale\" content=\"fr_FR\" \/>\n<meta property=\"og:type\" content=\"article\" \/>\n<meta property=\"og:title\" content=\"Xplode Pre-Workout - Milprep\" \/>\n<meta property=\"og:description\" content=\"Xplode Pre-Workout offre une \u00e9nergie explosive, une concentration accrue et une congestion musculaire \u2013 parfait pour un entra\u00eenement intense ou une performance militaire. Pas de coup de fatigue, juste des r\u00e9sultats.\" \/>\n<meta property=\"og:url\" content=\"https:\/\/milprep.eu\/fr\/produit\/xplode-pre-workout\/\" \/>\n<meta property=\"og:site_name\" content=\"Milprep\" \/>\n<meta property=\"article:publisher\" content=\"https:\/\/www.facebook.com\/milprep.eu\/\" \/>\n<meta property=\"og:image\" content=\"https:\/\/milprep.eu\/wp-content\/uploads\/2025\/12\/Xplode20Pre-Workout.webp\" \/>\n\t<meta property=\"og:image:width\" content=\"640\" \/>\n\t<meta property=\"og:image:height\" content=\"640\" \/>\n\t<meta property=\"og:image:type\" content=\"image\/webp\" \/>\n<meta name=\"twitter:card\" content=\"summary_large_image\" \/>\n<meta name=\"twitter:label1\" content=\"Dur\u00e9e de lecture estim\u00e9e\" \/>\n\t<meta name=\"twitter:data1\" content=\"1 minute\" \/>\n<script type=\"application\/ld+json\" class=\"yoast-schema-graph\">{\"@context\":\"https:\/\/schema.org\",\"@graph\":[{\"@type\":\"WebPage\",\"@id\":\"https:\/\/milprep.eu\/fr\/produit\/xplode-pre-workout\/\",\"url\":\"https:\/\/milprep.eu\/fr\/produit\/xplode-pre-workout\/\",\"name\":\"Xplode Pre-Workout - Milprep\",\"isPartOf\":{\"@id\":\"https:\/\/milprep.eu\/fr\/#website\"},\"primaryImageOfPage\":{\"@id\":\"https:\/\/milprep.eu\/fr\/produit\/xplode-pre-workout\/#primaryimage\"},\"image\":{\"@id\":\"https:\/\/milprep.eu\/fr\/produit\/xplode-pre-workout\/#primaryimage\"},\"thumbnailUrl\":\"https:\/\/milprep.eu\/wp-content\/uploads\/2025\/12\/Xplode20Pre-Workout.webp\",\"datePublished\":\"2025-12-14T18:13:08+00:00\",\"description\":\"Xplode Pre-Workout offre une \u00e9nergie explosive, une concentration accrue et une congestion musculaire \u2013 parfait pour un entra\u00eenement intense ou une performance militaire. Pas de coup de fatigue, juste des r\u00e9sultats.\",\"breadcrumb\":{\"@id\":\"https:\/\/milprep.eu\/fr\/produit\/xplode-pre-workout\/#breadcrumb\"},\"inLanguage\":\"fr-FR\",\"potentialAction\":[{\"@type\":\"ReadAction\",\"target\":[\"https:\/\/milprep.eu\/fr\/produit\/xplode-pre-workout\/\"]}]},{\"@type\":\"ImageObject\",\"inLanguage\":\"fr-FR\",\"@id\":\"https:\/\/milprep.eu\/fr\/produit\/xplode-pre-workout\/#primaryimage\",\"url\":\"https:\/\/milprep.eu\/wp-content\/uploads\/2025\/12\/Xplode20Pre-Workout.webp\",\"contentUrl\":\"https:\/\/milprep.eu\/wp-content\/uploads\/2025\/12\/Xplode20Pre-Workout.webp\",\"width\":640,\"height\":640},{\"@type\":\"BreadcrumbList\",\"@id\":\"https:\/\/milprep.eu\/fr\/produit\/xplode-pre-workout\/#breadcrumb\",\"itemListElement\":[{\"@type\":\"ListItem\",\"position\":1,\"name\":\"Homepage\",\"item\":\"https:\/\/milprep.eu\/fr\/\"},{\"@type\":\"ListItem\",\"position\":2,\"name\":\"Boutique\",\"item\":\"https:\/\/milprep.eu\/fr\/boutique\/\"},{\"@type\":\"ListItem\",\"position\":3,\"name\":\"Xplode Pre-Workout\"}]},{\"@type\":\"WebSite\",\"@id\":\"https:\/\/milprep.eu\/fr\/#website\",\"url\":\"https:\/\/milprep.eu\/fr\/\",\"name\":\"Milprep\",\"description\":\"Be Prepared\",\"publisher\":{\"@id\":\"https:\/\/milprep.eu\/fr\/#organization\"},\"potentialAction\":[{\"@type\":\"SearchAction\",\"target\":{\"@type\":\"EntryPoint\",\"urlTemplate\":\"https:\/\/milprep.eu\/fr\/?s={search_term_string}\"},\"query-input\":{\"@type\":\"PropertyValueSpecification\",\"valueRequired\":true,\"valueName\":\"search_term_string\"}}],\"inLanguage\":\"fr-FR\"},{\"@type\":\"Organization\",\"@id\":\"https:\/\/milprep.eu\/fr\/#organization\",\"name\":\"Milprep\",\"url\":\"https:\/\/milprep.eu\/fr\/\",\"logo\":{\"@type\":\"ImageObject\",\"inLanguage\":\"fr-FR\",\"@id\":\"https:\/\/milprep.eu\/fr\/#\/schema\/logo\/image\/\",\"url\":\"https:\/\/milprep.eu\/wp-content\/uploads\/2025\/04\/cropped-mill5-removebg.png\",\"contentUrl\":\"https:\/\/milprep.eu\/wp-content\/uploads\/2025\/04\/cropped-mill5-removebg.png\",\"width\":1073,\"height\":1202,\"caption\":\"Milprep\"},\"image\":{\"@id\":\"https:\/\/milprep.eu\/fr\/#\/schema\/logo\/image\/\"},\"sameAs\":[\"https:\/\/www.facebook.com\/milprep.eu\/\",\"https:\/\/www.instagram.com\/milprep.eu\/\"]}]}<\/script>\n<!-- \/ Yoast SEO plugin. -->","yoast_head_json":{"title":"Xplode Pre-Workout - Milprep","description":"Xplode Pre-Workout offre une \u00e9nergie explosive, une concentration accrue et une congestion musculaire \u2013 parfait pour un entra\u00eenement intense ou une performance militaire. Pas de coup de fatigue, juste des r\u00e9sultats.","robots":{"index":"index","follow":"follow","max-snippet":"max-snippet:-1","max-image-preview":"max-image-preview:large","max-video-preview":"max-video-preview:-1"},"canonical":"https:\/\/milprep.eu\/fr\/produit\/xplode-pre-workout\/","og_locale":"fr_FR","og_type":"article","og_title":"Xplode Pre-Workout - Milprep","og_description":"Xplode Pre-Workout offre une \u00e9nergie explosive, une concentration accrue et une congestion musculaire \u2013 parfait pour un entra\u00eenement intense ou une performance militaire. Pas de coup de fatigue, juste des r\u00e9sultats.","og_url":"https:\/\/milprep.eu\/fr\/produit\/xplode-pre-workout\/","og_site_name":"Milprep","article_publisher":"https:\/\/www.facebook.com\/milprep.eu\/","og_image":[{"width":640,"height":640,"url":"https:\/\/milprep.eu\/wp-content\/uploads\/2025\/12\/Xplode20Pre-Workout.webp","type":"image\/webp"}],"twitter_card":"summary_large_image","twitter_misc":{"Dur\u00e9e de lecture estim\u00e9e":"1 minute"},"schema":{"@context":"https:\/\/schema.org","@graph":[{"@type":"WebPage","@id":"https:\/\/milprep.eu\/fr\/produit\/xplode-pre-workout\/","url":"https:\/\/milprep.eu\/fr\/produit\/xplode-pre-workout\/","name":"Xplode Pre-Workout - Milprep","isPartOf":{"@id":"https:\/\/milprep.eu\/fr\/#website"},"primaryImageOfPage":{"@id":"https:\/\/milprep.eu\/fr\/produit\/xplode-pre-workout\/#primaryimage"},"image":{"@id":"https:\/\/milprep.eu\/fr\/produit\/xplode-pre-workout\/#primaryimage"},"thumbnailUrl":"https:\/\/milprep.eu\/wp-content\/uploads\/2025\/12\/Xplode20Pre-Workout.webp","datePublished":"2025-12-14T18:13:08+00:00","description":"Xplode Pre-Workout offre une \u00e9nergie explosive, une concentration accrue et une congestion musculaire \u2013 parfait pour un entra\u00eenement intense ou une performance militaire. Pas de coup de fatigue, juste des r\u00e9sultats.","breadcrumb":{"@id":"https:\/\/milprep.eu\/fr\/produit\/xplode-pre-workout\/#breadcrumb"},"inLanguage":"fr-FR","potentialAction":[{"@type":"ReadAction","target":["https:\/\/milprep.eu\/fr\/produit\/xplode-pre-workout\/"]}]},{"@type":"ImageObject","inLanguage":"fr-FR","@id":"https:\/\/milprep.eu\/fr\/produit\/xplode-pre-workout\/#primaryimage","url":"https:\/\/milprep.eu\/wp-content\/uploads\/2025\/12\/Xplode20Pre-Workout.webp","contentUrl":"https:\/\/milprep.eu\/wp-content\/uploads\/2025\/12\/Xplode20Pre-Workout.webp","width":640,"height":640},{"@type":"BreadcrumbList","@id":"https:\/\/milprep.eu\/fr\/produit\/xplode-pre-workout\/#breadcrumb","itemListElement":[{"@type":"ListItem","position":1,"name":"Homepage","item":"https:\/\/milprep.eu\/fr\/"},{"@type":"ListItem","position":2,"name":"Boutique","item":"https:\/\/milprep.eu\/fr\/boutique\/"},{"@type":"ListItem","position":3,"name":"Xplode Pre-Workout"}]},{"@type":"WebSite","@id":"https:\/\/milprep.eu\/fr\/#website","url":"https:\/\/milprep.eu\/fr\/","name":"Milprep","description":"Be Prepared","publisher":{"@id":"https:\/\/milprep.eu\/fr\/#organization"},"potentialAction":[{"@type":"SearchAction","target":{"@type":"EntryPoint","urlTemplate":"https:\/\/milprep.eu\/fr\/?s={search_term_string}"},"query-input":{"@type":"PropertyValueSpecification","valueRequired":true,"valueName":"search_term_string"}}],"inLanguage":"fr-FR"},{"@type":"Organization","@id":"https:\/\/milprep.eu\/fr\/#organization","name":"Milprep","url":"https:\/\/milprep.eu\/fr\/","logo":{"@type":"ImageObject","inLanguage":"fr-FR","@id":"https:\/\/milprep.eu\/fr\/#\/schema\/logo\/image\/","url":"https:\/\/milprep.eu\/wp-content\/uploads\/2025\/04\/cropped-mill5-removebg.png","contentUrl":"https:\/\/milprep.eu\/wp-content\/uploads\/2025\/04\/cropped-mill5-removebg.png","width":1073,"height":1202,"caption":"Milprep"},"image":{"@id":"https:\/\/milprep.eu\/fr\/#\/schema\/logo\/image\/"},"sameAs":["https:\/\/www.facebook.com\/milprep.eu\/","https:\/\/www.instagram.com\/milprep.eu\/"]}]}},"_links":{"self":[{"href":"https:\/\/milprep.eu\/fr\/wp-json\/wp\/v2\/product\/5132","targetHints":{"allow":["GET"]}}],"collection":[{"href":"https:\/\/milprep.eu\/fr\/wp-json\/wp\/v2\/product"}],"about":[{"href":"https:\/\/milprep.eu\/fr\/wp-json\/wp\/v2\/types\/product"}],"replies":[{"embeddable":true,"href":"https:\/\/milprep.eu\/fr\/wp-json\/wp\/v2\/comments?post=5132"}],"wp:featuredmedia":[{"embeddable":true,"href":"https:\/\/milprep.eu\/fr\/wp-json\/wp\/v2\/media\/4940"}],"wp:attachment":[{"href":"https:\/\/milprep.eu\/fr\/wp-json\/wp\/v2\/media?parent=5132"}],"wp:term":[{"taxonomy":"product_brand","embeddable":true,"href":"https:\/\/milprep.eu\/fr\/wp-json\/wp\/v2\/product_brand?post=5132"},{"taxonomy":"product_cat","embeddable":true,"href":"https:\/\/milprep.eu\/fr\/wp-json\/wp\/v2\/product_cat?post=5132"},{"taxonomy":"product_tag","embeddable":true,"href":"https:\/\/milprep.eu\/fr\/wp-json\/wp\/v2\/product_tag?post=5132"}],"curies":[{"name":"wp","href":"https:\/\/api.w.org\/{rel}","templated":true}]}}