{"id":5136,"date":"2025-12-14T18:16:41","date_gmt":"2025-12-14T18:16:41","guid":{"rendered":"https:\/\/milprep.eu\/product\/blast-pre-workout\/"},"modified":"2025-12-14T18:16:41","modified_gmt":"2025-12-14T18:16:41","slug":"blast-pre-workout","status":"publish","type":"product","link":"https:\/\/milprep.eu\/fr\/produit\/blast-pre-workout\/","title":{"rendered":"Blast&nbsp;! Pre-Workout"},"content":{"rendered":"<p data-start=\"208\" data-end=\"286\"><strong data-start=\"208\" data-end=\"286\">Blast&nbsp;! Pre-Workout (sans caf\u00e9ine) \u2013 Concentration et congestion pures sans la nervosit\u00e9<\/strong><\/p>\n<p data-start=\"288\" data-end=\"500\">Vous voulez tous les avantages d&rsquo;un pre-workout, sans le coup de fatigue d\u00fb \u00e0 la caf\u00e9ine&nbsp;? <strong data-start=\"357\" data-end=\"393\">Blast&nbsp;! Pre-Workout sans caf\u00e9ine<\/strong> offre une performance propre et concentr\u00e9e et une congestion musculaire intense, sans surstimuler votre syst\u00e8me nerveux.<\/p>\n<p data-start=\"502\" data-end=\"780\">Formul\u00e9 avec des ingr\u00e9dients puissants comme le <strong data-start=\"544\" data-end=\"565\">malate de citrulline<\/strong>, la <strong data-start=\"567\" data-end=\"583\">b\u00ea-alanine<\/strong> et les <strong data-start=\"589\" data-end=\"612\">compos\u00e9s nootropiques<\/strong>, Blast&nbsp;! soutient <strong data-start=\"630\" data-end=\"675\">l&rsquo;endurance, la circulation sanguine et la clart\u00e9 mentale<\/strong>, ce qui le rend id\u00e9al pour l&rsquo;entra\u00eenement tard le soir, les personnes sensibles \u00e0 la caf\u00e9ine ou la superposition avec votre propre stimulant.<\/p>\n<p data-start=\"782\" data-end=\"1007\">\u2713 Sans caf\u00e9ine \u2013 pas de nervosit\u00e9, pas de coup de fatigue<br data-start=\"820\" data-end=\"823\">\u2713 Soutient la congestion, la concentration et l&rsquo;endurance musculaire<br data-start=\"869\" data-end=\"872\">\u2713 Parfait pour les s\u00e9ances d&rsquo;entra\u00eenement en soir\u00e9e ou les pauses de stimulation<br data-start=\"917\" data-end=\"920\">\u2713 Sans sucre, sans agents de remplissage inutiles<br data-start=\"954\" data-end=\"957\">\u2713 Formule propre \u2013 performance sans compromis<\/p>\n<p data-start=\"1009\" data-end=\"1075\">Entra\u00eenez-vous dur. Dormez bien. Soyez performant intelligemment \u2013 avec une puissance sans stimulant.<\/p>\n","protected":false},"excerpt":{"rendered":"<p>Blast&nbsp;! Pre-Workout (sans caf\u00e9ine) \u2013 Concentration et congestion pures sans la nervosit\u00e9 Vous voulez tous les avantages d&rsquo;un pre-workout, sans le coup de fatigue d\u00fb \u00e0 la caf\u00e9ine&nbsp;? Blast&nbsp;! Pre-Workout sans caf\u00e9ine offre une performance propre et concentr\u00e9e et une congestion musculaire intense, sans surstimuler votre syst\u00e8me nerveux. Formul\u00e9 avec des ingr\u00e9dients puissants comme le<span class=\"more-dots\">&#8230;<\/span><\/p>\n","protected":false},"featured_media":4976,"comment_status":"open","ping_status":"closed","template":"","meta":[],"product_brand":[],"product_cat":[81],"product_tag":[],"class_list":{"0":"post-5136","1":"product","2":"type-product","3":"status-publish","4":"has-post-thumbnail","6":"product_cat-pre-workout","8":"first","9":"instock","10":"sale","11":"shipping-taxable","12":"purchasable","13":"product-type-variable"},"yoast_head":"<!-- This site is optimized with the Yoast SEO plugin v26.6 - https:\/\/yoast.com\/wordpress\/plugins\/seo\/ -->\n<title>Blast&nbsp;! Pre-Workout - Milprep<\/title>\n<meta name=\"description\" content=\"Blast\u00a0! Pre-Workout (sans caf\u00e9ine) am\u00e9liore la congestion, la concentration et l&#039;endurance \u2013 sans nervosit\u00e9 ni coup de fatigue. Id\u00e9al pour les entra\u00eenements tardifs ou les personnes sensibles aux stimulants.\" \/>\n<meta name=\"robots\" content=\"index, follow, max-snippet:-1, max-image-preview:large, max-video-preview:-1\" \/>\n<link rel=\"canonical\" href=\"https:\/\/milprep.eu\/fr\/produit\/blast-pre-workout\/\" \/>\n<meta property=\"og:locale\" content=\"fr_FR\" \/>\n<meta property=\"og:type\" content=\"article\" \/>\n<meta property=\"og:title\" content=\"Blast&nbsp;! Pre-Workout - Milprep\" \/>\n<meta property=\"og:description\" content=\"Blast\u00a0! Pre-Workout (sans caf\u00e9ine) am\u00e9liore la congestion, la concentration et l&#039;endurance \u2013 sans nervosit\u00e9 ni coup de fatigue. Id\u00e9al pour les entra\u00eenements tardifs ou les personnes sensibles aux stimulants.\" \/>\n<meta property=\"og:url\" content=\"https:\/\/milprep.eu\/fr\/produit\/blast-pre-workout\/\" \/>\n<meta property=\"og:site_name\" content=\"Milprep\" \/>\n<meta property=\"article:publisher\" content=\"https:\/\/www.facebook.com\/milprep.eu\/\" \/>\n<meta property=\"og:image\" content=\"https:\/\/milprep.eu\/wp-content\/uploads\/2025\/12\/Blast20Pre20-20Punch28CafeAFnevrij20-20gram.webp\" \/>\n\t<meta property=\"og:image:width\" content=\"640\" \/>\n\t<meta property=\"og:image:height\" content=\"640\" \/>\n\t<meta property=\"og:image:type\" content=\"image\/webp\" \/>\n<meta name=\"twitter:card\" content=\"summary_large_image\" \/>\n<meta name=\"twitter:label1\" content=\"Dur\u00e9e de lecture estim\u00e9e\" \/>\n\t<meta name=\"twitter:data1\" content=\"1 minute\" \/>\n<script type=\"application\/ld+json\" class=\"yoast-schema-graph\">{\"@context\":\"https:\/\/schema.org\",\"@graph\":[{\"@type\":\"WebPage\",\"@id\":\"https:\/\/milprep.eu\/fr\/produit\/blast-pre-workout\/\",\"url\":\"https:\/\/milprep.eu\/fr\/produit\/blast-pre-workout\/\",\"name\":\"Blast&nbsp;! Pre-Workout - Milprep\",\"isPartOf\":{\"@id\":\"https:\/\/milprep.eu\/fr\/#website\"},\"primaryImageOfPage\":{\"@id\":\"https:\/\/milprep.eu\/fr\/produit\/blast-pre-workout\/#primaryimage\"},\"image\":{\"@id\":\"https:\/\/milprep.eu\/fr\/produit\/blast-pre-workout\/#primaryimage\"},\"thumbnailUrl\":\"https:\/\/milprep.eu\/wp-content\/uploads\/2025\/12\/Blast20Pre20-20Punch28CafeAFnevrij20-20gram.webp\",\"datePublished\":\"2025-12-14T18:16:41+00:00\",\"description\":\"Blast\u00a0! Pre-Workout (sans caf\u00e9ine) am\u00e9liore la congestion, la concentration et l'endurance \u2013 sans nervosit\u00e9 ni coup de fatigue. Id\u00e9al pour les entra\u00eenements tardifs ou les personnes sensibles aux stimulants.\",\"breadcrumb\":{\"@id\":\"https:\/\/milprep.eu\/fr\/produit\/blast-pre-workout\/#breadcrumb\"},\"inLanguage\":\"fr-FR\",\"potentialAction\":[{\"@type\":\"ReadAction\",\"target\":[\"https:\/\/milprep.eu\/fr\/produit\/blast-pre-workout\/\"]}]},{\"@type\":\"ImageObject\",\"inLanguage\":\"fr-FR\",\"@id\":\"https:\/\/milprep.eu\/fr\/produit\/blast-pre-workout\/#primaryimage\",\"url\":\"https:\/\/milprep.eu\/wp-content\/uploads\/2025\/12\/Blast20Pre20-20Punch28CafeAFnevrij20-20gram.webp\",\"contentUrl\":\"https:\/\/milprep.eu\/wp-content\/uploads\/2025\/12\/Blast20Pre20-20Punch28CafeAFnevrij20-20gram.webp\",\"width\":640,\"height\":640},{\"@type\":\"BreadcrumbList\",\"@id\":\"https:\/\/milprep.eu\/fr\/produit\/blast-pre-workout\/#breadcrumb\",\"itemListElement\":[{\"@type\":\"ListItem\",\"position\":1,\"name\":\"Homepage\",\"item\":\"https:\/\/milprep.eu\/fr\/\"},{\"@type\":\"ListItem\",\"position\":2,\"name\":\"Boutique\",\"item\":\"https:\/\/milprep.eu\/fr\/boutique\/\"},{\"@type\":\"ListItem\",\"position\":3,\"name\":\"Blast&nbsp;! Pre-Workout\"}]},{\"@type\":\"WebSite\",\"@id\":\"https:\/\/milprep.eu\/fr\/#website\",\"url\":\"https:\/\/milprep.eu\/fr\/\",\"name\":\"Milprep\",\"description\":\"Be Prepared\",\"publisher\":{\"@id\":\"https:\/\/milprep.eu\/fr\/#organization\"},\"potentialAction\":[{\"@type\":\"SearchAction\",\"target\":{\"@type\":\"EntryPoint\",\"urlTemplate\":\"https:\/\/milprep.eu\/fr\/?s={search_term_string}\"},\"query-input\":{\"@type\":\"PropertyValueSpecification\",\"valueRequired\":true,\"valueName\":\"search_term_string\"}}],\"inLanguage\":\"fr-FR\"},{\"@type\":\"Organization\",\"@id\":\"https:\/\/milprep.eu\/fr\/#organization\",\"name\":\"Milprep\",\"url\":\"https:\/\/milprep.eu\/fr\/\",\"logo\":{\"@type\":\"ImageObject\",\"inLanguage\":\"fr-FR\",\"@id\":\"https:\/\/milprep.eu\/fr\/#\/schema\/logo\/image\/\",\"url\":\"https:\/\/milprep.eu\/wp-content\/uploads\/2025\/04\/cropped-mill5-removebg.png\",\"contentUrl\":\"https:\/\/milprep.eu\/wp-content\/uploads\/2025\/04\/cropped-mill5-removebg.png\",\"width\":1073,\"height\":1202,\"caption\":\"Milprep\"},\"image\":{\"@id\":\"https:\/\/milprep.eu\/fr\/#\/schema\/logo\/image\/\"},\"sameAs\":[\"https:\/\/www.facebook.com\/milprep.eu\/\",\"https:\/\/www.instagram.com\/milprep.eu\/\"]}]}<\/script>\n<!-- \/ Yoast SEO plugin. -->","yoast_head_json":{"title":"Blast&nbsp;! Pre-Workout - Milprep","description":"Blast\u00a0! Pre-Workout (sans caf\u00e9ine) am\u00e9liore la congestion, la concentration et l'endurance \u2013 sans nervosit\u00e9 ni coup de fatigue. Id\u00e9al pour les entra\u00eenements tardifs ou les personnes sensibles aux stimulants.","robots":{"index":"index","follow":"follow","max-snippet":"max-snippet:-1","max-image-preview":"max-image-preview:large","max-video-preview":"max-video-preview:-1"},"canonical":"https:\/\/milprep.eu\/fr\/produit\/blast-pre-workout\/","og_locale":"fr_FR","og_type":"article","og_title":"Blast&nbsp;! Pre-Workout - Milprep","og_description":"Blast\u00a0! Pre-Workout (sans caf\u00e9ine) am\u00e9liore la congestion, la concentration et l'endurance \u2013 sans nervosit\u00e9 ni coup de fatigue. Id\u00e9al pour les entra\u00eenements tardifs ou les personnes sensibles aux stimulants.","og_url":"https:\/\/milprep.eu\/fr\/produit\/blast-pre-workout\/","og_site_name":"Milprep","article_publisher":"https:\/\/www.facebook.com\/milprep.eu\/","og_image":[{"width":640,"height":640,"url":"https:\/\/milprep.eu\/wp-content\/uploads\/2025\/12\/Blast20Pre20-20Punch28CafeAFnevrij20-20gram.webp","type":"image\/webp"}],"twitter_card":"summary_large_image","twitter_misc":{"Dur\u00e9e de lecture estim\u00e9e":"1 minute"},"schema":{"@context":"https:\/\/schema.org","@graph":[{"@type":"WebPage","@id":"https:\/\/milprep.eu\/fr\/produit\/blast-pre-workout\/","url":"https:\/\/milprep.eu\/fr\/produit\/blast-pre-workout\/","name":"Blast&nbsp;! Pre-Workout - Milprep","isPartOf":{"@id":"https:\/\/milprep.eu\/fr\/#website"},"primaryImageOfPage":{"@id":"https:\/\/milprep.eu\/fr\/produit\/blast-pre-workout\/#primaryimage"},"image":{"@id":"https:\/\/milprep.eu\/fr\/produit\/blast-pre-workout\/#primaryimage"},"thumbnailUrl":"https:\/\/milprep.eu\/wp-content\/uploads\/2025\/12\/Blast20Pre20-20Punch28CafeAFnevrij20-20gram.webp","datePublished":"2025-12-14T18:16:41+00:00","description":"Blast\u00a0! Pre-Workout (sans caf\u00e9ine) am\u00e9liore la congestion, la concentration et l'endurance \u2013 sans nervosit\u00e9 ni coup de fatigue. Id\u00e9al pour les entra\u00eenements tardifs ou les personnes sensibles aux stimulants.","breadcrumb":{"@id":"https:\/\/milprep.eu\/fr\/produit\/blast-pre-workout\/#breadcrumb"},"inLanguage":"fr-FR","potentialAction":[{"@type":"ReadAction","target":["https:\/\/milprep.eu\/fr\/produit\/blast-pre-workout\/"]}]},{"@type":"ImageObject","inLanguage":"fr-FR","@id":"https:\/\/milprep.eu\/fr\/produit\/blast-pre-workout\/#primaryimage","url":"https:\/\/milprep.eu\/wp-content\/uploads\/2025\/12\/Blast20Pre20-20Punch28CafeAFnevrij20-20gram.webp","contentUrl":"https:\/\/milprep.eu\/wp-content\/uploads\/2025\/12\/Blast20Pre20-20Punch28CafeAFnevrij20-20gram.webp","width":640,"height":640},{"@type":"BreadcrumbList","@id":"https:\/\/milprep.eu\/fr\/produit\/blast-pre-workout\/#breadcrumb","itemListElement":[{"@type":"ListItem","position":1,"name":"Homepage","item":"https:\/\/milprep.eu\/fr\/"},{"@type":"ListItem","position":2,"name":"Boutique","item":"https:\/\/milprep.eu\/fr\/boutique\/"},{"@type":"ListItem","position":3,"name":"Blast&nbsp;! Pre-Workout"}]},{"@type":"WebSite","@id":"https:\/\/milprep.eu\/fr\/#website","url":"https:\/\/milprep.eu\/fr\/","name":"Milprep","description":"Be Prepared","publisher":{"@id":"https:\/\/milprep.eu\/fr\/#organization"},"potentialAction":[{"@type":"SearchAction","target":{"@type":"EntryPoint","urlTemplate":"https:\/\/milprep.eu\/fr\/?s={search_term_string}"},"query-input":{"@type":"PropertyValueSpecification","valueRequired":true,"valueName":"search_term_string"}}],"inLanguage":"fr-FR"},{"@type":"Organization","@id":"https:\/\/milprep.eu\/fr\/#organization","name":"Milprep","url":"https:\/\/milprep.eu\/fr\/","logo":{"@type":"ImageObject","inLanguage":"fr-FR","@id":"https:\/\/milprep.eu\/fr\/#\/schema\/logo\/image\/","url":"https:\/\/milprep.eu\/wp-content\/uploads\/2025\/04\/cropped-mill5-removebg.png","contentUrl":"https:\/\/milprep.eu\/wp-content\/uploads\/2025\/04\/cropped-mill5-removebg.png","width":1073,"height":1202,"caption":"Milprep"},"image":{"@id":"https:\/\/milprep.eu\/fr\/#\/schema\/logo\/image\/"},"sameAs":["https:\/\/www.facebook.com\/milprep.eu\/","https:\/\/www.instagram.com\/milprep.eu\/"]}]}},"_links":{"self":[{"href":"https:\/\/milprep.eu\/fr\/wp-json\/wp\/v2\/product\/5136","targetHints":{"allow":["GET"]}}],"collection":[{"href":"https:\/\/milprep.eu\/fr\/wp-json\/wp\/v2\/product"}],"about":[{"href":"https:\/\/milprep.eu\/fr\/wp-json\/wp\/v2\/types\/product"}],"replies":[{"embeddable":true,"href":"https:\/\/milprep.eu\/fr\/wp-json\/wp\/v2\/comments?post=5136"}],"wp:featuredmedia":[{"embeddable":true,"href":"https:\/\/milprep.eu\/fr\/wp-json\/wp\/v2\/media\/4976"}],"wp:attachment":[{"href":"https:\/\/milprep.eu\/fr\/wp-json\/wp\/v2\/media?parent=5136"}],"wp:term":[{"taxonomy":"product_brand","embeddable":true,"href":"https:\/\/milprep.eu\/fr\/wp-json\/wp\/v2\/product_brand?post=5136"},{"taxonomy":"product_cat","embeddable":true,"href":"https:\/\/milprep.eu\/fr\/wp-json\/wp\/v2\/product_cat?post=5136"},{"taxonomy":"product_tag","embeddable":true,"href":"https:\/\/milprep.eu\/fr\/wp-json\/wp\/v2\/product_tag?post=5136"}],"curies":[{"name":"wp","href":"https:\/\/api.w.org\/{rel}","templated":true}]}}