{"id":5140,"date":"2025-12-14T19:47:04","date_gmt":"2025-12-14T19:47:04","guid":{"rendered":"https:\/\/milprep.eu\/product\/comprimes-hydratation\/"},"modified":"2025-12-14T19:47:04","modified_gmt":"2025-12-14T19:47:04","slug":"comprimes-hydratation","status":"publish","type":"product","link":"https:\/\/milprep.eu\/fr\/produit\/comprimes-hydratation\/","title":{"rendered":"Comprim\u00e9s Hydratation"},"content":{"rendered":"<p data-start=\"209\" data-end=\"275\"><strong data-start=\"209\" data-end=\"275\">Comprim\u00e9s Hydratation \u2013 \u00c9lectrolytes effervescents pour une performance quotidienne<\/strong><\/p>\n<p data-start=\"277\" data-end=\"660\">Restez hydrat\u00e9, alerte et sans crampes avec les <strong data-start=\"319\" data-end=\"335\">comprim\u00e9s Hydratation<\/strong> \u2014 des comprim\u00e9s effervescents pratiques qui transforment n&rsquo;importe quelle bouteille d&rsquo;eau en une <strong data-start=\"407\" data-end=\"445\">boisson rafra\u00eechissante, riche en \u00e9lectrolytes<\/strong>. Parfaits pour <strong data-start=\"459\" data-end=\"502\">l&rsquo;entra\u00eenement, le travail sur le terrain ou l&rsquo;hydratation quotidienne<\/strong>, chaque comprim\u00e9 fournit des min\u00e9raux essentiels comme le sodium, le potassium et le magn\u00e9sium pour aider \u00e0 <strong data-start=\"581\" data-end=\"607\">maintenir l&rsquo;\u00e9quilibre hydrique<\/strong>, \u00e0 <strong data-start=\"609\" data-end=\"634\">pr\u00e9venir les crampes musculaires<\/strong> et \u00e0 <strong data-start=\"640\" data-end=\"659\">booster l&rsquo;endurance<\/strong>. <\/p>\n<p data-start=\"662\" data-end=\"805\">Z\u00e9ro sucre, faible en calories et facile \u00e0 transporter \u2014 les comprim\u00e9s Hydratation sont votre solution id\u00e9ale pour une <strong data-start=\"739\" data-end=\"769\">hydratation propre et pratique<\/strong> sans les ballonnements des boissons pour sportifs.<\/p>\n<p data-start=\"807\" data-end=\"1063\">\u2713 Reconstitue les \u00e9lectrolytes perdus par la transpiration<br data-start=\"852\" data-end=\"855\">\u2713 Soutient l&rsquo;endurance, la concentration et la fonction musculaire<br data-start=\"903\" data-end=\"906\">\u2713 Z\u00e9ro sucre, faible en calories \u2013 parfait pour la s\u00e8che<br data-start=\"953\" data-end=\"956\">\u2713 Se dissout facilement dans l&rsquo;eau \u2013 bon go\u00fbt, sans d\u00e9g\u00e2ts<br data-start=\"1006\" data-end=\"1009\">\u2713 Id\u00e9al pour les entra\u00eenements, la chaleur ou les jours de haute performance<\/p>\n<p data-start=\"1065\" data-end=\"1118\">L&rsquo;hydratation en toute simplicit\u00e9 \u2014 il suffit de dissoudre, de faire p\u00e9tiller et de performer.<\/p>\n","protected":false},"excerpt":{"rendered":"<p>Comprim\u00e9s Hydratation \u2013 \u00c9lectrolytes effervescents pour une performance quotidienne Restez hydrat\u00e9, alerte et sans crampes avec les comprim\u00e9s Hydratation \u2014 des comprim\u00e9s effervescents pratiques qui transforment n&rsquo;importe quelle bouteille d&rsquo;eau en une boisson rafra\u00eechissante, riche en \u00e9lectrolytes. Parfaits pour l&rsquo;entra\u00eenement, le travail sur le terrain ou l&rsquo;hydratation quotidienne, chaque comprim\u00e9 fournit des min\u00e9raux essentiels comme<span class=\"more-dots\">&#8230;<\/span><\/p>\n","protected":false},"featured_media":4972,"comment_status":"open","ping_status":"closed","template":"","meta":[],"product_brand":[],"product_cat":[77],"product_tag":[],"class_list":{"0":"post-5140","1":"product","2":"type-product","3":"status-publish","4":"has-post-thumbnail","6":"product_cat-electrolytes","8":"first","9":"instock","10":"sale","11":"shipping-taxable","12":"purchasable","13":"product-type-simple"},"yoast_head":"<!-- This site is optimized with the Yoast SEO plugin v26.6 - https:\/\/yoast.com\/wordpress\/plugins\/seo\/ -->\n<title>Comprim\u00e9s Hydratation - Milprep<\/title>\n<meta name=\"description\" content=\"Les comprim\u00e9s Hydratation fournissent des \u00e9lectrolytes purs et sans sucre pour l&#039;hydratation quotidienne, la performance et la r\u00e9cup\u00e9ration\u00a0: il suffit de les dissoudre dans l&#039;eau et c&#039;est parti.\" \/>\n<meta name=\"robots\" content=\"index, follow, max-snippet:-1, max-image-preview:large, max-video-preview:-1\" \/>\n<link rel=\"canonical\" href=\"https:\/\/milprep.eu\/fr\/produit\/comprimes-hydratation\/\" \/>\n<meta property=\"og:locale\" content=\"fr_FR\" \/>\n<meta property=\"og:type\" content=\"article\" \/>\n<meta property=\"og:title\" content=\"Comprim\u00e9s Hydratation - Milprep\" \/>\n<meta property=\"og:description\" content=\"Les comprim\u00e9s Hydratation fournissent des \u00e9lectrolytes purs et sans sucre pour l&#039;hydratation quotidienne, la performance et la r\u00e9cup\u00e9ration\u00a0: il suffit de les dissoudre dans l&#039;eau et c&#039;est parti.\" \/>\n<meta property=\"og:url\" content=\"https:\/\/milprep.eu\/fr\/produit\/comprimes-hydratation\/\" \/>\n<meta property=\"og:site_name\" content=\"Milprep\" \/>\n<meta property=\"article:publisher\" content=\"https:\/\/www.facebook.com\/milprep.eu\/\" \/>\n<meta property=\"og:image\" content=\"https:\/\/milprep.eu\/wp-content\/uploads\/2025\/12\/Hydrate202020bruistabletten.webp\" \/>\n\t<meta property=\"og:image:width\" content=\"640\" \/>\n\t<meta property=\"og:image:height\" content=\"640\" \/>\n\t<meta property=\"og:image:type\" content=\"image\/webp\" \/>\n<meta name=\"twitter:card\" content=\"summary_large_image\" \/>\n<meta name=\"twitter:label1\" content=\"Dur\u00e9e de lecture estim\u00e9e\" \/>\n\t<meta name=\"twitter:data1\" content=\"1 minute\" \/>\n<script type=\"application\/ld+json\" class=\"yoast-schema-graph\">{\"@context\":\"https:\/\/schema.org\",\"@graph\":[{\"@type\":\"WebPage\",\"@id\":\"https:\/\/milprep.eu\/fr\/produit\/comprimes-hydratation\/\",\"url\":\"https:\/\/milprep.eu\/fr\/produit\/comprimes-hydratation\/\",\"name\":\"Comprim\u00e9s Hydratation - Milprep\",\"isPartOf\":{\"@id\":\"https:\/\/milprep.eu\/fr\/#website\"},\"primaryImageOfPage\":{\"@id\":\"https:\/\/milprep.eu\/fr\/produit\/comprimes-hydratation\/#primaryimage\"},\"image\":{\"@id\":\"https:\/\/milprep.eu\/fr\/produit\/comprimes-hydratation\/#primaryimage\"},\"thumbnailUrl\":\"https:\/\/milprep.eu\/wp-content\/uploads\/2025\/12\/Hydrate202020bruistabletten.webp\",\"datePublished\":\"2025-12-14T19:47:04+00:00\",\"description\":\"Les comprim\u00e9s Hydratation fournissent des \u00e9lectrolytes purs et sans sucre pour l'hydratation quotidienne, la performance et la r\u00e9cup\u00e9ration\u00a0: il suffit de les dissoudre dans l'eau et c'est parti.\",\"breadcrumb\":{\"@id\":\"https:\/\/milprep.eu\/fr\/produit\/comprimes-hydratation\/#breadcrumb\"},\"inLanguage\":\"fr-FR\",\"potentialAction\":[{\"@type\":\"ReadAction\",\"target\":[\"https:\/\/milprep.eu\/fr\/produit\/comprimes-hydratation\/\"]}]},{\"@type\":\"ImageObject\",\"inLanguage\":\"fr-FR\",\"@id\":\"https:\/\/milprep.eu\/fr\/produit\/comprimes-hydratation\/#primaryimage\",\"url\":\"https:\/\/milprep.eu\/wp-content\/uploads\/2025\/12\/Hydrate202020bruistabletten.webp\",\"contentUrl\":\"https:\/\/milprep.eu\/wp-content\/uploads\/2025\/12\/Hydrate202020bruistabletten.webp\",\"width\":640,\"height\":640},{\"@type\":\"BreadcrumbList\",\"@id\":\"https:\/\/milprep.eu\/fr\/produit\/comprimes-hydratation\/#breadcrumb\",\"itemListElement\":[{\"@type\":\"ListItem\",\"position\":1,\"name\":\"Homepage\",\"item\":\"https:\/\/milprep.eu\/fr\/\"},{\"@type\":\"ListItem\",\"position\":2,\"name\":\"Boutique\",\"item\":\"https:\/\/milprep.eu\/fr\/boutique\/\"},{\"@type\":\"ListItem\",\"position\":3,\"name\":\"Comprim\u00e9s Hydratation\"}]},{\"@type\":\"WebSite\",\"@id\":\"https:\/\/milprep.eu\/fr\/#website\",\"url\":\"https:\/\/milprep.eu\/fr\/\",\"name\":\"Milprep\",\"description\":\"Be Prepared\",\"publisher\":{\"@id\":\"https:\/\/milprep.eu\/fr\/#organization\"},\"potentialAction\":[{\"@type\":\"SearchAction\",\"target\":{\"@type\":\"EntryPoint\",\"urlTemplate\":\"https:\/\/milprep.eu\/fr\/?s={search_term_string}\"},\"query-input\":{\"@type\":\"PropertyValueSpecification\",\"valueRequired\":true,\"valueName\":\"search_term_string\"}}],\"inLanguage\":\"fr-FR\"},{\"@type\":\"Organization\",\"@id\":\"https:\/\/milprep.eu\/fr\/#organization\",\"name\":\"Milprep\",\"url\":\"https:\/\/milprep.eu\/fr\/\",\"logo\":{\"@type\":\"ImageObject\",\"inLanguage\":\"fr-FR\",\"@id\":\"https:\/\/milprep.eu\/fr\/#\/schema\/logo\/image\/\",\"url\":\"https:\/\/milprep.eu\/wp-content\/uploads\/2025\/04\/cropped-mill5-removebg.png\",\"contentUrl\":\"https:\/\/milprep.eu\/wp-content\/uploads\/2025\/04\/cropped-mill5-removebg.png\",\"width\":1073,\"height\":1202,\"caption\":\"Milprep\"},\"image\":{\"@id\":\"https:\/\/milprep.eu\/fr\/#\/schema\/logo\/image\/\"},\"sameAs\":[\"https:\/\/www.facebook.com\/milprep.eu\/\",\"https:\/\/www.instagram.com\/milprep.eu\/\"]}]}<\/script>\n<!-- \/ Yoast SEO plugin. -->","yoast_head_json":{"title":"Comprim\u00e9s Hydratation - Milprep","description":"Les comprim\u00e9s Hydratation fournissent des \u00e9lectrolytes purs et sans sucre pour l'hydratation quotidienne, la performance et la r\u00e9cup\u00e9ration\u00a0: il suffit de les dissoudre dans l'eau et c'est parti.","robots":{"index":"index","follow":"follow","max-snippet":"max-snippet:-1","max-image-preview":"max-image-preview:large","max-video-preview":"max-video-preview:-1"},"canonical":"https:\/\/milprep.eu\/fr\/produit\/comprimes-hydratation\/","og_locale":"fr_FR","og_type":"article","og_title":"Comprim\u00e9s Hydratation - Milprep","og_description":"Les comprim\u00e9s Hydratation fournissent des \u00e9lectrolytes purs et sans sucre pour l'hydratation quotidienne, la performance et la r\u00e9cup\u00e9ration\u00a0: il suffit de les dissoudre dans l'eau et c'est parti.","og_url":"https:\/\/milprep.eu\/fr\/produit\/comprimes-hydratation\/","og_site_name":"Milprep","article_publisher":"https:\/\/www.facebook.com\/milprep.eu\/","og_image":[{"width":640,"height":640,"url":"https:\/\/milprep.eu\/wp-content\/uploads\/2025\/12\/Hydrate202020bruistabletten.webp","type":"image\/webp"}],"twitter_card":"summary_large_image","twitter_misc":{"Dur\u00e9e de lecture estim\u00e9e":"1 minute"},"schema":{"@context":"https:\/\/schema.org","@graph":[{"@type":"WebPage","@id":"https:\/\/milprep.eu\/fr\/produit\/comprimes-hydratation\/","url":"https:\/\/milprep.eu\/fr\/produit\/comprimes-hydratation\/","name":"Comprim\u00e9s Hydratation - Milprep","isPartOf":{"@id":"https:\/\/milprep.eu\/fr\/#website"},"primaryImageOfPage":{"@id":"https:\/\/milprep.eu\/fr\/produit\/comprimes-hydratation\/#primaryimage"},"image":{"@id":"https:\/\/milprep.eu\/fr\/produit\/comprimes-hydratation\/#primaryimage"},"thumbnailUrl":"https:\/\/milprep.eu\/wp-content\/uploads\/2025\/12\/Hydrate202020bruistabletten.webp","datePublished":"2025-12-14T19:47:04+00:00","description":"Les comprim\u00e9s Hydratation fournissent des \u00e9lectrolytes purs et sans sucre pour l'hydratation quotidienne, la performance et la r\u00e9cup\u00e9ration\u00a0: il suffit de les dissoudre dans l'eau et c'est parti.","breadcrumb":{"@id":"https:\/\/milprep.eu\/fr\/produit\/comprimes-hydratation\/#breadcrumb"},"inLanguage":"fr-FR","potentialAction":[{"@type":"ReadAction","target":["https:\/\/milprep.eu\/fr\/produit\/comprimes-hydratation\/"]}]},{"@type":"ImageObject","inLanguage":"fr-FR","@id":"https:\/\/milprep.eu\/fr\/produit\/comprimes-hydratation\/#primaryimage","url":"https:\/\/milprep.eu\/wp-content\/uploads\/2025\/12\/Hydrate202020bruistabletten.webp","contentUrl":"https:\/\/milprep.eu\/wp-content\/uploads\/2025\/12\/Hydrate202020bruistabletten.webp","width":640,"height":640},{"@type":"BreadcrumbList","@id":"https:\/\/milprep.eu\/fr\/produit\/comprimes-hydratation\/#breadcrumb","itemListElement":[{"@type":"ListItem","position":1,"name":"Homepage","item":"https:\/\/milprep.eu\/fr\/"},{"@type":"ListItem","position":2,"name":"Boutique","item":"https:\/\/milprep.eu\/fr\/boutique\/"},{"@type":"ListItem","position":3,"name":"Comprim\u00e9s Hydratation"}]},{"@type":"WebSite","@id":"https:\/\/milprep.eu\/fr\/#website","url":"https:\/\/milprep.eu\/fr\/","name":"Milprep","description":"Be Prepared","publisher":{"@id":"https:\/\/milprep.eu\/fr\/#organization"},"potentialAction":[{"@type":"SearchAction","target":{"@type":"EntryPoint","urlTemplate":"https:\/\/milprep.eu\/fr\/?s={search_term_string}"},"query-input":{"@type":"PropertyValueSpecification","valueRequired":true,"valueName":"search_term_string"}}],"inLanguage":"fr-FR"},{"@type":"Organization","@id":"https:\/\/milprep.eu\/fr\/#organization","name":"Milprep","url":"https:\/\/milprep.eu\/fr\/","logo":{"@type":"ImageObject","inLanguage":"fr-FR","@id":"https:\/\/milprep.eu\/fr\/#\/schema\/logo\/image\/","url":"https:\/\/milprep.eu\/wp-content\/uploads\/2025\/04\/cropped-mill5-removebg.png","contentUrl":"https:\/\/milprep.eu\/wp-content\/uploads\/2025\/04\/cropped-mill5-removebg.png","width":1073,"height":1202,"caption":"Milprep"},"image":{"@id":"https:\/\/milprep.eu\/fr\/#\/schema\/logo\/image\/"},"sameAs":["https:\/\/www.facebook.com\/milprep.eu\/","https:\/\/www.instagram.com\/milprep.eu\/"]}]}},"_links":{"self":[{"href":"https:\/\/milprep.eu\/fr\/wp-json\/wp\/v2\/product\/5140","targetHints":{"allow":["GET"]}}],"collection":[{"href":"https:\/\/milprep.eu\/fr\/wp-json\/wp\/v2\/product"}],"about":[{"href":"https:\/\/milprep.eu\/fr\/wp-json\/wp\/v2\/types\/product"}],"replies":[{"embeddable":true,"href":"https:\/\/milprep.eu\/fr\/wp-json\/wp\/v2\/comments?post=5140"}],"wp:featuredmedia":[{"embeddable":true,"href":"https:\/\/milprep.eu\/fr\/wp-json\/wp\/v2\/media\/4972"}],"wp:attachment":[{"href":"https:\/\/milprep.eu\/fr\/wp-json\/wp\/v2\/media?parent=5140"}],"wp:term":[{"taxonomy":"product_brand","embeddable":true,"href":"https:\/\/milprep.eu\/fr\/wp-json\/wp\/v2\/product_brand?post=5140"},{"taxonomy":"product_cat","embeddable":true,"href":"https:\/\/milprep.eu\/fr\/wp-json\/wp\/v2\/product_cat?post=5140"},{"taxonomy":"product_tag","embeddable":true,"href":"https:\/\/milprep.eu\/fr\/wp-json\/wp\/v2\/product_tag?post=5140"}],"curies":[{"name":"wp","href":"https:\/\/api.w.org\/{rel}","templated":true}]}}