{"id":5156,"date":"2025-12-14T18:23:48","date_gmt":"2025-12-14T18:23:48","guid":{"rendered":"https:\/\/milprep.eu\/product\/proteine-de-caseine-nuit\/"},"modified":"2025-12-14T18:23:48","modified_gmt":"2025-12-14T18:23:48","slug":"proteine-de-caseine-nuit","status":"publish","type":"product","link":"https:\/\/milprep.eu\/fr\/produit\/proteine-de-caseine-nuit\/","title":{"rendered":"Prot\u00e9ine de cas\u00e9ine (nuit)"},"content":{"rendered":"<p data-start=\"248\" data-end=\"305\"><strong data-start=\"248\" data-end=\"305\">Prot\u00e9ine de cas\u00e9ine \u2013 Carburant de r\u00e9cup\u00e9ration nocturne \u00e0 lib\u00e9ration lente<\/strong><\/p>\n<p data-start=\"307\" data-end=\"628\">Favorisez la croissance musculaire pendant votre sommeil avec la <strong data-start=\"350\" data-end=\"368\">prot\u00e9ine de cas\u00e9ine<\/strong>, une prot\u00e9ine \u00e0 digestion lente con\u00e7ue pour la <strong data-start=\"409\" data-end=\"431\">r\u00e9cup\u00e9ration nocturne<\/strong> et la <strong data-start=\"436\" data-end=\"459\">pr\u00e9servation musculaire<\/strong>. Id\u00e9ale avant le coucher ou pendant de longues p\u00e9riodes sans nourriture, la cas\u00e9ine lib\u00e8re des acides amin\u00e9s de mani\u00e8re prolong\u00e9e pour <strong data-start=\"569\" data-end=\"597\">pr\u00e9venir la d\u00e9gradation musculaire<\/strong> et favoriser une <strong data-start=\"610\" data-end=\"627\">r\u00e9cup\u00e9ration profonde<\/strong>. <\/p>\n<p data-start=\"630\" data-end=\"764\">Parfait pour les phases de s\u00e8che, la pr\u00e9paration militaire ou toute personne s\u00e9rieuse au sujet de la performance 24&nbsp;h\/24 et 7&nbsp;j\/7, car la r\u00e9cup\u00e9ration ne s\u2019arr\u00eate pas \u00e0 la fin de la journ\u00e9e.<\/p>\n<p data-start=\"766\" data-end=\"992\">\u2713 Prot\u00e9ine \u00e0 digestion lente \u2013 id\u00e9ale avant le sommeil<br data-start=\"811\" data-end=\"814\">\u2713 Aide \u00e0 pr\u00e9server la masse musculaire pendant le je\u00fbne ou la s\u00e8che<br data-start=\"868\" data-end=\"871\">\u2713 Favorise la r\u00e9cup\u00e9ration et la r\u00e9paration nocturnes<br data-start=\"911\" data-end=\"914\">\u2713 Texture cr\u00e9meuse et excellent go\u00fbt<br data-start=\"946\" data-end=\"949\">\u2713 Vous maintient dans un \u00e9tat anabolique, m\u00eame pendant le sommeil<\/p>\n<p data-start=\"994\" data-end=\"1039\">Entra\u00eenez-vous. R\u00e9cup\u00e9rez. R\u00e9p\u00e9tez \u2013 m\u00eame pendant que vous vous reposez.  <\/p>\n","protected":false},"excerpt":{"rendered":"<p>Prot\u00e9ine de cas\u00e9ine \u2013 Carburant de r\u00e9cup\u00e9ration nocturne \u00e0 lib\u00e9ration lente Favorisez la croissance musculaire pendant votre sommeil avec la prot\u00e9ine de cas\u00e9ine, une prot\u00e9ine \u00e0 digestion lente con\u00e7ue pour la r\u00e9cup\u00e9ration nocturne et la pr\u00e9servation musculaire. Id\u00e9ale avant le coucher ou pendant de longues p\u00e9riodes sans nourriture, la cas\u00e9ine lib\u00e8re des acides amin\u00e9s de<span class=\"more-dots\">&#8230;<\/span><\/p>\n","protected":false},"featured_media":4963,"comment_status":"open","ping_status":"closed","template":"","meta":[],"product_brand":[],"product_cat":[85],"product_tag":[],"class_list":{"0":"post-5156","1":"product","2":"type-product","3":"status-publish","4":"has-post-thumbnail","6":"product_cat-proteine","8":"first","9":"instock","10":"sale","11":"shipping-taxable","12":"purchasable","13":"product-type-variable"},"yoast_head":"<!-- This site is optimized with the Yoast SEO plugin v26.6 - https:\/\/yoast.com\/wordpress\/plugins\/seo\/ -->\n<title>Prot\u00e9ine de cas\u00e9ine (nuit) - Milprep<\/title>\n<meta name=\"description\" content=\"La prot\u00e9ine de cas\u00e9ine favorise la r\u00e9cup\u00e9ration nocturne et la pr\u00e9servation musculaire\u00a0: un carburant \u00e0 digestion lente, id\u00e9al avant le coucher ou pendant une p\u00e9riode de s\u00e8che.\" \/>\n<meta name=\"robots\" content=\"index, follow, max-snippet:-1, max-image-preview:large, max-video-preview:-1\" \/>\n<link rel=\"canonical\" href=\"https:\/\/milprep.eu\/fr\/produit\/proteine-de-caseine-nuit\/\" \/>\n<meta property=\"og:locale\" content=\"fr_FR\" \/>\n<meta property=\"og:type\" content=\"article\" \/>\n<meta property=\"og:title\" content=\"Prot\u00e9ine de cas\u00e9ine (nuit) - Milprep\" \/>\n<meta property=\"og:description\" content=\"La prot\u00e9ine de cas\u00e9ine favorise la r\u00e9cup\u00e9ration nocturne et la pr\u00e9servation musculaire\u00a0: un carburant \u00e0 digestion lente, id\u00e9al avant le coucher ou pendant une p\u00e9riode de s\u00e8che.\" \/>\n<meta property=\"og:url\" content=\"https:\/\/milprep.eu\/fr\/produit\/proteine-de-caseine-nuit\/\" \/>\n<meta property=\"og:site_name\" content=\"Milprep\" \/>\n<meta property=\"article:publisher\" content=\"https:\/\/www.facebook.com\/milprep.eu\/\" \/>\n<meta property=\"og:image\" content=\"https:\/\/milprep.eu\/wp-content\/uploads\/2025\/12\/Night20Aardbei20gram.webp\" \/>\n\t<meta property=\"og:image:width\" content=\"640\" \/>\n\t<meta property=\"og:image:height\" content=\"640\" \/>\n\t<meta property=\"og:image:type\" content=\"image\/webp\" \/>\n<meta name=\"twitter:card\" content=\"summary_large_image\" \/>\n<meta name=\"twitter:label1\" content=\"Dur\u00e9e de lecture estim\u00e9e\" \/>\n\t<meta name=\"twitter:data1\" content=\"1 minute\" \/>\n<script type=\"application\/ld+json\" class=\"yoast-schema-graph\">{\"@context\":\"https:\/\/schema.org\",\"@graph\":[{\"@type\":\"WebPage\",\"@id\":\"https:\/\/milprep.eu\/fr\/produit\/proteine-de-caseine-nuit\/\",\"url\":\"https:\/\/milprep.eu\/fr\/produit\/proteine-de-caseine-nuit\/\",\"name\":\"Prot\u00e9ine de cas\u00e9ine (nuit) - Milprep\",\"isPartOf\":{\"@id\":\"https:\/\/milprep.eu\/fr\/#website\"},\"primaryImageOfPage\":{\"@id\":\"https:\/\/milprep.eu\/fr\/produit\/proteine-de-caseine-nuit\/#primaryimage\"},\"image\":{\"@id\":\"https:\/\/milprep.eu\/fr\/produit\/proteine-de-caseine-nuit\/#primaryimage\"},\"thumbnailUrl\":\"https:\/\/milprep.eu\/wp-content\/uploads\/2025\/12\/Night20Aardbei20gram.webp\",\"datePublished\":\"2025-12-14T18:23:48+00:00\",\"description\":\"La prot\u00e9ine de cas\u00e9ine favorise la r\u00e9cup\u00e9ration nocturne et la pr\u00e9servation musculaire\u00a0: un carburant \u00e0 digestion lente, id\u00e9al avant le coucher ou pendant une p\u00e9riode de s\u00e8che.\",\"breadcrumb\":{\"@id\":\"https:\/\/milprep.eu\/fr\/produit\/proteine-de-caseine-nuit\/#breadcrumb\"},\"inLanguage\":\"fr-FR\",\"potentialAction\":[{\"@type\":\"ReadAction\",\"target\":[\"https:\/\/milprep.eu\/fr\/produit\/proteine-de-caseine-nuit\/\"]}]},{\"@type\":\"ImageObject\",\"inLanguage\":\"fr-FR\",\"@id\":\"https:\/\/milprep.eu\/fr\/produit\/proteine-de-caseine-nuit\/#primaryimage\",\"url\":\"https:\/\/milprep.eu\/wp-content\/uploads\/2025\/12\/Night20Aardbei20gram.webp\",\"contentUrl\":\"https:\/\/milprep.eu\/wp-content\/uploads\/2025\/12\/Night20Aardbei20gram.webp\",\"width\":640,\"height\":640},{\"@type\":\"BreadcrumbList\",\"@id\":\"https:\/\/milprep.eu\/fr\/produit\/proteine-de-caseine-nuit\/#breadcrumb\",\"itemListElement\":[{\"@type\":\"ListItem\",\"position\":1,\"name\":\"Homepage\",\"item\":\"https:\/\/milprep.eu\/fr\/\"},{\"@type\":\"ListItem\",\"position\":2,\"name\":\"Boutique\",\"item\":\"https:\/\/milprep.eu\/fr\/boutique\/\"},{\"@type\":\"ListItem\",\"position\":3,\"name\":\"Prot\u00e9ine de cas\u00e9ine (nuit)\"}]},{\"@type\":\"WebSite\",\"@id\":\"https:\/\/milprep.eu\/fr\/#website\",\"url\":\"https:\/\/milprep.eu\/fr\/\",\"name\":\"Milprep\",\"description\":\"Be Prepared\",\"publisher\":{\"@id\":\"https:\/\/milprep.eu\/fr\/#organization\"},\"potentialAction\":[{\"@type\":\"SearchAction\",\"target\":{\"@type\":\"EntryPoint\",\"urlTemplate\":\"https:\/\/milprep.eu\/fr\/?s={search_term_string}\"},\"query-input\":{\"@type\":\"PropertyValueSpecification\",\"valueRequired\":true,\"valueName\":\"search_term_string\"}}],\"inLanguage\":\"fr-FR\"},{\"@type\":\"Organization\",\"@id\":\"https:\/\/milprep.eu\/fr\/#organization\",\"name\":\"Milprep\",\"url\":\"https:\/\/milprep.eu\/fr\/\",\"logo\":{\"@type\":\"ImageObject\",\"inLanguage\":\"fr-FR\",\"@id\":\"https:\/\/milprep.eu\/fr\/#\/schema\/logo\/image\/\",\"url\":\"https:\/\/milprep.eu\/wp-content\/uploads\/2025\/04\/cropped-mill5-removebg.png\",\"contentUrl\":\"https:\/\/milprep.eu\/wp-content\/uploads\/2025\/04\/cropped-mill5-removebg.png\",\"width\":1073,\"height\":1202,\"caption\":\"Milprep\"},\"image\":{\"@id\":\"https:\/\/milprep.eu\/fr\/#\/schema\/logo\/image\/\"},\"sameAs\":[\"https:\/\/www.facebook.com\/milprep.eu\/\",\"https:\/\/www.instagram.com\/milprep.eu\/\"]}]}<\/script>\n<!-- \/ Yoast SEO plugin. -->","yoast_head_json":{"title":"Prot\u00e9ine de cas\u00e9ine (nuit) - Milprep","description":"La prot\u00e9ine de cas\u00e9ine favorise la r\u00e9cup\u00e9ration nocturne et la pr\u00e9servation musculaire\u00a0: un carburant \u00e0 digestion lente, id\u00e9al avant le coucher ou pendant une p\u00e9riode de s\u00e8che.","robots":{"index":"index","follow":"follow","max-snippet":"max-snippet:-1","max-image-preview":"max-image-preview:large","max-video-preview":"max-video-preview:-1"},"canonical":"https:\/\/milprep.eu\/fr\/produit\/proteine-de-caseine-nuit\/","og_locale":"fr_FR","og_type":"article","og_title":"Prot\u00e9ine de cas\u00e9ine (nuit) - Milprep","og_description":"La prot\u00e9ine de cas\u00e9ine favorise la r\u00e9cup\u00e9ration nocturne et la pr\u00e9servation musculaire\u00a0: un carburant \u00e0 digestion lente, id\u00e9al avant le coucher ou pendant une p\u00e9riode de s\u00e8che.","og_url":"https:\/\/milprep.eu\/fr\/produit\/proteine-de-caseine-nuit\/","og_site_name":"Milprep","article_publisher":"https:\/\/www.facebook.com\/milprep.eu\/","og_image":[{"width":640,"height":640,"url":"https:\/\/milprep.eu\/wp-content\/uploads\/2025\/12\/Night20Aardbei20gram.webp","type":"image\/webp"}],"twitter_card":"summary_large_image","twitter_misc":{"Dur\u00e9e de lecture estim\u00e9e":"1 minute"},"schema":{"@context":"https:\/\/schema.org","@graph":[{"@type":"WebPage","@id":"https:\/\/milprep.eu\/fr\/produit\/proteine-de-caseine-nuit\/","url":"https:\/\/milprep.eu\/fr\/produit\/proteine-de-caseine-nuit\/","name":"Prot\u00e9ine de cas\u00e9ine (nuit) - Milprep","isPartOf":{"@id":"https:\/\/milprep.eu\/fr\/#website"},"primaryImageOfPage":{"@id":"https:\/\/milprep.eu\/fr\/produit\/proteine-de-caseine-nuit\/#primaryimage"},"image":{"@id":"https:\/\/milprep.eu\/fr\/produit\/proteine-de-caseine-nuit\/#primaryimage"},"thumbnailUrl":"https:\/\/milprep.eu\/wp-content\/uploads\/2025\/12\/Night20Aardbei20gram.webp","datePublished":"2025-12-14T18:23:48+00:00","description":"La prot\u00e9ine de cas\u00e9ine favorise la r\u00e9cup\u00e9ration nocturne et la pr\u00e9servation musculaire\u00a0: un carburant \u00e0 digestion lente, id\u00e9al avant le coucher ou pendant une p\u00e9riode de s\u00e8che.","breadcrumb":{"@id":"https:\/\/milprep.eu\/fr\/produit\/proteine-de-caseine-nuit\/#breadcrumb"},"inLanguage":"fr-FR","potentialAction":[{"@type":"ReadAction","target":["https:\/\/milprep.eu\/fr\/produit\/proteine-de-caseine-nuit\/"]}]},{"@type":"ImageObject","inLanguage":"fr-FR","@id":"https:\/\/milprep.eu\/fr\/produit\/proteine-de-caseine-nuit\/#primaryimage","url":"https:\/\/milprep.eu\/wp-content\/uploads\/2025\/12\/Night20Aardbei20gram.webp","contentUrl":"https:\/\/milprep.eu\/wp-content\/uploads\/2025\/12\/Night20Aardbei20gram.webp","width":640,"height":640},{"@type":"BreadcrumbList","@id":"https:\/\/milprep.eu\/fr\/produit\/proteine-de-caseine-nuit\/#breadcrumb","itemListElement":[{"@type":"ListItem","position":1,"name":"Homepage","item":"https:\/\/milprep.eu\/fr\/"},{"@type":"ListItem","position":2,"name":"Boutique","item":"https:\/\/milprep.eu\/fr\/boutique\/"},{"@type":"ListItem","position":3,"name":"Prot\u00e9ine de cas\u00e9ine (nuit)"}]},{"@type":"WebSite","@id":"https:\/\/milprep.eu\/fr\/#website","url":"https:\/\/milprep.eu\/fr\/","name":"Milprep","description":"Be Prepared","publisher":{"@id":"https:\/\/milprep.eu\/fr\/#organization"},"potentialAction":[{"@type":"SearchAction","target":{"@type":"EntryPoint","urlTemplate":"https:\/\/milprep.eu\/fr\/?s={search_term_string}"},"query-input":{"@type":"PropertyValueSpecification","valueRequired":true,"valueName":"search_term_string"}}],"inLanguage":"fr-FR"},{"@type":"Organization","@id":"https:\/\/milprep.eu\/fr\/#organization","name":"Milprep","url":"https:\/\/milprep.eu\/fr\/","logo":{"@type":"ImageObject","inLanguage":"fr-FR","@id":"https:\/\/milprep.eu\/fr\/#\/schema\/logo\/image\/","url":"https:\/\/milprep.eu\/wp-content\/uploads\/2025\/04\/cropped-mill5-removebg.png","contentUrl":"https:\/\/milprep.eu\/wp-content\/uploads\/2025\/04\/cropped-mill5-removebg.png","width":1073,"height":1202,"caption":"Milprep"},"image":{"@id":"https:\/\/milprep.eu\/fr\/#\/schema\/logo\/image\/"},"sameAs":["https:\/\/www.facebook.com\/milprep.eu\/","https:\/\/www.instagram.com\/milprep.eu\/"]}]}},"_links":{"self":[{"href":"https:\/\/milprep.eu\/fr\/wp-json\/wp\/v2\/product\/5156","targetHints":{"allow":["GET"]}}],"collection":[{"href":"https:\/\/milprep.eu\/fr\/wp-json\/wp\/v2\/product"}],"about":[{"href":"https:\/\/milprep.eu\/fr\/wp-json\/wp\/v2\/types\/product"}],"replies":[{"embeddable":true,"href":"https:\/\/milprep.eu\/fr\/wp-json\/wp\/v2\/comments?post=5156"}],"wp:featuredmedia":[{"embeddable":true,"href":"https:\/\/milprep.eu\/fr\/wp-json\/wp\/v2\/media\/4963"}],"wp:attachment":[{"href":"https:\/\/milprep.eu\/fr\/wp-json\/wp\/v2\/media?parent=5156"}],"wp:term":[{"taxonomy":"product_brand","embeddable":true,"href":"https:\/\/milprep.eu\/fr\/wp-json\/wp\/v2\/product_brand?post=5156"},{"taxonomy":"product_cat","embeddable":true,"href":"https:\/\/milprep.eu\/fr\/wp-json\/wp\/v2\/product_cat?post=5156"},{"taxonomy":"product_tag","embeddable":true,"href":"https:\/\/milprep.eu\/fr\/wp-json\/wp\/v2\/product_tag?post=5156"}],"curies":[{"name":"wp","href":"https:\/\/api.w.org\/{rel}","templated":true}]}}