{"id":5197,"date":"2025-12-14T18:04:58","date_gmt":"2025-12-14T18:04:58","guid":{"rendered":"https:\/\/milprep.eu\/product\/extrait-de-criniere-de-lion\/"},"modified":"2025-12-14T18:04:58","modified_gmt":"2025-12-14T18:04:58","slug":"extrait-de-criniere-de-lion","status":"publish","type":"product","link":"https:\/\/milprep.eu\/fr\/produit\/extrait-de-criniere-de-lion\/","title":{"rendered":"Extrait de crini\u00e8re de lion"},"content":{"rendered":"<p data-start=\"253\" data-end=\"320\"><strong data-start=\"253\" data-end=\"320\">Extrait de crini\u00e8re de lion \u2013 500 mg pour la clart\u00e9 mentale et le soutien neuronal<\/strong><\/p>\n<p data-start=\"322\" data-end=\"625\">Aiguisez votre esprit et favorisez la sant\u00e9 c\u00e9r\u00e9brale \u00e0 long terme avec l&rsquo;<strong data-start=\"380\" data-end=\"412\">extrait de champignon Crini\u00e8re de lion<\/strong>, qui fournit <strong data-start=\"426\" data-end=\"460\">500&nbsp;mg d&rsquo;extrait de haute qualit\u00e9<\/strong> par capsule. Reconnue pour sa capacit\u00e9 \u00e0 stimuler le <strong data-start=\"509\" data-end=\"538\">facteur de croissance nerveuse (NGF)<\/strong>, la crini\u00e8re de lion favorise <strong data-start=\"561\" data-end=\"594\">la concentration, la m\u00e9moire, la clart\u00e9 mentale<\/strong> et m\u00eame <strong data-start=\"605\" data-end=\"624\">la r\u00e9cup\u00e9ration neuronale<\/strong>.<\/p>\n<p data-start=\"627\" data-end=\"803\">Parfait pour les p\u00e9riodes d&rsquo;\u00e9tudes intenses, d&rsquo;entra\u00eenement ou de forte demande mentale, ce nootropique naturel vous aide \u00e0 rester <strong data-start=\"736\" data-end=\"781\">lucide, calme et cognitivement vif<\/strong>, sans stimulants.<\/p>\n<p data-start=\"805\" data-end=\"1047\">\u2713 500 mg de crini\u00e8re de lion \u00e0 haute puissance par capsule<br data-start=\"850\" data-end=\"853\">\u2713 Favorise la concentration, la m\u00e9moire et les performances cognitives<br data-start=\"904\" data-end=\"907\">\u2713 Favorise la r\u00e9g\u00e9n\u00e9ration nerveuse et la r\u00e9cup\u00e9ration c\u00e9r\u00e9brale<br data-start=\"955\" data-end=\"958\">\u2713 Non stimulant \u2013 peut \u00eatre pris de jour comme de nuit<br data-start=\"1001\" data-end=\"1004\">\u2713 90 capsules pour un approvisionnement complet de 1 \u00e0 3 mois<\/p>\n<p data-start=\"1049\" data-end=\"1106\">Pensez clairement. R\u00e9agissez plus vite. Restez mentalement pr\u00eat pour la mission.<\/p>\n","protected":false},"excerpt":{"rendered":"<p>Extrait de crini\u00e8re de lion \u2013 500 mg pour la clart\u00e9 mentale et le soutien neuronal Aiguisez votre esprit et favorisez la sant\u00e9 c\u00e9r\u00e9brale \u00e0 long terme avec l&rsquo;extrait de champignon Crini\u00e8re de lion, qui fournit 500&nbsp;mg d&rsquo;extrait de haute qualit\u00e9 par capsule. Reconnue pour sa capacit\u00e9 \u00e0 stimuler le facteur de croissance nerveuse (NGF),<span class=\"more-dots\">&#8230;<\/span><\/p>\n","protected":false},"featured_media":4934,"comment_status":"open","ping_status":"closed","template":"","meta":[],"product_brand":[],"product_cat":[87],"product_tag":[],"class_list":{"0":"post-5197","1":"product","2":"type-product","3":"status-publish","4":"has-post-thumbnail","6":"product_cat-supplements","8":"first","9":"instock","10":"sale","11":"shipping-taxable","12":"purchasable","13":"product-type-simple"},"yoast_head":"<!-- This site is optimized with the Yoast SEO plugin v26.6 - https:\/\/yoast.com\/wordpress\/plugins\/seo\/ -->\n<title>Extrait de crini\u00e8re de lion - Milprep<\/title>\n<meta name=\"description\" content=\"L&#039;extrait de crini\u00e8re de lion (500 mg) favorise la concentration, la m\u00e9moire et la r\u00e9g\u00e9n\u00e9ration nerveuse\u00a0: un nootropique naturel pour une pens\u00e9e claire et une r\u00e9cup\u00e9ration c\u00e9r\u00e9brale.\" \/>\n<meta name=\"robots\" content=\"index, follow, max-snippet:-1, max-image-preview:large, max-video-preview:-1\" \/>\n<link rel=\"canonical\" href=\"https:\/\/milprep.eu\/fr\/produit\/extrait-de-criniere-de-lion\/\" \/>\n<meta property=\"og:locale\" content=\"fr_FR\" \/>\n<meta property=\"og:type\" content=\"article\" \/>\n<meta property=\"og:title\" content=\"Extrait de crini\u00e8re de lion - Milprep\" \/>\n<meta property=\"og:description\" content=\"L&#039;extrait de crini\u00e8re de lion (500 mg) favorise la concentration, la m\u00e9moire et la r\u00e9g\u00e9n\u00e9ration nerveuse\u00a0: un nootropique naturel pour une pens\u00e9e claire et une r\u00e9cup\u00e9ration c\u00e9r\u00e9brale.\" \/>\n<meta property=\"og:url\" content=\"https:\/\/milprep.eu\/fr\/produit\/extrait-de-criniere-de-lion\/\" \/>\n<meta property=\"og:site_name\" content=\"Milprep\" \/>\n<meta property=\"article:publisher\" content=\"https:\/\/www.facebook.com\/milprep.eu\/\" \/>\n<meta property=\"og:image\" content=\"https:\/\/milprep.eu\/wp-content\/uploads\/2025\/12\/Lion8020Mane20-20mg209020capsules.webp\" \/>\n\t<meta property=\"og:image:width\" content=\"640\" \/>\n\t<meta property=\"og:image:height\" content=\"640\" \/>\n\t<meta property=\"og:image:type\" content=\"image\/webp\" \/>\n<meta name=\"twitter:card\" content=\"summary_large_image\" \/>\n<meta name=\"twitter:label1\" content=\"Dur\u00e9e de lecture estim\u00e9e\" \/>\n\t<meta name=\"twitter:data1\" content=\"1 minute\" \/>\n<script type=\"application\/ld+json\" class=\"yoast-schema-graph\">{\"@context\":\"https:\/\/schema.org\",\"@graph\":[{\"@type\":\"WebPage\",\"@id\":\"https:\/\/milprep.eu\/fr\/produit\/extrait-de-criniere-de-lion\/\",\"url\":\"https:\/\/milprep.eu\/fr\/produit\/extrait-de-criniere-de-lion\/\",\"name\":\"Extrait de crini\u00e8re de lion - Milprep\",\"isPartOf\":{\"@id\":\"https:\/\/milprep.eu\/fr\/#website\"},\"primaryImageOfPage\":{\"@id\":\"https:\/\/milprep.eu\/fr\/produit\/extrait-de-criniere-de-lion\/#primaryimage\"},\"image\":{\"@id\":\"https:\/\/milprep.eu\/fr\/produit\/extrait-de-criniere-de-lion\/#primaryimage\"},\"thumbnailUrl\":\"https:\/\/milprep.eu\/wp-content\/uploads\/2025\/12\/Lion8020Mane20-20mg209020capsules.webp\",\"datePublished\":\"2025-12-14T18:04:58+00:00\",\"description\":\"L'extrait de crini\u00e8re de lion (500 mg) favorise la concentration, la m\u00e9moire et la r\u00e9g\u00e9n\u00e9ration nerveuse\u00a0: un nootropique naturel pour une pens\u00e9e claire et une r\u00e9cup\u00e9ration c\u00e9r\u00e9brale.\",\"breadcrumb\":{\"@id\":\"https:\/\/milprep.eu\/fr\/produit\/extrait-de-criniere-de-lion\/#breadcrumb\"},\"inLanguage\":\"fr-FR\",\"potentialAction\":[{\"@type\":\"ReadAction\",\"target\":[\"https:\/\/milprep.eu\/fr\/produit\/extrait-de-criniere-de-lion\/\"]}]},{\"@type\":\"ImageObject\",\"inLanguage\":\"fr-FR\",\"@id\":\"https:\/\/milprep.eu\/fr\/produit\/extrait-de-criniere-de-lion\/#primaryimage\",\"url\":\"https:\/\/milprep.eu\/wp-content\/uploads\/2025\/12\/Lion8020Mane20-20mg209020capsules.webp\",\"contentUrl\":\"https:\/\/milprep.eu\/wp-content\/uploads\/2025\/12\/Lion8020Mane20-20mg209020capsules.webp\",\"width\":640,\"height\":640},{\"@type\":\"BreadcrumbList\",\"@id\":\"https:\/\/milprep.eu\/fr\/produit\/extrait-de-criniere-de-lion\/#breadcrumb\",\"itemListElement\":[{\"@type\":\"ListItem\",\"position\":1,\"name\":\"Homepage\",\"item\":\"https:\/\/milprep.eu\/fr\/\"},{\"@type\":\"ListItem\",\"position\":2,\"name\":\"Boutique\",\"item\":\"https:\/\/milprep.eu\/fr\/boutique\/\"},{\"@type\":\"ListItem\",\"position\":3,\"name\":\"Extrait de crini\u00e8re de lion\"}]},{\"@type\":\"WebSite\",\"@id\":\"https:\/\/milprep.eu\/fr\/#website\",\"url\":\"https:\/\/milprep.eu\/fr\/\",\"name\":\"Milprep\",\"description\":\"Be Prepared\",\"publisher\":{\"@id\":\"https:\/\/milprep.eu\/fr\/#organization\"},\"potentialAction\":[{\"@type\":\"SearchAction\",\"target\":{\"@type\":\"EntryPoint\",\"urlTemplate\":\"https:\/\/milprep.eu\/fr\/?s={search_term_string}\"},\"query-input\":{\"@type\":\"PropertyValueSpecification\",\"valueRequired\":true,\"valueName\":\"search_term_string\"}}],\"inLanguage\":\"fr-FR\"},{\"@type\":\"Organization\",\"@id\":\"https:\/\/milprep.eu\/fr\/#organization\",\"name\":\"Milprep\",\"url\":\"https:\/\/milprep.eu\/fr\/\",\"logo\":{\"@type\":\"ImageObject\",\"inLanguage\":\"fr-FR\",\"@id\":\"https:\/\/milprep.eu\/fr\/#\/schema\/logo\/image\/\",\"url\":\"https:\/\/milprep.eu\/wp-content\/uploads\/2025\/04\/cropped-mill5-removebg.png\",\"contentUrl\":\"https:\/\/milprep.eu\/wp-content\/uploads\/2025\/04\/cropped-mill5-removebg.png\",\"width\":1073,\"height\":1202,\"caption\":\"Milprep\"},\"image\":{\"@id\":\"https:\/\/milprep.eu\/fr\/#\/schema\/logo\/image\/\"},\"sameAs\":[\"https:\/\/www.facebook.com\/milprep.eu\/\",\"https:\/\/www.instagram.com\/milprep.eu\/\"]}]}<\/script>\n<!-- \/ Yoast SEO plugin. -->","yoast_head_json":{"title":"Extrait de crini\u00e8re de lion - Milprep","description":"L'extrait de crini\u00e8re de lion (500 mg) favorise la concentration, la m\u00e9moire et la r\u00e9g\u00e9n\u00e9ration nerveuse\u00a0: un nootropique naturel pour une pens\u00e9e claire et une r\u00e9cup\u00e9ration c\u00e9r\u00e9brale.","robots":{"index":"index","follow":"follow","max-snippet":"max-snippet:-1","max-image-preview":"max-image-preview:large","max-video-preview":"max-video-preview:-1"},"canonical":"https:\/\/milprep.eu\/fr\/produit\/extrait-de-criniere-de-lion\/","og_locale":"fr_FR","og_type":"article","og_title":"Extrait de crini\u00e8re de lion - Milprep","og_description":"L'extrait de crini\u00e8re de lion (500 mg) favorise la concentration, la m\u00e9moire et la r\u00e9g\u00e9n\u00e9ration nerveuse\u00a0: un nootropique naturel pour une pens\u00e9e claire et une r\u00e9cup\u00e9ration c\u00e9r\u00e9brale.","og_url":"https:\/\/milprep.eu\/fr\/produit\/extrait-de-criniere-de-lion\/","og_site_name":"Milprep","article_publisher":"https:\/\/www.facebook.com\/milprep.eu\/","og_image":[{"width":640,"height":640,"url":"https:\/\/milprep.eu\/wp-content\/uploads\/2025\/12\/Lion8020Mane20-20mg209020capsules.webp","type":"image\/webp"}],"twitter_card":"summary_large_image","twitter_misc":{"Dur\u00e9e de lecture estim\u00e9e":"1 minute"},"schema":{"@context":"https:\/\/schema.org","@graph":[{"@type":"WebPage","@id":"https:\/\/milprep.eu\/fr\/produit\/extrait-de-criniere-de-lion\/","url":"https:\/\/milprep.eu\/fr\/produit\/extrait-de-criniere-de-lion\/","name":"Extrait de crini\u00e8re de lion - Milprep","isPartOf":{"@id":"https:\/\/milprep.eu\/fr\/#website"},"primaryImageOfPage":{"@id":"https:\/\/milprep.eu\/fr\/produit\/extrait-de-criniere-de-lion\/#primaryimage"},"image":{"@id":"https:\/\/milprep.eu\/fr\/produit\/extrait-de-criniere-de-lion\/#primaryimage"},"thumbnailUrl":"https:\/\/milprep.eu\/wp-content\/uploads\/2025\/12\/Lion8020Mane20-20mg209020capsules.webp","datePublished":"2025-12-14T18:04:58+00:00","description":"L'extrait de crini\u00e8re de lion (500 mg) favorise la concentration, la m\u00e9moire et la r\u00e9g\u00e9n\u00e9ration nerveuse\u00a0: un nootropique naturel pour une pens\u00e9e claire et une r\u00e9cup\u00e9ration c\u00e9r\u00e9brale.","breadcrumb":{"@id":"https:\/\/milprep.eu\/fr\/produit\/extrait-de-criniere-de-lion\/#breadcrumb"},"inLanguage":"fr-FR","potentialAction":[{"@type":"ReadAction","target":["https:\/\/milprep.eu\/fr\/produit\/extrait-de-criniere-de-lion\/"]}]},{"@type":"ImageObject","inLanguage":"fr-FR","@id":"https:\/\/milprep.eu\/fr\/produit\/extrait-de-criniere-de-lion\/#primaryimage","url":"https:\/\/milprep.eu\/wp-content\/uploads\/2025\/12\/Lion8020Mane20-20mg209020capsules.webp","contentUrl":"https:\/\/milprep.eu\/wp-content\/uploads\/2025\/12\/Lion8020Mane20-20mg209020capsules.webp","width":640,"height":640},{"@type":"BreadcrumbList","@id":"https:\/\/milprep.eu\/fr\/produit\/extrait-de-criniere-de-lion\/#breadcrumb","itemListElement":[{"@type":"ListItem","position":1,"name":"Homepage","item":"https:\/\/milprep.eu\/fr\/"},{"@type":"ListItem","position":2,"name":"Boutique","item":"https:\/\/milprep.eu\/fr\/boutique\/"},{"@type":"ListItem","position":3,"name":"Extrait de crini\u00e8re de lion"}]},{"@type":"WebSite","@id":"https:\/\/milprep.eu\/fr\/#website","url":"https:\/\/milprep.eu\/fr\/","name":"Milprep","description":"Be Prepared","publisher":{"@id":"https:\/\/milprep.eu\/fr\/#organization"},"potentialAction":[{"@type":"SearchAction","target":{"@type":"EntryPoint","urlTemplate":"https:\/\/milprep.eu\/fr\/?s={search_term_string}"},"query-input":{"@type":"PropertyValueSpecification","valueRequired":true,"valueName":"search_term_string"}}],"inLanguage":"fr-FR"},{"@type":"Organization","@id":"https:\/\/milprep.eu\/fr\/#organization","name":"Milprep","url":"https:\/\/milprep.eu\/fr\/","logo":{"@type":"ImageObject","inLanguage":"fr-FR","@id":"https:\/\/milprep.eu\/fr\/#\/schema\/logo\/image\/","url":"https:\/\/milprep.eu\/wp-content\/uploads\/2025\/04\/cropped-mill5-removebg.png","contentUrl":"https:\/\/milprep.eu\/wp-content\/uploads\/2025\/04\/cropped-mill5-removebg.png","width":1073,"height":1202,"caption":"Milprep"},"image":{"@id":"https:\/\/milprep.eu\/fr\/#\/schema\/logo\/image\/"},"sameAs":["https:\/\/www.facebook.com\/milprep.eu\/","https:\/\/www.instagram.com\/milprep.eu\/"]}]}},"_links":{"self":[{"href":"https:\/\/milprep.eu\/fr\/wp-json\/wp\/v2\/product\/5197","targetHints":{"allow":["GET"]}}],"collection":[{"href":"https:\/\/milprep.eu\/fr\/wp-json\/wp\/v2\/product"}],"about":[{"href":"https:\/\/milprep.eu\/fr\/wp-json\/wp\/v2\/types\/product"}],"replies":[{"embeddable":true,"href":"https:\/\/milprep.eu\/fr\/wp-json\/wp\/v2\/comments?post=5197"}],"wp:featuredmedia":[{"embeddable":true,"href":"https:\/\/milprep.eu\/fr\/wp-json\/wp\/v2\/media\/4934"}],"wp:attachment":[{"href":"https:\/\/milprep.eu\/fr\/wp-json\/wp\/v2\/media?parent=5197"}],"wp:term":[{"taxonomy":"product_brand","embeddable":true,"href":"https:\/\/milprep.eu\/fr\/wp-json\/wp\/v2\/product_brand?post=5197"},{"taxonomy":"product_cat","embeddable":true,"href":"https:\/\/milprep.eu\/fr\/wp-json\/wp\/v2\/product_cat?post=5197"},{"taxonomy":"product_tag","embeddable":true,"href":"https:\/\/milprep.eu\/fr\/wp-json\/wp\/v2\/product_tag?post=5197"}],"curies":[{"name":"wp","href":"https:\/\/api.w.org\/{rel}","templated":true}]}}