{"id":5216,"date":"2025-08-17T19:04:16","date_gmt":"2025-08-17T19:04:16","guid":{"rendered":"https:\/\/milprep.eu\/product\/huile-de-cuisson-en-spray\/"},"modified":"2025-08-17T19:04:16","modified_gmt":"2025-08-17T19:04:16","slug":"huile-de-cuisson-en-spray","status":"publish","type":"product","link":"https:\/\/milprep.eu\/fr\/produit\/huile-de-cuisson-en-spray\/","title":{"rendered":"Huile de cuisson en spray"},"content":{"rendered":"<p data-start=\"202\" data-end=\"255\"><strong data-start=\"202\" data-end=\"255\">Huile de cuisson hypocalorique \u2013 Cuisinez sainement, restez mince<\/strong><\/p>\n<p data-start=\"257\" data-end=\"540\">Maximisez la saveur et contr\u00f4lez les calories avec notre <strong data-start=\"303\" data-end=\"332\">huile de cuisson hypocalorique en spray<\/strong>, l&rsquo;outil parfait pour tous ceux qui se concentrent sur une <strong data-start=\"374\" data-end=\"409\">cuisine l\u00e9g\u00e8re sans compromis<\/strong>. Que vous fassiez frire des \u0153ufs, griller de la viande ou pr\u00e9parer des l\u00e9gumes, ce spray vous permet de cuisiner efficacement avec <strong data-start=\"517\" data-end=\"539\">un minimum de graisses ajout\u00e9es<\/strong>.<\/p>\n<p data-start=\"542\" data-end=\"715\">Id\u00e9al pour les <strong data-start=\"552\" data-end=\"570\">phases de r\u00e9gime<\/strong> ou pour tous ceux qui surveillent leurs macros, il vous aide \u00e0 \u00e9viter les calories cach\u00e9es des huiles et des beurres, tout en emp\u00eachant les aliments de coller et en rehaussant le go\u00fbt.<\/p>\n<p data-start=\"717\" data-end=\"934\">\u2713 Tr\u00e8s faible en calories \u2013 id\u00e9al pour les r\u00e9gimes<br data-start=\"760\" data-end=\"763\">\u2713 Aide \u00e0 r\u00e9duire les graisses \u00ab cach\u00e9es \u00bb dans les repas<br data-start=\"800\" data-end=\"803\">\u2713 Parfait pour les casseroles, les grils et les friteuses \u00e0 air<br data-start=\"845\" data-end=\"848\">\u2713 Go\u00fbt neutre, s&rsquo;adapte \u00e0 tous les plats<br data-start=\"884\" data-end=\"887\">\u2713 Portions propres et contr\u00f4l\u00e9es \u00e0 chaque pulv\u00e9risation<\/p>\n<p data-start=\"936\" data-end=\"981\">Entra\u00eenez-vous avec pr\u00e9cision et cuisinez de la m\u00eame mani\u00e8re.<\/p>\n","protected":false},"excerpt":{"rendered":"<p>Huile de cuisson hypocalorique \u2013 Cuisinez sainement, restez mince Maximisez la saveur et contr\u00f4lez les calories avec notre huile de cuisson hypocalorique en spray, l&rsquo;outil parfait pour tous ceux qui se concentrent sur une cuisine l\u00e9g\u00e8re sans compromis. Que vous fassiez frire des \u0153ufs, griller de la viande ou pr\u00e9parer des l\u00e9gumes, ce spray vous<span class=\"more-dots\">&#8230;<\/span><\/p>\n","protected":false},"featured_media":4813,"comment_status":"open","ping_status":"closed","template":"","meta":[],"product_brand":[],"product_cat":[76],"product_tag":[],"class_list":{"0":"post-5216","1":"product","2":"type-product","3":"status-publish","4":"has-post-thumbnail","6":"product_cat-non-categorise","8":"first","9":"instock","10":"sale","11":"shipping-taxable","12":"purchasable","13":"product-type-simple"},"yoast_head":"<!-- This site is optimized with the Yoast SEO plugin v26.6 - https:\/\/yoast.com\/wordpress\/plugins\/seo\/ -->\n<title>Huile de cuisson en spray - Milprep<\/title>\n<meta name=\"description\" content=\"Huile de cuisson en spray hypocalorique pour des repas l\u00e9gers sans graisses ajout\u00e9es, parfait pour les r\u00e9gimes ou une alimentation saine. Cuisinez plus intelligemment, restez mince.\" \/>\n<meta name=\"robots\" content=\"index, follow, max-snippet:-1, max-image-preview:large, max-video-preview:-1\" \/>\n<link rel=\"canonical\" href=\"https:\/\/milprep.eu\/fr\/produit\/huile-de-cuisson-en-spray\/\" \/>\n<meta property=\"og:locale\" content=\"fr_FR\" \/>\n<meta property=\"og:type\" content=\"article\" \/>\n<meta property=\"og:title\" content=\"Huile de cuisson en spray - Milprep\" \/>\n<meta property=\"og:description\" content=\"Huile de cuisson en spray hypocalorique pour des repas l\u00e9gers sans graisses ajout\u00e9es, parfait pour les r\u00e9gimes ou une alimentation saine. Cuisinez plus intelligemment, restez mince.\" \/>\n<meta property=\"og:url\" content=\"https:\/\/milprep.eu\/fr\/produit\/huile-de-cuisson-en-spray\/\" \/>\n<meta property=\"og:site_name\" content=\"Milprep\" \/>\n<meta property=\"article:publisher\" content=\"https:\/\/www.facebook.com\/milprep.eu\/\" \/>\n<meta property=\"og:image\" content=\"https:\/\/milprep.eu\/wp-content\/uploads\/2025\/08\/Perfect20Spray20200ml.webp\" \/>\n\t<meta property=\"og:image:width\" content=\"640\" \/>\n\t<meta property=\"og:image:height\" content=\"640\" \/>\n\t<meta property=\"og:image:type\" content=\"image\/webp\" \/>\n<meta name=\"twitter:card\" content=\"summary_large_image\" \/>\n<meta name=\"twitter:label1\" content=\"Dur\u00e9e de lecture estim\u00e9e\" \/>\n\t<meta name=\"twitter:data1\" content=\"1 minute\" \/>\n<script type=\"application\/ld+json\" class=\"yoast-schema-graph\">{\"@context\":\"https:\/\/schema.org\",\"@graph\":[{\"@type\":\"WebPage\",\"@id\":\"https:\/\/milprep.eu\/fr\/produit\/huile-de-cuisson-en-spray\/\",\"url\":\"https:\/\/milprep.eu\/fr\/produit\/huile-de-cuisson-en-spray\/\",\"name\":\"Huile de cuisson en spray - Milprep\",\"isPartOf\":{\"@id\":\"https:\/\/milprep.eu\/fr\/#website\"},\"primaryImageOfPage\":{\"@id\":\"https:\/\/milprep.eu\/fr\/produit\/huile-de-cuisson-en-spray\/#primaryimage\"},\"image\":{\"@id\":\"https:\/\/milprep.eu\/fr\/produit\/huile-de-cuisson-en-spray\/#primaryimage\"},\"thumbnailUrl\":\"https:\/\/milprep.eu\/wp-content\/uploads\/2025\/08\/Perfect20Spray20200ml.webp\",\"datePublished\":\"2025-08-17T19:04:16+00:00\",\"description\":\"Huile de cuisson en spray hypocalorique pour des repas l\u00e9gers sans graisses ajout\u00e9es, parfait pour les r\u00e9gimes ou une alimentation saine. Cuisinez plus intelligemment, restez mince.\",\"breadcrumb\":{\"@id\":\"https:\/\/milprep.eu\/fr\/produit\/huile-de-cuisson-en-spray\/#breadcrumb\"},\"inLanguage\":\"fr-FR\",\"potentialAction\":[{\"@type\":\"ReadAction\",\"target\":[\"https:\/\/milprep.eu\/fr\/produit\/huile-de-cuisson-en-spray\/\"]}]},{\"@type\":\"ImageObject\",\"inLanguage\":\"fr-FR\",\"@id\":\"https:\/\/milprep.eu\/fr\/produit\/huile-de-cuisson-en-spray\/#primaryimage\",\"url\":\"https:\/\/milprep.eu\/wp-content\/uploads\/2025\/08\/Perfect20Spray20200ml.webp\",\"contentUrl\":\"https:\/\/milprep.eu\/wp-content\/uploads\/2025\/08\/Perfect20Spray20200ml.webp\",\"width\":640,\"height\":640},{\"@type\":\"BreadcrumbList\",\"@id\":\"https:\/\/milprep.eu\/fr\/produit\/huile-de-cuisson-en-spray\/#breadcrumb\",\"itemListElement\":[{\"@type\":\"ListItem\",\"position\":1,\"name\":\"Homepage\",\"item\":\"https:\/\/milprep.eu\/fr\/\"},{\"@type\":\"ListItem\",\"position\":2,\"name\":\"Boutique\",\"item\":\"https:\/\/milprep.eu\/fr\/boutique\/\"},{\"@type\":\"ListItem\",\"position\":3,\"name\":\"Huile de cuisson en spray\"}]},{\"@type\":\"WebSite\",\"@id\":\"https:\/\/milprep.eu\/fr\/#website\",\"url\":\"https:\/\/milprep.eu\/fr\/\",\"name\":\"Milprep\",\"description\":\"Be Prepared\",\"publisher\":{\"@id\":\"https:\/\/milprep.eu\/fr\/#organization\"},\"potentialAction\":[{\"@type\":\"SearchAction\",\"target\":{\"@type\":\"EntryPoint\",\"urlTemplate\":\"https:\/\/milprep.eu\/fr\/?s={search_term_string}\"},\"query-input\":{\"@type\":\"PropertyValueSpecification\",\"valueRequired\":true,\"valueName\":\"search_term_string\"}}],\"inLanguage\":\"fr-FR\"},{\"@type\":\"Organization\",\"@id\":\"https:\/\/milprep.eu\/fr\/#organization\",\"name\":\"Milprep\",\"url\":\"https:\/\/milprep.eu\/fr\/\",\"logo\":{\"@type\":\"ImageObject\",\"inLanguage\":\"fr-FR\",\"@id\":\"https:\/\/milprep.eu\/fr\/#\/schema\/logo\/image\/\",\"url\":\"https:\/\/milprep.eu\/wp-content\/uploads\/2025\/04\/cropped-mill5-removebg.png\",\"contentUrl\":\"https:\/\/milprep.eu\/wp-content\/uploads\/2025\/04\/cropped-mill5-removebg.png\",\"width\":1073,\"height\":1202,\"caption\":\"Milprep\"},\"image\":{\"@id\":\"https:\/\/milprep.eu\/fr\/#\/schema\/logo\/image\/\"},\"sameAs\":[\"https:\/\/www.facebook.com\/milprep.eu\/\",\"https:\/\/www.instagram.com\/milprep.eu\/\"]}]}<\/script>\n<!-- \/ Yoast SEO plugin. -->","yoast_head_json":{"title":"Huile de cuisson en spray - Milprep","description":"Huile de cuisson en spray hypocalorique pour des repas l\u00e9gers sans graisses ajout\u00e9es, parfait pour les r\u00e9gimes ou une alimentation saine. Cuisinez plus intelligemment, restez mince.","robots":{"index":"index","follow":"follow","max-snippet":"max-snippet:-1","max-image-preview":"max-image-preview:large","max-video-preview":"max-video-preview:-1"},"canonical":"https:\/\/milprep.eu\/fr\/produit\/huile-de-cuisson-en-spray\/","og_locale":"fr_FR","og_type":"article","og_title":"Huile de cuisson en spray - Milprep","og_description":"Huile de cuisson en spray hypocalorique pour des repas l\u00e9gers sans graisses ajout\u00e9es, parfait pour les r\u00e9gimes ou une alimentation saine. Cuisinez plus intelligemment, restez mince.","og_url":"https:\/\/milprep.eu\/fr\/produit\/huile-de-cuisson-en-spray\/","og_site_name":"Milprep","article_publisher":"https:\/\/www.facebook.com\/milprep.eu\/","og_image":[{"width":640,"height":640,"url":"https:\/\/milprep.eu\/wp-content\/uploads\/2025\/08\/Perfect20Spray20200ml.webp","type":"image\/webp"}],"twitter_card":"summary_large_image","twitter_misc":{"Dur\u00e9e de lecture estim\u00e9e":"1 minute"},"schema":{"@context":"https:\/\/schema.org","@graph":[{"@type":"WebPage","@id":"https:\/\/milprep.eu\/fr\/produit\/huile-de-cuisson-en-spray\/","url":"https:\/\/milprep.eu\/fr\/produit\/huile-de-cuisson-en-spray\/","name":"Huile de cuisson en spray - Milprep","isPartOf":{"@id":"https:\/\/milprep.eu\/fr\/#website"},"primaryImageOfPage":{"@id":"https:\/\/milprep.eu\/fr\/produit\/huile-de-cuisson-en-spray\/#primaryimage"},"image":{"@id":"https:\/\/milprep.eu\/fr\/produit\/huile-de-cuisson-en-spray\/#primaryimage"},"thumbnailUrl":"https:\/\/milprep.eu\/wp-content\/uploads\/2025\/08\/Perfect20Spray20200ml.webp","datePublished":"2025-08-17T19:04:16+00:00","description":"Huile de cuisson en spray hypocalorique pour des repas l\u00e9gers sans graisses ajout\u00e9es, parfait pour les r\u00e9gimes ou une alimentation saine. Cuisinez plus intelligemment, restez mince.","breadcrumb":{"@id":"https:\/\/milprep.eu\/fr\/produit\/huile-de-cuisson-en-spray\/#breadcrumb"},"inLanguage":"fr-FR","potentialAction":[{"@type":"ReadAction","target":["https:\/\/milprep.eu\/fr\/produit\/huile-de-cuisson-en-spray\/"]}]},{"@type":"ImageObject","inLanguage":"fr-FR","@id":"https:\/\/milprep.eu\/fr\/produit\/huile-de-cuisson-en-spray\/#primaryimage","url":"https:\/\/milprep.eu\/wp-content\/uploads\/2025\/08\/Perfect20Spray20200ml.webp","contentUrl":"https:\/\/milprep.eu\/wp-content\/uploads\/2025\/08\/Perfect20Spray20200ml.webp","width":640,"height":640},{"@type":"BreadcrumbList","@id":"https:\/\/milprep.eu\/fr\/produit\/huile-de-cuisson-en-spray\/#breadcrumb","itemListElement":[{"@type":"ListItem","position":1,"name":"Homepage","item":"https:\/\/milprep.eu\/fr\/"},{"@type":"ListItem","position":2,"name":"Boutique","item":"https:\/\/milprep.eu\/fr\/boutique\/"},{"@type":"ListItem","position":3,"name":"Huile de cuisson en spray"}]},{"@type":"WebSite","@id":"https:\/\/milprep.eu\/fr\/#website","url":"https:\/\/milprep.eu\/fr\/","name":"Milprep","description":"Be Prepared","publisher":{"@id":"https:\/\/milprep.eu\/fr\/#organization"},"potentialAction":[{"@type":"SearchAction","target":{"@type":"EntryPoint","urlTemplate":"https:\/\/milprep.eu\/fr\/?s={search_term_string}"},"query-input":{"@type":"PropertyValueSpecification","valueRequired":true,"valueName":"search_term_string"}}],"inLanguage":"fr-FR"},{"@type":"Organization","@id":"https:\/\/milprep.eu\/fr\/#organization","name":"Milprep","url":"https:\/\/milprep.eu\/fr\/","logo":{"@type":"ImageObject","inLanguage":"fr-FR","@id":"https:\/\/milprep.eu\/fr\/#\/schema\/logo\/image\/","url":"https:\/\/milprep.eu\/wp-content\/uploads\/2025\/04\/cropped-mill5-removebg.png","contentUrl":"https:\/\/milprep.eu\/wp-content\/uploads\/2025\/04\/cropped-mill5-removebg.png","width":1073,"height":1202,"caption":"Milprep"},"image":{"@id":"https:\/\/milprep.eu\/fr\/#\/schema\/logo\/image\/"},"sameAs":["https:\/\/www.facebook.com\/milprep.eu\/","https:\/\/www.instagram.com\/milprep.eu\/"]}]}},"_links":{"self":[{"href":"https:\/\/milprep.eu\/fr\/wp-json\/wp\/v2\/product\/5216","targetHints":{"allow":["GET"]}}],"collection":[{"href":"https:\/\/milprep.eu\/fr\/wp-json\/wp\/v2\/product"}],"about":[{"href":"https:\/\/milprep.eu\/fr\/wp-json\/wp\/v2\/types\/product"}],"replies":[{"embeddable":true,"href":"https:\/\/milprep.eu\/fr\/wp-json\/wp\/v2\/comments?post=5216"}],"wp:featuredmedia":[{"embeddable":true,"href":"https:\/\/milprep.eu\/fr\/wp-json\/wp\/v2\/media\/4813"}],"wp:attachment":[{"href":"https:\/\/milprep.eu\/fr\/wp-json\/wp\/v2\/media?parent=5216"}],"wp:term":[{"taxonomy":"product_brand","embeddable":true,"href":"https:\/\/milprep.eu\/fr\/wp-json\/wp\/v2\/product_brand?post=5216"},{"taxonomy":"product_cat","embeddable":true,"href":"https:\/\/milprep.eu\/fr\/wp-json\/wp\/v2\/product_cat?post=5216"},{"taxonomy":"product_tag","embeddable":true,"href":"https:\/\/milprep.eu\/fr\/wp-json\/wp\/v2\/product_tag?post=5216"}],"curies":[{"name":"wp","href":"https:\/\/api.w.org\/{rel}","templated":true}]}}