{"id":5220,"date":"2025-12-14T17:59:06","date_gmt":"2025-12-14T17:59:06","guid":{"rendered":"https:\/\/milprep.eu\/product\/chews-de-cafeine\/"},"modified":"2025-12-14T17:59:06","modified_gmt":"2025-12-14T17:59:06","slug":"chews-de-cafeine","status":"publish","type":"product","link":"https:\/\/milprep.eu\/fr\/produit\/chews-de-cafeine\/","title":{"rendered":"Chews de caf\u00e9ine"},"content":{"rendered":"<p data-start=\"212\" data-end=\"278\"><strong data-start=\"212\" data-end=\"278\">Comprim\u00e9s de caf\u00e9ine \u00e0 croquer (50 mg) \u2013 Concentration rapide, sans liquide n\u00e9cessaire<\/strong><\/p>\n<p data-start=\"280\" data-end=\"635\">Restez vif et plein d&rsquo;entrain partout et \u00e0 tout moment gr\u00e2ce aux <strong data-start=\"328\" data-end=\"356\">comprim\u00e9s de caf\u00e9ine \u00e0 croquer<\/strong> \u2014 fournissant <strong data-start=\"370\" data-end=\"402\">50 mg de caf\u00e9ine \u00e0 action rapide<\/strong> par dose dans un format compact et \u00e0 croquer. Parfaits pour les r\u00e9veils matinaux, les longues s\u00e9ances d&rsquo;\u00e9tude, l&rsquo;entra\u00eenement sur le terrain ou les s\u00e9ances d&rsquo;entra\u00eenement tardives, ces comprim\u00e9s vous donnent un coup de pouce mental et physique sans les inconv\u00e9nients du caf\u00e9 ou des boissons \u00e9nergisantes.<\/p>\n<p data-start=\"637\" data-end=\"753\">Sans <strong data-start=\"642\" data-end=\"672\">sucre ni calories ajout\u00e9s<\/strong>, ils sont id\u00e9aux pendant les phases de r\u00e9gime ou lorsque l&rsquo;hydratation doit rester contr\u00f4l\u00e9e.<\/p>\n<p data-start=\"755\" data-end=\"972\">\u2713 50 mg de caf\u00e9ine par comprim\u00e9 \u2013 coup de pouce rapide et efficace<br data-start=\"806\" data-end=\"809\">\u2713 Format \u00e0 croquer \u2013 pas d&rsquo;eau, pas de pr\u00e9paration<br data-start=\"846\" data-end=\"849\">\u2713 Id\u00e9al pour la concentration, la vigilance et l&rsquo;\u00e9nergie<br data-start=\"889\" data-end=\"892\">\u2713 Sans sucre, sans calories \u2013 id\u00e9al pour les r\u00e9gimes<br data-start=\"935\" data-end=\"938\">\u2713 Format de poche et pr\u00eat pour la mission<\/p>\n<p data-start=\"974\" data-end=\"1043\">Concentrez-vous plus vite. Bougez plus pr\u00e9cis\u00e9ment. Soyez plus performant, peu importe o\u00f9 vous \u00eates.<\/p>\n","protected":false},"excerpt":{"rendered":"<p>Comprim\u00e9s de caf\u00e9ine \u00e0 croquer (50 mg) \u2013 Concentration rapide, sans liquide n\u00e9cessaire Restez vif et plein d&rsquo;entrain partout et \u00e0 tout moment gr\u00e2ce aux comprim\u00e9s de caf\u00e9ine \u00e0 croquer \u2014 fournissant 50 mg de caf\u00e9ine \u00e0 action rapide par dose dans un format compact et \u00e0 croquer. Parfaits pour les r\u00e9veils matinaux, les longues<span class=\"more-dots\">&#8230;<\/span><\/p>\n","protected":false},"featured_media":4929,"comment_status":"open","ping_status":"closed","template":"","meta":[],"product_brand":[],"product_cat":[81],"product_tag":[],"class_list":{"0":"post-5220","1":"product","2":"type-product","3":"status-publish","4":"has-post-thumbnail","6":"product_cat-pre-workout","8":"first","9":"instock","10":"sale","11":"shipping-taxable","12":"purchasable","13":"product-type-simple"},"yoast_head":"<!-- This site is optimized with the Yoast SEO plugin v26.6 - https:\/\/yoast.com\/wordpress\/plugins\/seo\/ -->\n<title>Chews de caf\u00e9ine - Milprep<\/title>\n<meta name=\"description\" content=\"Comprim\u00e9s \u00e0 croquer \u00e0 action rapide (50 mg) pour une \u00e9nergie et une concentration optimales \u2014 sans eau, sans sucre, sans calories. Performance de poche, \u00e0 tout moment.\" \/>\n<meta name=\"robots\" content=\"index, follow, max-snippet:-1, max-image-preview:large, max-video-preview:-1\" \/>\n<link rel=\"canonical\" href=\"https:\/\/milprep.eu\/fr\/produit\/chews-de-cafeine\/\" \/>\n<meta property=\"og:locale\" content=\"fr_FR\" \/>\n<meta property=\"og:type\" content=\"article\" \/>\n<meta property=\"og:title\" content=\"Chews de caf\u00e9ine - Milprep\" \/>\n<meta property=\"og:description\" content=\"Comprim\u00e9s \u00e0 croquer \u00e0 action rapide (50 mg) pour une \u00e9nergie et une concentration optimales \u2014 sans eau, sans sucre, sans calories. Performance de poche, \u00e0 tout moment.\" \/>\n<meta property=\"og:url\" content=\"https:\/\/milprep.eu\/fr\/produit\/chews-de-cafeine\/\" \/>\n<meta property=\"og:site_name\" content=\"Milprep\" \/>\n<meta property=\"article:publisher\" content=\"https:\/\/www.facebook.com\/milprep.eu\/\" \/>\n<meta property=\"og:image\" content=\"https:\/\/milprep.eu\/wp-content\/uploads\/2025\/12\/CafeAFne205020-20kauwtabletten.webp\" \/>\n\t<meta property=\"og:image:width\" content=\"640\" \/>\n\t<meta property=\"og:image:height\" content=\"640\" \/>\n\t<meta property=\"og:image:type\" content=\"image\/webp\" \/>\n<meta name=\"twitter:card\" content=\"summary_large_image\" \/>\n<meta name=\"twitter:label1\" content=\"Dur\u00e9e de lecture estim\u00e9e\" \/>\n\t<meta name=\"twitter:data1\" content=\"1 minute\" \/>\n<script type=\"application\/ld+json\" class=\"yoast-schema-graph\">{\"@context\":\"https:\/\/schema.org\",\"@graph\":[{\"@type\":\"WebPage\",\"@id\":\"https:\/\/milprep.eu\/fr\/produit\/chews-de-cafeine\/\",\"url\":\"https:\/\/milprep.eu\/fr\/produit\/chews-de-cafeine\/\",\"name\":\"Chews de caf\u00e9ine - Milprep\",\"isPartOf\":{\"@id\":\"https:\/\/milprep.eu\/fr\/#website\"},\"primaryImageOfPage\":{\"@id\":\"https:\/\/milprep.eu\/fr\/produit\/chews-de-cafeine\/#primaryimage\"},\"image\":{\"@id\":\"https:\/\/milprep.eu\/fr\/produit\/chews-de-cafeine\/#primaryimage\"},\"thumbnailUrl\":\"https:\/\/milprep.eu\/wp-content\/uploads\/2025\/12\/CafeAFne205020-20kauwtabletten.webp\",\"datePublished\":\"2025-12-14T17:59:06+00:00\",\"description\":\"Comprim\u00e9s \u00e0 croquer \u00e0 action rapide (50 mg) pour une \u00e9nergie et une concentration optimales \u2014 sans eau, sans sucre, sans calories. Performance de poche, \u00e0 tout moment.\",\"breadcrumb\":{\"@id\":\"https:\/\/milprep.eu\/fr\/produit\/chews-de-cafeine\/#breadcrumb\"},\"inLanguage\":\"fr-FR\",\"potentialAction\":[{\"@type\":\"ReadAction\",\"target\":[\"https:\/\/milprep.eu\/fr\/produit\/chews-de-cafeine\/\"]}]},{\"@type\":\"ImageObject\",\"inLanguage\":\"fr-FR\",\"@id\":\"https:\/\/milprep.eu\/fr\/produit\/chews-de-cafeine\/#primaryimage\",\"url\":\"https:\/\/milprep.eu\/wp-content\/uploads\/2025\/12\/CafeAFne205020-20kauwtabletten.webp\",\"contentUrl\":\"https:\/\/milprep.eu\/wp-content\/uploads\/2025\/12\/CafeAFne205020-20kauwtabletten.webp\",\"width\":640,\"height\":640},{\"@type\":\"BreadcrumbList\",\"@id\":\"https:\/\/milprep.eu\/fr\/produit\/chews-de-cafeine\/#breadcrumb\",\"itemListElement\":[{\"@type\":\"ListItem\",\"position\":1,\"name\":\"Homepage\",\"item\":\"https:\/\/milprep.eu\/fr\/\"},{\"@type\":\"ListItem\",\"position\":2,\"name\":\"Boutique\",\"item\":\"https:\/\/milprep.eu\/fr\/boutique\/\"},{\"@type\":\"ListItem\",\"position\":3,\"name\":\"Chews de caf\u00e9ine\"}]},{\"@type\":\"WebSite\",\"@id\":\"https:\/\/milprep.eu\/fr\/#website\",\"url\":\"https:\/\/milprep.eu\/fr\/\",\"name\":\"Milprep\",\"description\":\"Be Prepared\",\"publisher\":{\"@id\":\"https:\/\/milprep.eu\/fr\/#organization\"},\"potentialAction\":[{\"@type\":\"SearchAction\",\"target\":{\"@type\":\"EntryPoint\",\"urlTemplate\":\"https:\/\/milprep.eu\/fr\/?s={search_term_string}\"},\"query-input\":{\"@type\":\"PropertyValueSpecification\",\"valueRequired\":true,\"valueName\":\"search_term_string\"}}],\"inLanguage\":\"fr-FR\"},{\"@type\":\"Organization\",\"@id\":\"https:\/\/milprep.eu\/fr\/#organization\",\"name\":\"Milprep\",\"url\":\"https:\/\/milprep.eu\/fr\/\",\"logo\":{\"@type\":\"ImageObject\",\"inLanguage\":\"fr-FR\",\"@id\":\"https:\/\/milprep.eu\/fr\/#\/schema\/logo\/image\/\",\"url\":\"https:\/\/milprep.eu\/wp-content\/uploads\/2025\/04\/cropped-mill5-removebg.png\",\"contentUrl\":\"https:\/\/milprep.eu\/wp-content\/uploads\/2025\/04\/cropped-mill5-removebg.png\",\"width\":1073,\"height\":1202,\"caption\":\"Milprep\"},\"image\":{\"@id\":\"https:\/\/milprep.eu\/fr\/#\/schema\/logo\/image\/\"},\"sameAs\":[\"https:\/\/www.facebook.com\/milprep.eu\/\",\"https:\/\/www.instagram.com\/milprep.eu\/\"]}]}<\/script>\n<!-- \/ Yoast SEO plugin. -->","yoast_head_json":{"title":"Chews de caf\u00e9ine - Milprep","description":"Comprim\u00e9s \u00e0 croquer \u00e0 action rapide (50 mg) pour une \u00e9nergie et une concentration optimales \u2014 sans eau, sans sucre, sans calories. Performance de poche, \u00e0 tout moment.","robots":{"index":"index","follow":"follow","max-snippet":"max-snippet:-1","max-image-preview":"max-image-preview:large","max-video-preview":"max-video-preview:-1"},"canonical":"https:\/\/milprep.eu\/fr\/produit\/chews-de-cafeine\/","og_locale":"fr_FR","og_type":"article","og_title":"Chews de caf\u00e9ine - Milprep","og_description":"Comprim\u00e9s \u00e0 croquer \u00e0 action rapide (50 mg) pour une \u00e9nergie et une concentration optimales \u2014 sans eau, sans sucre, sans calories. Performance de poche, \u00e0 tout moment.","og_url":"https:\/\/milprep.eu\/fr\/produit\/chews-de-cafeine\/","og_site_name":"Milprep","article_publisher":"https:\/\/www.facebook.com\/milprep.eu\/","og_image":[{"width":640,"height":640,"url":"https:\/\/milprep.eu\/wp-content\/uploads\/2025\/12\/CafeAFne205020-20kauwtabletten.webp","type":"image\/webp"}],"twitter_card":"summary_large_image","twitter_misc":{"Dur\u00e9e de lecture estim\u00e9e":"1 minute"},"schema":{"@context":"https:\/\/schema.org","@graph":[{"@type":"WebPage","@id":"https:\/\/milprep.eu\/fr\/produit\/chews-de-cafeine\/","url":"https:\/\/milprep.eu\/fr\/produit\/chews-de-cafeine\/","name":"Chews de caf\u00e9ine - Milprep","isPartOf":{"@id":"https:\/\/milprep.eu\/fr\/#website"},"primaryImageOfPage":{"@id":"https:\/\/milprep.eu\/fr\/produit\/chews-de-cafeine\/#primaryimage"},"image":{"@id":"https:\/\/milprep.eu\/fr\/produit\/chews-de-cafeine\/#primaryimage"},"thumbnailUrl":"https:\/\/milprep.eu\/wp-content\/uploads\/2025\/12\/CafeAFne205020-20kauwtabletten.webp","datePublished":"2025-12-14T17:59:06+00:00","description":"Comprim\u00e9s \u00e0 croquer \u00e0 action rapide (50 mg) pour une \u00e9nergie et une concentration optimales \u2014 sans eau, sans sucre, sans calories. Performance de poche, \u00e0 tout moment.","breadcrumb":{"@id":"https:\/\/milprep.eu\/fr\/produit\/chews-de-cafeine\/#breadcrumb"},"inLanguage":"fr-FR","potentialAction":[{"@type":"ReadAction","target":["https:\/\/milprep.eu\/fr\/produit\/chews-de-cafeine\/"]}]},{"@type":"ImageObject","inLanguage":"fr-FR","@id":"https:\/\/milprep.eu\/fr\/produit\/chews-de-cafeine\/#primaryimage","url":"https:\/\/milprep.eu\/wp-content\/uploads\/2025\/12\/CafeAFne205020-20kauwtabletten.webp","contentUrl":"https:\/\/milprep.eu\/wp-content\/uploads\/2025\/12\/CafeAFne205020-20kauwtabletten.webp","width":640,"height":640},{"@type":"BreadcrumbList","@id":"https:\/\/milprep.eu\/fr\/produit\/chews-de-cafeine\/#breadcrumb","itemListElement":[{"@type":"ListItem","position":1,"name":"Homepage","item":"https:\/\/milprep.eu\/fr\/"},{"@type":"ListItem","position":2,"name":"Boutique","item":"https:\/\/milprep.eu\/fr\/boutique\/"},{"@type":"ListItem","position":3,"name":"Chews de caf\u00e9ine"}]},{"@type":"WebSite","@id":"https:\/\/milprep.eu\/fr\/#website","url":"https:\/\/milprep.eu\/fr\/","name":"Milprep","description":"Be Prepared","publisher":{"@id":"https:\/\/milprep.eu\/fr\/#organization"},"potentialAction":[{"@type":"SearchAction","target":{"@type":"EntryPoint","urlTemplate":"https:\/\/milprep.eu\/fr\/?s={search_term_string}"},"query-input":{"@type":"PropertyValueSpecification","valueRequired":true,"valueName":"search_term_string"}}],"inLanguage":"fr-FR"},{"@type":"Organization","@id":"https:\/\/milprep.eu\/fr\/#organization","name":"Milprep","url":"https:\/\/milprep.eu\/fr\/","logo":{"@type":"ImageObject","inLanguage":"fr-FR","@id":"https:\/\/milprep.eu\/fr\/#\/schema\/logo\/image\/","url":"https:\/\/milprep.eu\/wp-content\/uploads\/2025\/04\/cropped-mill5-removebg.png","contentUrl":"https:\/\/milprep.eu\/wp-content\/uploads\/2025\/04\/cropped-mill5-removebg.png","width":1073,"height":1202,"caption":"Milprep"},"image":{"@id":"https:\/\/milprep.eu\/fr\/#\/schema\/logo\/image\/"},"sameAs":["https:\/\/www.facebook.com\/milprep.eu\/","https:\/\/www.instagram.com\/milprep.eu\/"]}]}},"_links":{"self":[{"href":"https:\/\/milprep.eu\/fr\/wp-json\/wp\/v2\/product\/5220","targetHints":{"allow":["GET"]}}],"collection":[{"href":"https:\/\/milprep.eu\/fr\/wp-json\/wp\/v2\/product"}],"about":[{"href":"https:\/\/milprep.eu\/fr\/wp-json\/wp\/v2\/types\/product"}],"replies":[{"embeddable":true,"href":"https:\/\/milprep.eu\/fr\/wp-json\/wp\/v2\/comments?post=5220"}],"wp:featuredmedia":[{"embeddable":true,"href":"https:\/\/milprep.eu\/fr\/wp-json\/wp\/v2\/media\/4929"}],"wp:attachment":[{"href":"https:\/\/milprep.eu\/fr\/wp-json\/wp\/v2\/media?parent=5220"}],"wp:term":[{"taxonomy":"product_brand","embeddable":true,"href":"https:\/\/milprep.eu\/fr\/wp-json\/wp\/v2\/product_brand?post=5220"},{"taxonomy":"product_cat","embeddable":true,"href":"https:\/\/milprep.eu\/fr\/wp-json\/wp\/v2\/product_cat?post=5220"},{"taxonomy":"product_tag","embeddable":true,"href":"https:\/\/milprep.eu\/fr\/wp-json\/wp\/v2\/product_tag?post=5220"}],"curies":[{"name":"wp","href":"https:\/\/api.w.org\/{rel}","templated":true}]}}