{"id":5224,"date":"2025-08-17T19:02:11","date_gmt":"2025-08-17T19:02:11","guid":{"rendered":"https:\/\/milprep.eu\/product\/barres-proteinees-20\/"},"modified":"2025-08-17T19:02:11","modified_gmt":"2025-08-17T19:02:11","slug":"barres-proteinees-20","status":"publish","type":"product","link":"https:\/\/milprep.eu\/fr\/produit\/barres-proteinees-20\/","title":{"rendered":"Barres prot\u00e9in\u00e9es (20)"},"content":{"rendered":"<p data-start=\"224\" data-end=\"283\"><strong data-start=\"224\" data-end=\"283\">Barres prot\u00e9in\u00e9es \u2013 De l&rsquo;\u00e9nergie \u00e0 emporter pour la force et la r\u00e9cup\u00e9ration<\/strong><\/p>\n<p data-start=\"285\" data-end=\"572\">R\u00e9duisez les fringales et favorisez la r\u00e9cup\u00e9ration avec des <strong data-start=\"323\" data-end=\"344\">barres hyperprot\u00e9in\u00e9es<\/strong> con\u00e7ues pour les modes de vie actifs. Que vous soyez sur le terrain, entre deux entra\u00eenements ou en d\u00e9placement, ces barres fournissent une <strong data-start=\"461\" data-end=\"488\">dose \u00e9quilibr\u00e9e de prot\u00e9ines<\/strong> pour soutenir le <strong data-start=\"500\" data-end=\"533\">maintien et la croissance musculaire<\/strong>, sans les inconv\u00e9nients des shakes ou des repas.<\/p>\n<p data-start=\"574\" data-end=\"696\">Parfaites pour les p\u00e9riodes de s\u00e8che ou les journ\u00e9es charg\u00e9es, elles vous aident \u00e0 maintenir votre nutrition au point m\u00eame lorsque le temps ou l&rsquo;acc\u00e8s \u00e0 de la vraie nourriture est limit\u00e9.<\/p>\n<p data-start=\"698\" data-end=\"948\">\u2713 Collation hyperprot\u00e9in\u00e9e pratique, n&rsquo;importe o\u00f9, n&rsquo;importe quand<br data-start=\"747\" data-end=\"750\">\u2713 Soutient la r\u00e9paration musculaire et la sati\u00e9t\u00e9<br data-start=\"786\" data-end=\"789\">\u2713 Id\u00e9al pour la s\u00e8che ou le remplacement de repas en d\u00e9placement<br data-start=\"838\" data-end=\"841\">\u2713 Disponible en plusieurs saveurs \u2013 d\u00e9licieux et fonctionnel<br data-start=\"900\" data-end=\"903\">\u2713 Pas besoin de pr\u00e9paration, d&rsquo;eau ou de r\u00e9frig\u00e9ration<\/p>\n<p data-start=\"950\" data-end=\"1013\">Entra\u00eenez-vous dur. Mangez intelligemment. Restez pr\u00eat pour la mission, une bouch\u00e9e \u00e0 la fois.<\/p>\n","protected":false},"excerpt":{"rendered":"<p>Barres prot\u00e9in\u00e9es \u2013 De l&rsquo;\u00e9nergie \u00e0 emporter pour la force et la r\u00e9cup\u00e9ration R\u00e9duisez les fringales et favorisez la r\u00e9cup\u00e9ration avec des barres hyperprot\u00e9in\u00e9es con\u00e7ues pour les modes de vie actifs. Que vous soyez sur le terrain, entre deux entra\u00eenements ou en d\u00e9placement, ces barres fournissent une dose \u00e9quilibr\u00e9e de prot\u00e9ines pour soutenir le maintien<span class=\"more-dots\">&#8230;<\/span><\/p>\n","protected":false},"featured_media":4811,"comment_status":"open","ping_status":"closed","template":"","meta":[],"product_brand":[],"product_cat":[85],"product_tag":[],"class_list":{"0":"post-5224","1":"product","2":"type-product","3":"status-publish","4":"has-post-thumbnail","6":"product_cat-proteine","8":"first","9":"instock","10":"sale","11":"shipping-taxable","12":"purchasable","13":"product-type-variable"},"yoast_head":"<!-- This site is optimized with the Yoast SEO plugin v26.6 - https:\/\/yoast.com\/wordpress\/plugins\/seo\/ -->\n<title>Barres prot\u00e9in\u00e9es (20) - Milprep<\/title>\n<meta name=\"description\" content=\"Barres hyperprot\u00e9in\u00e9es pour la r\u00e9cup\u00e9ration et le soutien musculaire lors de vos d\u00e9placements, parfaites pendant les p\u00e9riodes de s\u00e8che ou les journ\u00e9es charg\u00e9es. De l&#039;\u00e9nergie propre et pratique, n&#039;importe o\u00f9, n&#039;importe quand.\" \/>\n<meta name=\"robots\" content=\"index, follow, max-snippet:-1, max-image-preview:large, max-video-preview:-1\" \/>\n<link rel=\"canonical\" href=\"https:\/\/milprep.eu\/fr\/produit\/barres-proteinees-20\/\" \/>\n<meta property=\"og:locale\" content=\"fr_FR\" \/>\n<meta property=\"og:type\" content=\"article\" \/>\n<meta property=\"og:title\" content=\"Barres prot\u00e9in\u00e9es (20) - Milprep\" \/>\n<meta property=\"og:description\" content=\"Barres hyperprot\u00e9in\u00e9es pour la r\u00e9cup\u00e9ration et le soutien musculaire lors de vos d\u00e9placements, parfaites pendant les p\u00e9riodes de s\u00e8che ou les journ\u00e9es charg\u00e9es. De l&#039;\u00e9nergie propre et pratique, n&#039;importe o\u00f9, n&#039;importe quand.\" \/>\n<meta property=\"og:url\" content=\"https:\/\/milprep.eu\/fr\/produit\/barres-proteinees-20\/\" \/>\n<meta property=\"og:site_name\" content=\"Milprep\" \/>\n<meta property=\"article:publisher\" content=\"https:\/\/www.facebook.com\/milprep.eu\/\" \/>\n<meta property=\"og:image\" content=\"https:\/\/milprep.eu\/wp-content\/uploads\/2025\/08\/High20Bar202.webp\" \/>\n\t<meta property=\"og:image:width\" content=\"640\" \/>\n\t<meta property=\"og:image:height\" content=\"640\" \/>\n\t<meta property=\"og:image:type\" content=\"image\/webp\" \/>\n<meta name=\"twitter:card\" content=\"summary_large_image\" \/>\n<meta name=\"twitter:label1\" content=\"Dur\u00e9e de lecture estim\u00e9e\" \/>\n\t<meta name=\"twitter:data1\" content=\"1 minute\" \/>\n<script type=\"application\/ld+json\" class=\"yoast-schema-graph\">{\"@context\":\"https:\/\/schema.org\",\"@graph\":[{\"@type\":\"WebPage\",\"@id\":\"https:\/\/milprep.eu\/fr\/produit\/barres-proteinees-20\/\",\"url\":\"https:\/\/milprep.eu\/fr\/produit\/barres-proteinees-20\/\",\"name\":\"Barres prot\u00e9in\u00e9es (20) - Milprep\",\"isPartOf\":{\"@id\":\"https:\/\/milprep.eu\/fr\/#website\"},\"primaryImageOfPage\":{\"@id\":\"https:\/\/milprep.eu\/fr\/produit\/barres-proteinees-20\/#primaryimage\"},\"image\":{\"@id\":\"https:\/\/milprep.eu\/fr\/produit\/barres-proteinees-20\/#primaryimage\"},\"thumbnailUrl\":\"https:\/\/milprep.eu\/wp-content\/uploads\/2025\/08\/High20Bar202.webp\",\"datePublished\":\"2025-08-17T19:02:11+00:00\",\"description\":\"Barres hyperprot\u00e9in\u00e9es pour la r\u00e9cup\u00e9ration et le soutien musculaire lors de vos d\u00e9placements, parfaites pendant les p\u00e9riodes de s\u00e8che ou les journ\u00e9es charg\u00e9es. De l'\u00e9nergie propre et pratique, n'importe o\u00f9, n'importe quand.\",\"breadcrumb\":{\"@id\":\"https:\/\/milprep.eu\/fr\/produit\/barres-proteinees-20\/#breadcrumb\"},\"inLanguage\":\"fr-FR\",\"potentialAction\":[{\"@type\":\"ReadAction\",\"target\":[\"https:\/\/milprep.eu\/fr\/produit\/barres-proteinees-20\/\"]}]},{\"@type\":\"ImageObject\",\"inLanguage\":\"fr-FR\",\"@id\":\"https:\/\/milprep.eu\/fr\/produit\/barres-proteinees-20\/#primaryimage\",\"url\":\"https:\/\/milprep.eu\/wp-content\/uploads\/2025\/08\/High20Bar202.webp\",\"contentUrl\":\"https:\/\/milprep.eu\/wp-content\/uploads\/2025\/08\/High20Bar202.webp\",\"width\":640,\"height\":640},{\"@type\":\"BreadcrumbList\",\"@id\":\"https:\/\/milprep.eu\/fr\/produit\/barres-proteinees-20\/#breadcrumb\",\"itemListElement\":[{\"@type\":\"ListItem\",\"position\":1,\"name\":\"Homepage\",\"item\":\"https:\/\/milprep.eu\/fr\/\"},{\"@type\":\"ListItem\",\"position\":2,\"name\":\"Boutique\",\"item\":\"https:\/\/milprep.eu\/fr\/boutique\/\"},{\"@type\":\"ListItem\",\"position\":3,\"name\":\"Barres prot\u00e9in\u00e9es (20)\"}]},{\"@type\":\"WebSite\",\"@id\":\"https:\/\/milprep.eu\/fr\/#website\",\"url\":\"https:\/\/milprep.eu\/fr\/\",\"name\":\"Milprep\",\"description\":\"Be Prepared\",\"publisher\":{\"@id\":\"https:\/\/milprep.eu\/fr\/#organization\"},\"potentialAction\":[{\"@type\":\"SearchAction\",\"target\":{\"@type\":\"EntryPoint\",\"urlTemplate\":\"https:\/\/milprep.eu\/fr\/?s={search_term_string}\"},\"query-input\":{\"@type\":\"PropertyValueSpecification\",\"valueRequired\":true,\"valueName\":\"search_term_string\"}}],\"inLanguage\":\"fr-FR\"},{\"@type\":\"Organization\",\"@id\":\"https:\/\/milprep.eu\/fr\/#organization\",\"name\":\"Milprep\",\"url\":\"https:\/\/milprep.eu\/fr\/\",\"logo\":{\"@type\":\"ImageObject\",\"inLanguage\":\"fr-FR\",\"@id\":\"https:\/\/milprep.eu\/fr\/#\/schema\/logo\/image\/\",\"url\":\"https:\/\/milprep.eu\/wp-content\/uploads\/2025\/04\/cropped-mill5-removebg.png\",\"contentUrl\":\"https:\/\/milprep.eu\/wp-content\/uploads\/2025\/04\/cropped-mill5-removebg.png\",\"width\":1073,\"height\":1202,\"caption\":\"Milprep\"},\"image\":{\"@id\":\"https:\/\/milprep.eu\/fr\/#\/schema\/logo\/image\/\"},\"sameAs\":[\"https:\/\/www.facebook.com\/milprep.eu\/\",\"https:\/\/www.instagram.com\/milprep.eu\/\"]}]}<\/script>\n<!-- \/ Yoast SEO plugin. -->","yoast_head_json":{"title":"Barres prot\u00e9in\u00e9es (20) - Milprep","description":"Barres hyperprot\u00e9in\u00e9es pour la r\u00e9cup\u00e9ration et le soutien musculaire lors de vos d\u00e9placements, parfaites pendant les p\u00e9riodes de s\u00e8che ou les journ\u00e9es charg\u00e9es. De l'\u00e9nergie propre et pratique, n'importe o\u00f9, n'importe quand.","robots":{"index":"index","follow":"follow","max-snippet":"max-snippet:-1","max-image-preview":"max-image-preview:large","max-video-preview":"max-video-preview:-1"},"canonical":"https:\/\/milprep.eu\/fr\/produit\/barres-proteinees-20\/","og_locale":"fr_FR","og_type":"article","og_title":"Barres prot\u00e9in\u00e9es (20) - Milprep","og_description":"Barres hyperprot\u00e9in\u00e9es pour la r\u00e9cup\u00e9ration et le soutien musculaire lors de vos d\u00e9placements, parfaites pendant les p\u00e9riodes de s\u00e8che ou les journ\u00e9es charg\u00e9es. De l'\u00e9nergie propre et pratique, n'importe o\u00f9, n'importe quand.","og_url":"https:\/\/milprep.eu\/fr\/produit\/barres-proteinees-20\/","og_site_name":"Milprep","article_publisher":"https:\/\/www.facebook.com\/milprep.eu\/","og_image":[{"width":640,"height":640,"url":"https:\/\/milprep.eu\/wp-content\/uploads\/2025\/08\/High20Bar202.webp","type":"image\/webp"}],"twitter_card":"summary_large_image","twitter_misc":{"Dur\u00e9e de lecture estim\u00e9e":"1 minute"},"schema":{"@context":"https:\/\/schema.org","@graph":[{"@type":"WebPage","@id":"https:\/\/milprep.eu\/fr\/produit\/barres-proteinees-20\/","url":"https:\/\/milprep.eu\/fr\/produit\/barres-proteinees-20\/","name":"Barres prot\u00e9in\u00e9es (20) - Milprep","isPartOf":{"@id":"https:\/\/milprep.eu\/fr\/#website"},"primaryImageOfPage":{"@id":"https:\/\/milprep.eu\/fr\/produit\/barres-proteinees-20\/#primaryimage"},"image":{"@id":"https:\/\/milprep.eu\/fr\/produit\/barres-proteinees-20\/#primaryimage"},"thumbnailUrl":"https:\/\/milprep.eu\/wp-content\/uploads\/2025\/08\/High20Bar202.webp","datePublished":"2025-08-17T19:02:11+00:00","description":"Barres hyperprot\u00e9in\u00e9es pour la r\u00e9cup\u00e9ration et le soutien musculaire lors de vos d\u00e9placements, parfaites pendant les p\u00e9riodes de s\u00e8che ou les journ\u00e9es charg\u00e9es. De l'\u00e9nergie propre et pratique, n'importe o\u00f9, n'importe quand.","breadcrumb":{"@id":"https:\/\/milprep.eu\/fr\/produit\/barres-proteinees-20\/#breadcrumb"},"inLanguage":"fr-FR","potentialAction":[{"@type":"ReadAction","target":["https:\/\/milprep.eu\/fr\/produit\/barres-proteinees-20\/"]}]},{"@type":"ImageObject","inLanguage":"fr-FR","@id":"https:\/\/milprep.eu\/fr\/produit\/barres-proteinees-20\/#primaryimage","url":"https:\/\/milprep.eu\/wp-content\/uploads\/2025\/08\/High20Bar202.webp","contentUrl":"https:\/\/milprep.eu\/wp-content\/uploads\/2025\/08\/High20Bar202.webp","width":640,"height":640},{"@type":"BreadcrumbList","@id":"https:\/\/milprep.eu\/fr\/produit\/barres-proteinees-20\/#breadcrumb","itemListElement":[{"@type":"ListItem","position":1,"name":"Homepage","item":"https:\/\/milprep.eu\/fr\/"},{"@type":"ListItem","position":2,"name":"Boutique","item":"https:\/\/milprep.eu\/fr\/boutique\/"},{"@type":"ListItem","position":3,"name":"Barres prot\u00e9in\u00e9es (20)"}]},{"@type":"WebSite","@id":"https:\/\/milprep.eu\/fr\/#website","url":"https:\/\/milprep.eu\/fr\/","name":"Milprep","description":"Be Prepared","publisher":{"@id":"https:\/\/milprep.eu\/fr\/#organization"},"potentialAction":[{"@type":"SearchAction","target":{"@type":"EntryPoint","urlTemplate":"https:\/\/milprep.eu\/fr\/?s={search_term_string}"},"query-input":{"@type":"PropertyValueSpecification","valueRequired":true,"valueName":"search_term_string"}}],"inLanguage":"fr-FR"},{"@type":"Organization","@id":"https:\/\/milprep.eu\/fr\/#organization","name":"Milprep","url":"https:\/\/milprep.eu\/fr\/","logo":{"@type":"ImageObject","inLanguage":"fr-FR","@id":"https:\/\/milprep.eu\/fr\/#\/schema\/logo\/image\/","url":"https:\/\/milprep.eu\/wp-content\/uploads\/2025\/04\/cropped-mill5-removebg.png","contentUrl":"https:\/\/milprep.eu\/wp-content\/uploads\/2025\/04\/cropped-mill5-removebg.png","width":1073,"height":1202,"caption":"Milprep"},"image":{"@id":"https:\/\/milprep.eu\/fr\/#\/schema\/logo\/image\/"},"sameAs":["https:\/\/www.facebook.com\/milprep.eu\/","https:\/\/www.instagram.com\/milprep.eu\/"]}]}},"_links":{"self":[{"href":"https:\/\/milprep.eu\/fr\/wp-json\/wp\/v2\/product\/5224","targetHints":{"allow":["GET"]}}],"collection":[{"href":"https:\/\/milprep.eu\/fr\/wp-json\/wp\/v2\/product"}],"about":[{"href":"https:\/\/milprep.eu\/fr\/wp-json\/wp\/v2\/types\/product"}],"replies":[{"embeddable":true,"href":"https:\/\/milprep.eu\/fr\/wp-json\/wp\/v2\/comments?post=5224"}],"wp:featuredmedia":[{"embeddable":true,"href":"https:\/\/milprep.eu\/fr\/wp-json\/wp\/v2\/media\/4811"}],"wp:attachment":[{"href":"https:\/\/milprep.eu\/fr\/wp-json\/wp\/v2\/media?parent=5224"}],"wp:term":[{"taxonomy":"product_brand","embeddable":true,"href":"https:\/\/milprep.eu\/fr\/wp-json\/wp\/v2\/product_brand?post=5224"},{"taxonomy":"product_cat","embeddable":true,"href":"https:\/\/milprep.eu\/fr\/wp-json\/wp\/v2\/product_cat?post=5224"},{"taxonomy":"product_tag","embeddable":true,"href":"https:\/\/milprep.eu\/fr\/wp-json\/wp\/v2\/product_tag?post=5224"}],"curies":[{"name":"wp","href":"https:\/\/api.w.org\/{rel}","templated":true}]}}