{"id":5254,"date":"2025-08-17T18:51:09","date_gmt":"2025-08-17T18:51:09","guid":{"rendered":"https:\/\/milprep.eu\/product\/proteine-de-lactoserum-en-vrac\/"},"modified":"2025-08-17T18:51:09","modified_gmt":"2025-08-17T18:51:09","slug":"proteine-de-lactoserum-en-vrac","status":"publish","type":"product","link":"https:\/\/milprep.eu\/fr\/produit\/proteine-de-lactoserum-en-vrac\/","title":{"rendered":"Prot\u00e9ine de lactos\u00e9rum (en vrac)"},"content":{"rendered":"<p data-start=\"182\" data-end=\"240\"><strong data-start=\"182\" data-end=\"240\">Prot\u00e9ine de lactos\u00e9rum \u2013 Un carburant propre pour les muscles lorsque l&rsquo;alimentation est insuffisante<\/strong><\/p>\n<p data-start=\"242\" data-end=\"537\">Favorisez votre r\u00e9cup\u00e9ration et votre croissance musculaire avec une prot\u00e9ine de lactos\u00e9rum de haute qualit\u00e9, id\u00e9ale lorsque les sources de prot\u00e9ines alimentaires compl\u00e8tes ne suffisent pas ou apportent trop de calories ind\u00e9sirables. Cette prot\u00e9ine \u00e0 digestion rapide est parfaite apr\u00e8s l&rsquo;entra\u00eenement, pendant une p\u00e9riode de s\u00e8che ou chaque fois que vous avez besoin d&rsquo;un <strong data-start=\"493\" data-end=\"536\">apport en prot\u00e9ines maigre et efficace<\/strong>. <\/p>\n<p data-start=\"539\" data-end=\"736\">Que vous soyez en d\u00e9placement, que vous manquiez de temps ou que vous g\u00e9riez vos macros, la prot\u00e9ine de lactos\u00e9rum vous aide \u00e0 rester sur la bonne voie avec vos <strong data-start=\"654\" data-end=\"692\">objectifs de d\u00e9veloppement musculaire et de r\u00e9cup\u00e9ration<\/strong>, sans l&rsquo;apport suppl\u00e9mentaire de calories inutiles.<\/p>\n<p data-start=\"738\" data-end=\"958\">\u2713 Favorise la r\u00e9cup\u00e9ration et la croissance musculaire<br data-start=\"775\" data-end=\"778\">\u2713 Id\u00e9al lorsque l&rsquo;apport en prot\u00e9ines provenant de l&rsquo;alimentation est insuffisant<br data-start=\"827\" data-end=\"830\">\u2713 Faible en mati\u00e8res grasses et en glucides \u2013 une nutrition propre et efficace<br data-start=\"881\" data-end=\"884\">\u2713 Parfait apr\u00e8s l&rsquo;entra\u00eenement ou comme un coup de pouce quotidien<br data-start=\"926\" data-end=\"929\">\u2713 Se m\u00e9lange facilement, excellent go\u00fbt<\/p>\n<p data-start=\"960\" data-end=\"1020\">Alimentez votre corps avec pr\u00e9cision : des prot\u00e9ines pures, sans compromis.<\/p>\n","protected":false},"excerpt":{"rendered":"<p>Prot\u00e9ine de lactos\u00e9rum \u2013 Un carburant propre pour les muscles lorsque l&rsquo;alimentation est insuffisante Favorisez votre r\u00e9cup\u00e9ration et votre croissance musculaire avec une prot\u00e9ine de lactos\u00e9rum de haute qualit\u00e9, id\u00e9ale lorsque les sources de prot\u00e9ines alimentaires compl\u00e8tes ne suffisent pas ou apportent trop de calories ind\u00e9sirables. Cette prot\u00e9ine \u00e0 digestion rapide est parfaite apr\u00e8s l&rsquo;entra\u00eenement,<span class=\"more-dots\">&#8230;<\/span><\/p>\n","protected":false},"featured_media":4801,"comment_status":"open","ping_status":"closed","template":"","meta":[],"product_brand":[],"product_cat":[85],"product_tag":[],"class_list":{"0":"post-5254","1":"product","2":"type-product","3":"status-publish","4":"has-post-thumbnail","6":"product_cat-proteine","8":"first","9":"instock","10":"sale","11":"shipping-taxable","12":"purchasable","13":"product-type-variable"},"yoast_head":"<!-- This site is optimized with the Yoast SEO plugin v26.6 - https:\/\/yoast.com\/wordpress\/plugins\/seo\/ -->\n<title>Prot\u00e9ine de lactos\u00e9rum (en vrac) - Milprep<\/title>\n<meta name=\"description\" content=\"La prot\u00e9ine de lactos\u00e9rum favorise la r\u00e9cup\u00e9ration musculaire et comble les lacunes en prot\u00e9ines lorsque l&#039;alimentation est insuffisante, sans les calories inutiles. Un carburant propre pour des r\u00e9sultats s\u00e9rieux.\" \/>\n<meta name=\"robots\" content=\"index, follow, max-snippet:-1, max-image-preview:large, max-video-preview:-1\" \/>\n<link rel=\"canonical\" href=\"https:\/\/milprep.eu\/fr\/produit\/proteine-de-lactoserum-en-vrac\/\" \/>\n<meta property=\"og:locale\" content=\"fr_FR\" \/>\n<meta property=\"og:type\" content=\"article\" \/>\n<meta property=\"og:title\" content=\"Prot\u00e9ine de lactos\u00e9rum (en vrac) - Milprep\" \/>\n<meta property=\"og:description\" content=\"La prot\u00e9ine de lactos\u00e9rum favorise la r\u00e9cup\u00e9ration musculaire et comble les lacunes en prot\u00e9ines lorsque l&#039;alimentation est insuffisante, sans les calories inutiles. Un carburant propre pour des r\u00e9sultats s\u00e9rieux.\" \/>\n<meta property=\"og:url\" content=\"https:\/\/milprep.eu\/fr\/produit\/proteine-de-lactoserum-en-vrac\/\" \/>\n<meta property=\"og:site_name\" content=\"Milprep\" \/>\n<meta property=\"article:publisher\" content=\"https:\/\/www.facebook.com\/milprep.eu\/\" \/>\n<meta property=\"og:image\" content=\"https:\/\/milprep.eu\/wp-content\/uploads\/2025\/08\/Perfect20Protein2075020gram.webp\" \/>\n\t<meta property=\"og:image:width\" content=\"640\" \/>\n\t<meta property=\"og:image:height\" content=\"640\" \/>\n\t<meta property=\"og:image:type\" content=\"image\/webp\" \/>\n<meta name=\"twitter:card\" content=\"summary_large_image\" \/>\n<meta name=\"twitter:label1\" content=\"Dur\u00e9e de lecture estim\u00e9e\" \/>\n\t<meta name=\"twitter:data1\" content=\"1 minute\" \/>\n<script type=\"application\/ld+json\" class=\"yoast-schema-graph\">{\"@context\":\"https:\/\/schema.org\",\"@graph\":[{\"@type\":\"WebPage\",\"@id\":\"https:\/\/milprep.eu\/fr\/produit\/proteine-de-lactoserum-en-vrac\/\",\"url\":\"https:\/\/milprep.eu\/fr\/produit\/proteine-de-lactoserum-en-vrac\/\",\"name\":\"Prot\u00e9ine de lactos\u00e9rum (en vrac) - Milprep\",\"isPartOf\":{\"@id\":\"https:\/\/milprep.eu\/fr\/#website\"},\"primaryImageOfPage\":{\"@id\":\"https:\/\/milprep.eu\/fr\/produit\/proteine-de-lactoserum-en-vrac\/#primaryimage\"},\"image\":{\"@id\":\"https:\/\/milprep.eu\/fr\/produit\/proteine-de-lactoserum-en-vrac\/#primaryimage\"},\"thumbnailUrl\":\"https:\/\/milprep.eu\/wp-content\/uploads\/2025\/08\/Perfect20Protein2075020gram.webp\",\"datePublished\":\"2025-08-17T18:51:09+00:00\",\"description\":\"La prot\u00e9ine de lactos\u00e9rum favorise la r\u00e9cup\u00e9ration musculaire et comble les lacunes en prot\u00e9ines lorsque l'alimentation est insuffisante, sans les calories inutiles. Un carburant propre pour des r\u00e9sultats s\u00e9rieux.\",\"breadcrumb\":{\"@id\":\"https:\/\/milprep.eu\/fr\/produit\/proteine-de-lactoserum-en-vrac\/#breadcrumb\"},\"inLanguage\":\"fr-FR\",\"potentialAction\":[{\"@type\":\"ReadAction\",\"target\":[\"https:\/\/milprep.eu\/fr\/produit\/proteine-de-lactoserum-en-vrac\/\"]}]},{\"@type\":\"ImageObject\",\"inLanguage\":\"fr-FR\",\"@id\":\"https:\/\/milprep.eu\/fr\/produit\/proteine-de-lactoserum-en-vrac\/#primaryimage\",\"url\":\"https:\/\/milprep.eu\/wp-content\/uploads\/2025\/08\/Perfect20Protein2075020gram.webp\",\"contentUrl\":\"https:\/\/milprep.eu\/wp-content\/uploads\/2025\/08\/Perfect20Protein2075020gram.webp\",\"width\":640,\"height\":640},{\"@type\":\"BreadcrumbList\",\"@id\":\"https:\/\/milprep.eu\/fr\/produit\/proteine-de-lactoserum-en-vrac\/#breadcrumb\",\"itemListElement\":[{\"@type\":\"ListItem\",\"position\":1,\"name\":\"Homepage\",\"item\":\"https:\/\/milprep.eu\/fr\/\"},{\"@type\":\"ListItem\",\"position\":2,\"name\":\"Boutique\",\"item\":\"https:\/\/milprep.eu\/fr\/boutique\/\"},{\"@type\":\"ListItem\",\"position\":3,\"name\":\"Prot\u00e9ine de lactos\u00e9rum (en vrac)\"}]},{\"@type\":\"WebSite\",\"@id\":\"https:\/\/milprep.eu\/fr\/#website\",\"url\":\"https:\/\/milprep.eu\/fr\/\",\"name\":\"Milprep\",\"description\":\"Be Prepared\",\"publisher\":{\"@id\":\"https:\/\/milprep.eu\/fr\/#organization\"},\"potentialAction\":[{\"@type\":\"SearchAction\",\"target\":{\"@type\":\"EntryPoint\",\"urlTemplate\":\"https:\/\/milprep.eu\/fr\/?s={search_term_string}\"},\"query-input\":{\"@type\":\"PropertyValueSpecification\",\"valueRequired\":true,\"valueName\":\"search_term_string\"}}],\"inLanguage\":\"fr-FR\"},{\"@type\":\"Organization\",\"@id\":\"https:\/\/milprep.eu\/fr\/#organization\",\"name\":\"Milprep\",\"url\":\"https:\/\/milprep.eu\/fr\/\",\"logo\":{\"@type\":\"ImageObject\",\"inLanguage\":\"fr-FR\",\"@id\":\"https:\/\/milprep.eu\/fr\/#\/schema\/logo\/image\/\",\"url\":\"https:\/\/milprep.eu\/wp-content\/uploads\/2025\/04\/cropped-mill5-removebg.png\",\"contentUrl\":\"https:\/\/milprep.eu\/wp-content\/uploads\/2025\/04\/cropped-mill5-removebg.png\",\"width\":1073,\"height\":1202,\"caption\":\"Milprep\"},\"image\":{\"@id\":\"https:\/\/milprep.eu\/fr\/#\/schema\/logo\/image\/\"},\"sameAs\":[\"https:\/\/www.facebook.com\/milprep.eu\/\",\"https:\/\/www.instagram.com\/milprep.eu\/\"]}]}<\/script>\n<!-- \/ Yoast SEO plugin. -->","yoast_head_json":{"title":"Prot\u00e9ine de lactos\u00e9rum (en vrac) - Milprep","description":"La prot\u00e9ine de lactos\u00e9rum favorise la r\u00e9cup\u00e9ration musculaire et comble les lacunes en prot\u00e9ines lorsque l'alimentation est insuffisante, sans les calories inutiles. Un carburant propre pour des r\u00e9sultats s\u00e9rieux.","robots":{"index":"index","follow":"follow","max-snippet":"max-snippet:-1","max-image-preview":"max-image-preview:large","max-video-preview":"max-video-preview:-1"},"canonical":"https:\/\/milprep.eu\/fr\/produit\/proteine-de-lactoserum-en-vrac\/","og_locale":"fr_FR","og_type":"article","og_title":"Prot\u00e9ine de lactos\u00e9rum (en vrac) - Milprep","og_description":"La prot\u00e9ine de lactos\u00e9rum favorise la r\u00e9cup\u00e9ration musculaire et comble les lacunes en prot\u00e9ines lorsque l'alimentation est insuffisante, sans les calories inutiles. Un carburant propre pour des r\u00e9sultats s\u00e9rieux.","og_url":"https:\/\/milprep.eu\/fr\/produit\/proteine-de-lactoserum-en-vrac\/","og_site_name":"Milprep","article_publisher":"https:\/\/www.facebook.com\/milprep.eu\/","og_image":[{"width":640,"height":640,"url":"https:\/\/milprep.eu\/wp-content\/uploads\/2025\/08\/Perfect20Protein2075020gram.webp","type":"image\/webp"}],"twitter_card":"summary_large_image","twitter_misc":{"Dur\u00e9e de lecture estim\u00e9e":"1 minute"},"schema":{"@context":"https:\/\/schema.org","@graph":[{"@type":"WebPage","@id":"https:\/\/milprep.eu\/fr\/produit\/proteine-de-lactoserum-en-vrac\/","url":"https:\/\/milprep.eu\/fr\/produit\/proteine-de-lactoserum-en-vrac\/","name":"Prot\u00e9ine de lactos\u00e9rum (en vrac) - Milprep","isPartOf":{"@id":"https:\/\/milprep.eu\/fr\/#website"},"primaryImageOfPage":{"@id":"https:\/\/milprep.eu\/fr\/produit\/proteine-de-lactoserum-en-vrac\/#primaryimage"},"image":{"@id":"https:\/\/milprep.eu\/fr\/produit\/proteine-de-lactoserum-en-vrac\/#primaryimage"},"thumbnailUrl":"https:\/\/milprep.eu\/wp-content\/uploads\/2025\/08\/Perfect20Protein2075020gram.webp","datePublished":"2025-08-17T18:51:09+00:00","description":"La prot\u00e9ine de lactos\u00e9rum favorise la r\u00e9cup\u00e9ration musculaire et comble les lacunes en prot\u00e9ines lorsque l'alimentation est insuffisante, sans les calories inutiles. Un carburant propre pour des r\u00e9sultats s\u00e9rieux.","breadcrumb":{"@id":"https:\/\/milprep.eu\/fr\/produit\/proteine-de-lactoserum-en-vrac\/#breadcrumb"},"inLanguage":"fr-FR","potentialAction":[{"@type":"ReadAction","target":["https:\/\/milprep.eu\/fr\/produit\/proteine-de-lactoserum-en-vrac\/"]}]},{"@type":"ImageObject","inLanguage":"fr-FR","@id":"https:\/\/milprep.eu\/fr\/produit\/proteine-de-lactoserum-en-vrac\/#primaryimage","url":"https:\/\/milprep.eu\/wp-content\/uploads\/2025\/08\/Perfect20Protein2075020gram.webp","contentUrl":"https:\/\/milprep.eu\/wp-content\/uploads\/2025\/08\/Perfect20Protein2075020gram.webp","width":640,"height":640},{"@type":"BreadcrumbList","@id":"https:\/\/milprep.eu\/fr\/produit\/proteine-de-lactoserum-en-vrac\/#breadcrumb","itemListElement":[{"@type":"ListItem","position":1,"name":"Homepage","item":"https:\/\/milprep.eu\/fr\/"},{"@type":"ListItem","position":2,"name":"Boutique","item":"https:\/\/milprep.eu\/fr\/boutique\/"},{"@type":"ListItem","position":3,"name":"Prot\u00e9ine de lactos\u00e9rum (en vrac)"}]},{"@type":"WebSite","@id":"https:\/\/milprep.eu\/fr\/#website","url":"https:\/\/milprep.eu\/fr\/","name":"Milprep","description":"Be Prepared","publisher":{"@id":"https:\/\/milprep.eu\/fr\/#organization"},"potentialAction":[{"@type":"SearchAction","target":{"@type":"EntryPoint","urlTemplate":"https:\/\/milprep.eu\/fr\/?s={search_term_string}"},"query-input":{"@type":"PropertyValueSpecification","valueRequired":true,"valueName":"search_term_string"}}],"inLanguage":"fr-FR"},{"@type":"Organization","@id":"https:\/\/milprep.eu\/fr\/#organization","name":"Milprep","url":"https:\/\/milprep.eu\/fr\/","logo":{"@type":"ImageObject","inLanguage":"fr-FR","@id":"https:\/\/milprep.eu\/fr\/#\/schema\/logo\/image\/","url":"https:\/\/milprep.eu\/wp-content\/uploads\/2025\/04\/cropped-mill5-removebg.png","contentUrl":"https:\/\/milprep.eu\/wp-content\/uploads\/2025\/04\/cropped-mill5-removebg.png","width":1073,"height":1202,"caption":"Milprep"},"image":{"@id":"https:\/\/milprep.eu\/fr\/#\/schema\/logo\/image\/"},"sameAs":["https:\/\/www.facebook.com\/milprep.eu\/","https:\/\/www.instagram.com\/milprep.eu\/"]}]}},"_links":{"self":[{"href":"https:\/\/milprep.eu\/fr\/wp-json\/wp\/v2\/product\/5254","targetHints":{"allow":["GET"]}}],"collection":[{"href":"https:\/\/milprep.eu\/fr\/wp-json\/wp\/v2\/product"}],"about":[{"href":"https:\/\/milprep.eu\/fr\/wp-json\/wp\/v2\/types\/product"}],"replies":[{"embeddable":true,"href":"https:\/\/milprep.eu\/fr\/wp-json\/wp\/v2\/comments?post=5254"}],"wp:featuredmedia":[{"embeddable":true,"href":"https:\/\/milprep.eu\/fr\/wp-json\/wp\/v2\/media\/4801"}],"wp:attachment":[{"href":"https:\/\/milprep.eu\/fr\/wp-json\/wp\/v2\/media?parent=5254"}],"wp:term":[{"taxonomy":"product_brand","embeddable":true,"href":"https:\/\/milprep.eu\/fr\/wp-json\/wp\/v2\/product_brand?post=5254"},{"taxonomy":"product_cat","embeddable":true,"href":"https:\/\/milprep.eu\/fr\/wp-json\/wp\/v2\/product_cat?post=5254"},{"taxonomy":"product_tag","embeddable":true,"href":"https:\/\/milprep.eu\/fr\/wp-json\/wp\/v2\/product_tag?post=5254"}],"curies":[{"name":"wp","href":"https:\/\/api.w.org\/{rel}","templated":true}]}}