{"id":5298,"date":"2025-08-17T18:53:10","date_gmt":"2025-08-17T18:53:10","guid":{"rendered":"https:\/\/milprep.eu\/product\/isolat-de-lactoserum-seche\/"},"modified":"2025-08-17T18:53:10","modified_gmt":"2025-08-17T18:53:10","slug":"isolat-de-lactoserum-seche","status":"publish","type":"product","link":"https:\/\/milprep.eu\/fr\/produit\/isolat-de-lactoserum-seche\/","title":{"rendered":"Isolat de lactos\u00e9rum (S\u00e8che)"},"content":{"rendered":"<p data-start=\"208\" data-end=\"266\"><strong data-start=\"208\" data-end=\"266\">Isolat de lactos\u00e9rum \u2013 R\u00e9cup\u00e9ration ultra-l\u00e9g\u00e8re pour des r\u00e9sultats optimaux<\/strong><\/p>\n<p data-start=\"268\" data-end=\"597\">Lorsque la pr\u00e9cision est de mise, l&rsquo;isolat de lactos\u00e9rum est la solution. Avec une teneur plus \u00e9lev\u00e9e en prot\u00e9ines et pratiquement aucune graisse ni glucide, c&rsquo;est le choix id\u00e9al pour les athl\u00e8tes qui souhaitent une <g id=\"gid_0\">r\u00e9cup\u00e9ration maximale avec un minimum de calories suppl\u00e9mentaires<\/g>. Parfait pendant une s\u00e8che ou lorsque les aliments entiers ne suffisent pas, l&rsquo;isolat de lactos\u00e9rum vous aide \u00e0 atteindre vos objectifs en mati\u00e8re de prot\u00e9ines <strong data-start=\"570\" data-end=\"596\">sans prise de masse superflue<\/strong>.  <\/p>\n<p data-start=\"599\" data-end=\"749\">\u00c0 absorption rapide et facile \u00e0 dig\u00e9rer, c&rsquo;est votre carburant de pr\u00e9dilection pour la <strong data-start=\"659\" data-end=\"711\">r\u00e9paration musculaire, la croissance et une composition corporelle maigre<\/strong>, surtout lorsque chaque macro compte.<\/p>\n<p data-start=\"751\" data-end=\"998\">\u2713 Favorise la r\u00e9cup\u00e9ration musculaire et la croissance maigre<br data-start=\"793\" data-end=\"796\">\u2713 Tr\u00e8s faible en graisses et en glucides \u2013 moins de calories superflues<br data-start=\"848\" data-end=\"851\">\u2713 Id\u00e9al lorsque les sources alimentaires ne r\u00e9pondent pas aux besoins en prot\u00e9ines<br data-start=\"901\" data-end=\"904\">\u2713 Digestion rapide et facile pour l&rsquo;estomac<br data-start=\"944\" data-end=\"947\">\u2713 Parfait apr\u00e8s l&rsquo;entra\u00eenement ou comme collation riche en prot\u00e9ines<\/p>\n<p data-start=\"1000\" data-end=\"1065\">Propre. Efficace. Performant \u2013 L&rsquo;isolat de lactos\u00e9rum, c&rsquo;est la prot\u00e9ine bien faite.  <\/p>\n","protected":false},"excerpt":{"rendered":"<p>Isolat de lactos\u00e9rum \u2013 R\u00e9cup\u00e9ration ultra-l\u00e9g\u00e8re pour des r\u00e9sultats optimaux Lorsque la pr\u00e9cision est de mise, l&rsquo;isolat de lactos\u00e9rum est la solution. Avec une teneur plus \u00e9lev\u00e9e en prot\u00e9ines et pratiquement aucune graisse ni glucide, c&rsquo;est le choix id\u00e9al pour les athl\u00e8tes qui souhaitent une r\u00e9cup\u00e9ration maximale avec un minimum de calories suppl\u00e9mentaires. Parfait pendant<span class=\"more-dots\">&#8230;<\/span><\/p>\n","protected":false},"featured_media":4804,"comment_status":"open","ping_status":"closed","template":"","meta":[],"product_brand":[],"product_cat":[85],"product_tag":[],"class_list":{"0":"post-5298","1":"product","2":"type-product","3":"status-publish","4":"has-post-thumbnail","6":"product_cat-proteine","8":"first","9":"instock","10":"sale","11":"shipping-taxable","12":"purchasable","13":"product-type-variable"},"yoast_head":"<!-- This site is optimized with the Yoast SEO plugin v26.6 - https:\/\/yoast.com\/wordpress\/plugins\/seo\/ -->\n<title>Isolat de lactos\u00e9rum (S\u00e8che) - Milprep<\/title>\n<meta name=\"description\" content=\"L&#039;isolat de lactos\u00e9rum favorise la r\u00e9cup\u00e9ration musculaire et comble les carences en prot\u00e9ines avec moins de calories superflues\u00a0: un carburant ultra-l\u00e9ger pour la s\u00e8che ou la prise de masse propre.\" \/>\n<meta name=\"robots\" content=\"index, follow, max-snippet:-1, max-image-preview:large, max-video-preview:-1\" \/>\n<link rel=\"canonical\" href=\"https:\/\/milprep.eu\/fr\/produit\/isolat-de-lactoserum-seche\/\" \/>\n<meta property=\"og:locale\" content=\"fr_FR\" \/>\n<meta property=\"og:type\" content=\"article\" \/>\n<meta property=\"og:title\" content=\"Isolat de lactos\u00e9rum (S\u00e8che) - Milprep\" \/>\n<meta property=\"og:description\" content=\"L&#039;isolat de lactos\u00e9rum favorise la r\u00e9cup\u00e9ration musculaire et comble les carences en prot\u00e9ines avec moins de calories superflues\u00a0: un carburant ultra-l\u00e9ger pour la s\u00e8che ou la prise de masse propre.\" \/>\n<meta property=\"og:url\" content=\"https:\/\/milprep.eu\/fr\/produit\/isolat-de-lactoserum-seche\/\" \/>\n<meta property=\"og:site_name\" content=\"Milprep\" \/>\n<meta property=\"article:publisher\" content=\"https:\/\/www.facebook.com\/milprep.eu\/\" \/>\n<meta property=\"og:image\" content=\"https:\/\/milprep.eu\/wp-content\/uploads\/2025\/08\/Whey20-20-20gram.webp\" \/>\n\t<meta property=\"og:image:width\" content=\"640\" \/>\n\t<meta property=\"og:image:height\" content=\"640\" \/>\n\t<meta property=\"og:image:type\" content=\"image\/webp\" \/>\n<meta name=\"twitter:card\" content=\"summary_large_image\" \/>\n<meta name=\"twitter:label1\" content=\"Dur\u00e9e de lecture estim\u00e9e\" \/>\n\t<meta name=\"twitter:data1\" content=\"1 minute\" \/>\n<script type=\"application\/ld+json\" class=\"yoast-schema-graph\">{\"@context\":\"https:\/\/schema.org\",\"@graph\":[{\"@type\":\"WebPage\",\"@id\":\"https:\/\/milprep.eu\/fr\/produit\/isolat-de-lactoserum-seche\/\",\"url\":\"https:\/\/milprep.eu\/fr\/produit\/isolat-de-lactoserum-seche\/\",\"name\":\"Isolat de lactos\u00e9rum (S\u00e8che) - Milprep\",\"isPartOf\":{\"@id\":\"https:\/\/milprep.eu\/fr\/#website\"},\"primaryImageOfPage\":{\"@id\":\"https:\/\/milprep.eu\/fr\/produit\/isolat-de-lactoserum-seche\/#primaryimage\"},\"image\":{\"@id\":\"https:\/\/milprep.eu\/fr\/produit\/isolat-de-lactoserum-seche\/#primaryimage\"},\"thumbnailUrl\":\"https:\/\/milprep.eu\/wp-content\/uploads\/2025\/08\/Whey20-20-20gram.webp\",\"datePublished\":\"2025-08-17T18:53:10+00:00\",\"description\":\"L'isolat de lactos\u00e9rum favorise la r\u00e9cup\u00e9ration musculaire et comble les carences en prot\u00e9ines avec moins de calories superflues\u00a0: un carburant ultra-l\u00e9ger pour la s\u00e8che ou la prise de masse propre.\",\"breadcrumb\":{\"@id\":\"https:\/\/milprep.eu\/fr\/produit\/isolat-de-lactoserum-seche\/#breadcrumb\"},\"inLanguage\":\"fr-FR\",\"potentialAction\":[{\"@type\":\"ReadAction\",\"target\":[\"https:\/\/milprep.eu\/fr\/produit\/isolat-de-lactoserum-seche\/\"]}]},{\"@type\":\"ImageObject\",\"inLanguage\":\"fr-FR\",\"@id\":\"https:\/\/milprep.eu\/fr\/produit\/isolat-de-lactoserum-seche\/#primaryimage\",\"url\":\"https:\/\/milprep.eu\/wp-content\/uploads\/2025\/08\/Whey20-20-20gram.webp\",\"contentUrl\":\"https:\/\/milprep.eu\/wp-content\/uploads\/2025\/08\/Whey20-20-20gram.webp\",\"width\":640,\"height\":640},{\"@type\":\"BreadcrumbList\",\"@id\":\"https:\/\/milprep.eu\/fr\/produit\/isolat-de-lactoserum-seche\/#breadcrumb\",\"itemListElement\":[{\"@type\":\"ListItem\",\"position\":1,\"name\":\"Homepage\",\"item\":\"https:\/\/milprep.eu\/fr\/\"},{\"@type\":\"ListItem\",\"position\":2,\"name\":\"Boutique\",\"item\":\"https:\/\/milprep.eu\/fr\/boutique\/\"},{\"@type\":\"ListItem\",\"position\":3,\"name\":\"Isolat de lactos\u00e9rum (S\u00e8che)\"}]},{\"@type\":\"WebSite\",\"@id\":\"https:\/\/milprep.eu\/fr\/#website\",\"url\":\"https:\/\/milprep.eu\/fr\/\",\"name\":\"Milprep\",\"description\":\"Be Prepared\",\"publisher\":{\"@id\":\"https:\/\/milprep.eu\/fr\/#organization\"},\"potentialAction\":[{\"@type\":\"SearchAction\",\"target\":{\"@type\":\"EntryPoint\",\"urlTemplate\":\"https:\/\/milprep.eu\/fr\/?s={search_term_string}\"},\"query-input\":{\"@type\":\"PropertyValueSpecification\",\"valueRequired\":true,\"valueName\":\"search_term_string\"}}],\"inLanguage\":\"fr-FR\"},{\"@type\":\"Organization\",\"@id\":\"https:\/\/milprep.eu\/fr\/#organization\",\"name\":\"Milprep\",\"url\":\"https:\/\/milprep.eu\/fr\/\",\"logo\":{\"@type\":\"ImageObject\",\"inLanguage\":\"fr-FR\",\"@id\":\"https:\/\/milprep.eu\/fr\/#\/schema\/logo\/image\/\",\"url\":\"https:\/\/milprep.eu\/wp-content\/uploads\/2025\/04\/cropped-mill5-removebg.png\",\"contentUrl\":\"https:\/\/milprep.eu\/wp-content\/uploads\/2025\/04\/cropped-mill5-removebg.png\",\"width\":1073,\"height\":1202,\"caption\":\"Milprep\"},\"image\":{\"@id\":\"https:\/\/milprep.eu\/fr\/#\/schema\/logo\/image\/\"},\"sameAs\":[\"https:\/\/www.facebook.com\/milprep.eu\/\",\"https:\/\/www.instagram.com\/milprep.eu\/\"]}]}<\/script>\n<!-- \/ Yoast SEO plugin. -->","yoast_head_json":{"title":"Isolat de lactos\u00e9rum (S\u00e8che) - Milprep","description":"L'isolat de lactos\u00e9rum favorise la r\u00e9cup\u00e9ration musculaire et comble les carences en prot\u00e9ines avec moins de calories superflues\u00a0: un carburant ultra-l\u00e9ger pour la s\u00e8che ou la prise de masse propre.","robots":{"index":"index","follow":"follow","max-snippet":"max-snippet:-1","max-image-preview":"max-image-preview:large","max-video-preview":"max-video-preview:-1"},"canonical":"https:\/\/milprep.eu\/fr\/produit\/isolat-de-lactoserum-seche\/","og_locale":"fr_FR","og_type":"article","og_title":"Isolat de lactos\u00e9rum (S\u00e8che) - Milprep","og_description":"L'isolat de lactos\u00e9rum favorise la r\u00e9cup\u00e9ration musculaire et comble les carences en prot\u00e9ines avec moins de calories superflues\u00a0: un carburant ultra-l\u00e9ger pour la s\u00e8che ou la prise de masse propre.","og_url":"https:\/\/milprep.eu\/fr\/produit\/isolat-de-lactoserum-seche\/","og_site_name":"Milprep","article_publisher":"https:\/\/www.facebook.com\/milprep.eu\/","og_image":[{"width":640,"height":640,"url":"https:\/\/milprep.eu\/wp-content\/uploads\/2025\/08\/Whey20-20-20gram.webp","type":"image\/webp"}],"twitter_card":"summary_large_image","twitter_misc":{"Dur\u00e9e de lecture estim\u00e9e":"1 minute"},"schema":{"@context":"https:\/\/schema.org","@graph":[{"@type":"WebPage","@id":"https:\/\/milprep.eu\/fr\/produit\/isolat-de-lactoserum-seche\/","url":"https:\/\/milprep.eu\/fr\/produit\/isolat-de-lactoserum-seche\/","name":"Isolat de lactos\u00e9rum (S\u00e8che) - Milprep","isPartOf":{"@id":"https:\/\/milprep.eu\/fr\/#website"},"primaryImageOfPage":{"@id":"https:\/\/milprep.eu\/fr\/produit\/isolat-de-lactoserum-seche\/#primaryimage"},"image":{"@id":"https:\/\/milprep.eu\/fr\/produit\/isolat-de-lactoserum-seche\/#primaryimage"},"thumbnailUrl":"https:\/\/milprep.eu\/wp-content\/uploads\/2025\/08\/Whey20-20-20gram.webp","datePublished":"2025-08-17T18:53:10+00:00","description":"L'isolat de lactos\u00e9rum favorise la r\u00e9cup\u00e9ration musculaire et comble les carences en prot\u00e9ines avec moins de calories superflues\u00a0: un carburant ultra-l\u00e9ger pour la s\u00e8che ou la prise de masse propre.","breadcrumb":{"@id":"https:\/\/milprep.eu\/fr\/produit\/isolat-de-lactoserum-seche\/#breadcrumb"},"inLanguage":"fr-FR","potentialAction":[{"@type":"ReadAction","target":["https:\/\/milprep.eu\/fr\/produit\/isolat-de-lactoserum-seche\/"]}]},{"@type":"ImageObject","inLanguage":"fr-FR","@id":"https:\/\/milprep.eu\/fr\/produit\/isolat-de-lactoserum-seche\/#primaryimage","url":"https:\/\/milprep.eu\/wp-content\/uploads\/2025\/08\/Whey20-20-20gram.webp","contentUrl":"https:\/\/milprep.eu\/wp-content\/uploads\/2025\/08\/Whey20-20-20gram.webp","width":640,"height":640},{"@type":"BreadcrumbList","@id":"https:\/\/milprep.eu\/fr\/produit\/isolat-de-lactoserum-seche\/#breadcrumb","itemListElement":[{"@type":"ListItem","position":1,"name":"Homepage","item":"https:\/\/milprep.eu\/fr\/"},{"@type":"ListItem","position":2,"name":"Boutique","item":"https:\/\/milprep.eu\/fr\/boutique\/"},{"@type":"ListItem","position":3,"name":"Isolat de lactos\u00e9rum (S\u00e8che)"}]},{"@type":"WebSite","@id":"https:\/\/milprep.eu\/fr\/#website","url":"https:\/\/milprep.eu\/fr\/","name":"Milprep","description":"Be Prepared","publisher":{"@id":"https:\/\/milprep.eu\/fr\/#organization"},"potentialAction":[{"@type":"SearchAction","target":{"@type":"EntryPoint","urlTemplate":"https:\/\/milprep.eu\/fr\/?s={search_term_string}"},"query-input":{"@type":"PropertyValueSpecification","valueRequired":true,"valueName":"search_term_string"}}],"inLanguage":"fr-FR"},{"@type":"Organization","@id":"https:\/\/milprep.eu\/fr\/#organization","name":"Milprep","url":"https:\/\/milprep.eu\/fr\/","logo":{"@type":"ImageObject","inLanguage":"fr-FR","@id":"https:\/\/milprep.eu\/fr\/#\/schema\/logo\/image\/","url":"https:\/\/milprep.eu\/wp-content\/uploads\/2025\/04\/cropped-mill5-removebg.png","contentUrl":"https:\/\/milprep.eu\/wp-content\/uploads\/2025\/04\/cropped-mill5-removebg.png","width":1073,"height":1202,"caption":"Milprep"},"image":{"@id":"https:\/\/milprep.eu\/fr\/#\/schema\/logo\/image\/"},"sameAs":["https:\/\/www.facebook.com\/milprep.eu\/","https:\/\/www.instagram.com\/milprep.eu\/"]}]}},"_links":{"self":[{"href":"https:\/\/milprep.eu\/fr\/wp-json\/wp\/v2\/product\/5298","targetHints":{"allow":["GET"]}}],"collection":[{"href":"https:\/\/milprep.eu\/fr\/wp-json\/wp\/v2\/product"}],"about":[{"href":"https:\/\/milprep.eu\/fr\/wp-json\/wp\/v2\/types\/product"}],"replies":[{"embeddable":true,"href":"https:\/\/milprep.eu\/fr\/wp-json\/wp\/v2\/comments?post=5298"}],"wp:featuredmedia":[{"embeddable":true,"href":"https:\/\/milprep.eu\/fr\/wp-json\/wp\/v2\/media\/4804"}],"wp:attachment":[{"href":"https:\/\/milprep.eu\/fr\/wp-json\/wp\/v2\/media?parent=5298"}],"wp:term":[{"taxonomy":"product_brand","embeddable":true,"href":"https:\/\/milprep.eu\/fr\/wp-json\/wp\/v2\/product_brand?post=5298"},{"taxonomy":"product_cat","embeddable":true,"href":"https:\/\/milprep.eu\/fr\/wp-json\/wp\/v2\/product_cat?post=5298"},{"taxonomy":"product_tag","embeddable":true,"href":"https:\/\/milprep.eu\/fr\/wp-json\/wp\/v2\/product_tag?post=5298"}],"curies":[{"name":"wp","href":"https:\/\/api.w.org\/{rel}","templated":true}]}}