{"id":5346,"date":"2025-08-17T18:41:55","date_gmt":"2025-08-17T18:41:55","guid":{"rendered":"https:\/\/milprep.eu\/product\/omega-3\/"},"modified":"2025-08-17T18:41:55","modified_gmt":"2025-08-17T18:41:55","slug":"omega-3","status":"publish","type":"product","link":"https:\/\/milprep.eu\/fr\/produit\/omega-3\/","title":{"rendered":"Om\u00e9ga 3"},"content":{"rendered":"<p data-start=\"190\" data-end=\"258\"><strong data-start=\"190\" data-end=\"258\">Capsules d&rsquo;om\u00e9ga-3 \u2013 Soutien essentiel pour le c\u0153ur, le cerveau et la r\u00e9cup\u00e9ration<\/strong><\/p>\n<p data-start=\"260\" data-end=\"535\">Repoussez vos limites en toute confiance. Nos capsules d&rsquo;om\u00e9ga-3 \u00e0 haute puissance fournissent les acides gras essentiels <strong data-start=\"362\" data-end=\"377\">EPA et DHA<\/strong>, contribuant \u00e0 <strong data-start=\"395\" data-end=\"421\">une fonction cardiaque optimale<\/strong>, <strong data-start=\"423\" data-end=\"448\">aux performances cognitives<\/strong> et <strong data-start=\"454\" data-end=\"478\">au contr\u00f4le de l&rsquo;inflammation<\/strong>, tous <strong data-start=\"485\" data-end=\"534\">essentiels pour la performance physique et la r\u00e9cup\u00e9ration<\/strong>. <\/p>\n<p data-start=\"537\" data-end=\"681\">Id\u00e9al pendant les <strong data-start=\"550\" data-end=\"568\">phases de s\u00e8che<\/strong> ou les <strong data-start=\"572\" data-end=\"595\">r\u00e9gimes pauvres en nutriments<\/strong>, les om\u00e9ga-3 aident \u00e0 garder votre esprit vif, vos articulations mobiles et votre corps pr\u00eat \u00e0 l&rsquo;action.<\/p>\n<p data-start=\"683\" data-end=\"908\">\u2713 Contribue \u00e0 une fonction cardiaque et c\u00e9r\u00e9brale optimale<br data-start=\"732\" data-end=\"735\">\u2713 Aide \u00e0 r\u00e9duire l&rsquo;inflammation pour une r\u00e9cup\u00e9ration plus rapide<br data-start=\"782\" data-end=\"785\">\u2713 Essentiel pendant les r\u00e9gimes de s\u00e8che ou r\u00e9p\u00e9titifs<br data-start=\"829\" data-end=\"832\">\u2713 Soutient la performance physique et mentale<br data-start=\"874\" data-end=\"877\">\u2713 Capsules de g\u00e9lules pratiques<\/p>\n<p data-start=\"910\" data-end=\"969\">Entra\u00eenez-vous plus dur. R\u00e9cup\u00e9rez plus intelligemment. Restez vif, \u00e0 l&rsquo;int\u00e9rieur comme \u00e0 l&rsquo;ext\u00e9rieur.  <\/p>\n","protected":false},"excerpt":{"rendered":"<p>Capsules d&rsquo;om\u00e9ga-3 \u2013 Soutien essentiel pour le c\u0153ur, le cerveau et la r\u00e9cup\u00e9ration Repoussez vos limites en toute confiance. Nos capsules d&rsquo;om\u00e9ga-3 \u00e0 haute puissance fournissent les acides gras essentiels EPA et DHA, contribuant \u00e0 une fonction cardiaque optimale, aux performances cognitives et au contr\u00f4le de l&rsquo;inflammation, tous essentiels pour la performance physique et la<span class=\"more-dots\">&#8230;<\/span><\/p>\n","protected":false},"featured_media":4796,"comment_status":"open","ping_status":"closed","template":"","meta":[],"product_brand":[],"product_cat":[87],"product_tag":[],"class_list":{"0":"post-5346","1":"product","2":"type-product","3":"status-publish","4":"has-post-thumbnail","6":"product_cat-supplements","8":"first","9":"instock","10":"sale","11":"shipping-taxable","12":"purchasable","13":"product-type-simple"},"yoast_head":"<!-- This site is optimized with the Yoast SEO plugin v26.6 - https:\/\/yoast.com\/wordpress\/plugins\/seo\/ -->\n<title>Om\u00e9ga 3 - Milprep<\/title>\n<meta name=\"description\" content=\"Soutient le c\u0153ur, le cerveau et le contr\u00f4le de l&#039;inflammation, essentiels pour la performance physique et la r\u00e9cup\u00e9ration. Om\u00e9ga-3 de haute qualit\u00e9 pour le corps et l&#039;esprit.\" \/>\n<meta name=\"robots\" content=\"index, follow, max-snippet:-1, max-image-preview:large, max-video-preview:-1\" \/>\n<link rel=\"canonical\" href=\"https:\/\/milprep.eu\/fr\/produit\/omega-3\/\" \/>\n<meta property=\"og:locale\" content=\"fr_FR\" \/>\n<meta property=\"og:type\" content=\"article\" \/>\n<meta property=\"og:title\" content=\"Om\u00e9ga 3 - Milprep\" \/>\n<meta property=\"og:description\" content=\"Soutient le c\u0153ur, le cerveau et le contr\u00f4le de l&#039;inflammation, essentiels pour la performance physique et la r\u00e9cup\u00e9ration. Om\u00e9ga-3 de haute qualit\u00e9 pour le corps et l&#039;esprit.\" \/>\n<meta property=\"og:url\" content=\"https:\/\/milprep.eu\/fr\/produit\/omega-3\/\" \/>\n<meta property=\"og:site_name\" content=\"Milprep\" \/>\n<meta property=\"article:publisher\" content=\"https:\/\/www.facebook.com\/milprep.eu\/\" \/>\n<meta property=\"og:image\" content=\"https:\/\/milprep.eu\/wp-content\/uploads\/2025\/08\/Omega20Fish20-20softgels.webp\" \/>\n\t<meta property=\"og:image:width\" content=\"640\" \/>\n\t<meta property=\"og:image:height\" content=\"640\" \/>\n\t<meta property=\"og:image:type\" content=\"image\/webp\" \/>\n<meta name=\"twitter:card\" content=\"summary_large_image\" \/>\n<meta name=\"twitter:label1\" content=\"Dur\u00e9e de lecture estim\u00e9e\" \/>\n\t<meta name=\"twitter:data1\" content=\"1 minute\" \/>\n<script type=\"application\/ld+json\" class=\"yoast-schema-graph\">{\"@context\":\"https:\/\/schema.org\",\"@graph\":[{\"@type\":\"WebPage\",\"@id\":\"https:\/\/milprep.eu\/fr\/produit\/omega-3\/\",\"url\":\"https:\/\/milprep.eu\/fr\/produit\/omega-3\/\",\"name\":\"Om\u00e9ga 3 - Milprep\",\"isPartOf\":{\"@id\":\"https:\/\/milprep.eu\/fr\/#website\"},\"primaryImageOfPage\":{\"@id\":\"https:\/\/milprep.eu\/fr\/produit\/omega-3\/#primaryimage\"},\"image\":{\"@id\":\"https:\/\/milprep.eu\/fr\/produit\/omega-3\/#primaryimage\"},\"thumbnailUrl\":\"https:\/\/milprep.eu\/wp-content\/uploads\/2025\/08\/Omega20Fish20-20softgels.webp\",\"datePublished\":\"2025-08-17T18:41:55+00:00\",\"description\":\"Soutient le c\u0153ur, le cerveau et le contr\u00f4le de l'inflammation, essentiels pour la performance physique et la r\u00e9cup\u00e9ration. Om\u00e9ga-3 de haute qualit\u00e9 pour le corps et l'esprit.\",\"breadcrumb\":{\"@id\":\"https:\/\/milprep.eu\/fr\/produit\/omega-3\/#breadcrumb\"},\"inLanguage\":\"fr-FR\",\"potentialAction\":[{\"@type\":\"ReadAction\",\"target\":[\"https:\/\/milprep.eu\/fr\/produit\/omega-3\/\"]}]},{\"@type\":\"ImageObject\",\"inLanguage\":\"fr-FR\",\"@id\":\"https:\/\/milprep.eu\/fr\/produit\/omega-3\/#primaryimage\",\"url\":\"https:\/\/milprep.eu\/wp-content\/uploads\/2025\/08\/Omega20Fish20-20softgels.webp\",\"contentUrl\":\"https:\/\/milprep.eu\/wp-content\/uploads\/2025\/08\/Omega20Fish20-20softgels.webp\",\"width\":640,\"height\":640},{\"@type\":\"BreadcrumbList\",\"@id\":\"https:\/\/milprep.eu\/fr\/produit\/omega-3\/#breadcrumb\",\"itemListElement\":[{\"@type\":\"ListItem\",\"position\":1,\"name\":\"Homepage\",\"item\":\"https:\/\/milprep.eu\/fr\/\"},{\"@type\":\"ListItem\",\"position\":2,\"name\":\"Boutique\",\"item\":\"https:\/\/milprep.eu\/fr\/boutique\/\"},{\"@type\":\"ListItem\",\"position\":3,\"name\":\"Om\u00e9ga 3\"}]},{\"@type\":\"WebSite\",\"@id\":\"https:\/\/milprep.eu\/fr\/#website\",\"url\":\"https:\/\/milprep.eu\/fr\/\",\"name\":\"Milprep\",\"description\":\"Be Prepared\",\"publisher\":{\"@id\":\"https:\/\/milprep.eu\/fr\/#organization\"},\"potentialAction\":[{\"@type\":\"SearchAction\",\"target\":{\"@type\":\"EntryPoint\",\"urlTemplate\":\"https:\/\/milprep.eu\/fr\/?s={search_term_string}\"},\"query-input\":{\"@type\":\"PropertyValueSpecification\",\"valueRequired\":true,\"valueName\":\"search_term_string\"}}],\"inLanguage\":\"fr-FR\"},{\"@type\":\"Organization\",\"@id\":\"https:\/\/milprep.eu\/fr\/#organization\",\"name\":\"Milprep\",\"url\":\"https:\/\/milprep.eu\/fr\/\",\"logo\":{\"@type\":\"ImageObject\",\"inLanguage\":\"fr-FR\",\"@id\":\"https:\/\/milprep.eu\/fr\/#\/schema\/logo\/image\/\",\"url\":\"https:\/\/milprep.eu\/wp-content\/uploads\/2025\/04\/cropped-mill5-removebg.png\",\"contentUrl\":\"https:\/\/milprep.eu\/wp-content\/uploads\/2025\/04\/cropped-mill5-removebg.png\",\"width\":1073,\"height\":1202,\"caption\":\"Milprep\"},\"image\":{\"@id\":\"https:\/\/milprep.eu\/fr\/#\/schema\/logo\/image\/\"},\"sameAs\":[\"https:\/\/www.facebook.com\/milprep.eu\/\",\"https:\/\/www.instagram.com\/milprep.eu\/\"]}]}<\/script>\n<!-- \/ Yoast SEO plugin. -->","yoast_head_json":{"title":"Om\u00e9ga 3 - Milprep","description":"Soutient le c\u0153ur, le cerveau et le contr\u00f4le de l'inflammation, essentiels pour la performance physique et la r\u00e9cup\u00e9ration. Om\u00e9ga-3 de haute qualit\u00e9 pour le corps et l'esprit.","robots":{"index":"index","follow":"follow","max-snippet":"max-snippet:-1","max-image-preview":"max-image-preview:large","max-video-preview":"max-video-preview:-1"},"canonical":"https:\/\/milprep.eu\/fr\/produit\/omega-3\/","og_locale":"fr_FR","og_type":"article","og_title":"Om\u00e9ga 3 - Milprep","og_description":"Soutient le c\u0153ur, le cerveau et le contr\u00f4le de l'inflammation, essentiels pour la performance physique et la r\u00e9cup\u00e9ration. Om\u00e9ga-3 de haute qualit\u00e9 pour le corps et l'esprit.","og_url":"https:\/\/milprep.eu\/fr\/produit\/omega-3\/","og_site_name":"Milprep","article_publisher":"https:\/\/www.facebook.com\/milprep.eu\/","og_image":[{"width":640,"height":640,"url":"https:\/\/milprep.eu\/wp-content\/uploads\/2025\/08\/Omega20Fish20-20softgels.webp","type":"image\/webp"}],"twitter_card":"summary_large_image","twitter_misc":{"Dur\u00e9e de lecture estim\u00e9e":"1 minute"},"schema":{"@context":"https:\/\/schema.org","@graph":[{"@type":"WebPage","@id":"https:\/\/milprep.eu\/fr\/produit\/omega-3\/","url":"https:\/\/milprep.eu\/fr\/produit\/omega-3\/","name":"Om\u00e9ga 3 - Milprep","isPartOf":{"@id":"https:\/\/milprep.eu\/fr\/#website"},"primaryImageOfPage":{"@id":"https:\/\/milprep.eu\/fr\/produit\/omega-3\/#primaryimage"},"image":{"@id":"https:\/\/milprep.eu\/fr\/produit\/omega-3\/#primaryimage"},"thumbnailUrl":"https:\/\/milprep.eu\/wp-content\/uploads\/2025\/08\/Omega20Fish20-20softgels.webp","datePublished":"2025-08-17T18:41:55+00:00","description":"Soutient le c\u0153ur, le cerveau et le contr\u00f4le de l'inflammation, essentiels pour la performance physique et la r\u00e9cup\u00e9ration. Om\u00e9ga-3 de haute qualit\u00e9 pour le corps et l'esprit.","breadcrumb":{"@id":"https:\/\/milprep.eu\/fr\/produit\/omega-3\/#breadcrumb"},"inLanguage":"fr-FR","potentialAction":[{"@type":"ReadAction","target":["https:\/\/milprep.eu\/fr\/produit\/omega-3\/"]}]},{"@type":"ImageObject","inLanguage":"fr-FR","@id":"https:\/\/milprep.eu\/fr\/produit\/omega-3\/#primaryimage","url":"https:\/\/milprep.eu\/wp-content\/uploads\/2025\/08\/Omega20Fish20-20softgels.webp","contentUrl":"https:\/\/milprep.eu\/wp-content\/uploads\/2025\/08\/Omega20Fish20-20softgels.webp","width":640,"height":640},{"@type":"BreadcrumbList","@id":"https:\/\/milprep.eu\/fr\/produit\/omega-3\/#breadcrumb","itemListElement":[{"@type":"ListItem","position":1,"name":"Homepage","item":"https:\/\/milprep.eu\/fr\/"},{"@type":"ListItem","position":2,"name":"Boutique","item":"https:\/\/milprep.eu\/fr\/boutique\/"},{"@type":"ListItem","position":3,"name":"Om\u00e9ga 3"}]},{"@type":"WebSite","@id":"https:\/\/milprep.eu\/fr\/#website","url":"https:\/\/milprep.eu\/fr\/","name":"Milprep","description":"Be Prepared","publisher":{"@id":"https:\/\/milprep.eu\/fr\/#organization"},"potentialAction":[{"@type":"SearchAction","target":{"@type":"EntryPoint","urlTemplate":"https:\/\/milprep.eu\/fr\/?s={search_term_string}"},"query-input":{"@type":"PropertyValueSpecification","valueRequired":true,"valueName":"search_term_string"}}],"inLanguage":"fr-FR"},{"@type":"Organization","@id":"https:\/\/milprep.eu\/fr\/#organization","name":"Milprep","url":"https:\/\/milprep.eu\/fr\/","logo":{"@type":"ImageObject","inLanguage":"fr-FR","@id":"https:\/\/milprep.eu\/fr\/#\/schema\/logo\/image\/","url":"https:\/\/milprep.eu\/wp-content\/uploads\/2025\/04\/cropped-mill5-removebg.png","contentUrl":"https:\/\/milprep.eu\/wp-content\/uploads\/2025\/04\/cropped-mill5-removebg.png","width":1073,"height":1202,"caption":"Milprep"},"image":{"@id":"https:\/\/milprep.eu\/fr\/#\/schema\/logo\/image\/"},"sameAs":["https:\/\/www.facebook.com\/milprep.eu\/","https:\/\/www.instagram.com\/milprep.eu\/"]}]}},"_links":{"self":[{"href":"https:\/\/milprep.eu\/fr\/wp-json\/wp\/v2\/product\/5346","targetHints":{"allow":["GET"]}}],"collection":[{"href":"https:\/\/milprep.eu\/fr\/wp-json\/wp\/v2\/product"}],"about":[{"href":"https:\/\/milprep.eu\/fr\/wp-json\/wp\/v2\/types\/product"}],"replies":[{"embeddable":true,"href":"https:\/\/milprep.eu\/fr\/wp-json\/wp\/v2\/comments?post=5346"}],"wp:featuredmedia":[{"embeddable":true,"href":"https:\/\/milprep.eu\/fr\/wp-json\/wp\/v2\/media\/4796"}],"wp:attachment":[{"href":"https:\/\/milprep.eu\/fr\/wp-json\/wp\/v2\/media?parent=5346"}],"wp:term":[{"taxonomy":"product_brand","embeddable":true,"href":"https:\/\/milprep.eu\/fr\/wp-json\/wp\/v2\/product_brand?post=5346"},{"taxonomy":"product_cat","embeddable":true,"href":"https:\/\/milprep.eu\/fr\/wp-json\/wp\/v2\/product_cat?post=5346"},{"taxonomy":"product_tag","embeddable":true,"href":"https:\/\/milprep.eu\/fr\/wp-json\/wp\/v2\/product_tag?post=5346"}],"curies":[{"name":"wp","href":"https:\/\/api.w.org\/{rel}","templated":true}]}}