{"id":5350,"date":"2025-08-17T18:46:22","date_gmt":"2025-08-17T18:46:22","guid":{"rendered":"https:\/\/milprep.eu\/product\/bisglycinate-de-magnesium\/"},"modified":"2025-08-17T18:46:22","modified_gmt":"2025-08-17T18:46:22","slug":"bisglycinate-de-magnesium","status":"publish","type":"product","link":"https:\/\/milprep.eu\/fr\/produit\/bisglycinate-de-magnesium\/","title":{"rendered":"Bisglycinate de magn\u00e9sium"},"content":{"rendered":"<p data-start=\"197\" data-end=\"279\"><strong data-start=\"197\" data-end=\"279\">Bisglycinate de magn\u00e9sium \u2013 R\u00e9cup\u00e9ration, sommeil et \u00e9quilibre hormonal sans compromis<\/strong><\/p>\n<p data-start=\"281\" data-end=\"630\">Le bisglycinate de magn\u00e9sium est votre choix de premier ordre lorsque la performance et la r\u00e9cup\u00e9ration sont essentielles. Reconnu pour son <strong data-start=\"380\" data-end=\"403\">absorption sup\u00e9rieure<\/strong> et sa <strong data-start=\"408\" data-end=\"432\">formule douce pour l&rsquo;intestin<\/strong>, cette forme de magn\u00e9sium hautement biodisponible est id\u00e9ale pour favoriser la <strong data-start=\"501\" data-end=\"518\">croissance musculaire<\/strong>, une <strong data-start=\"520\" data-end=\"537\">r\u00e9cup\u00e9ration profonde<\/strong>, un <strong data-start=\"539\" data-end=\"556\">sommeil r\u00e9parateur<\/strong> et une <strong data-start=\"562\" data-end=\"590\">fonction hormonale optimale<\/strong>, sans provoquer d&rsquo;inconfort digestif.<\/p>\n<p data-start=\"632\" data-end=\"732\">Que vous vous entra\u00eeniez dur, que vous soyez en p\u00e9riode de s\u00e8che ou de reconstruction musculaire, c&rsquo;est le magn\u00e9sium que votre corps utilise r\u00e9ellement.<\/p>\n<p data-start=\"734\" data-end=\"950\">\u2713 Am\u00e9liore la r\u00e9cup\u00e9ration et la croissance musculaire<br data-start=\"771\" data-end=\"774\">\u2713 Favorise un sommeil r\u00e9parateur et l&rsquo;\u00e9quilibre hormonal<br data-start=\"819\" data-end=\"822\">\u2713 Aucun effet laxatif ni trouble digestif<br data-start=\"861\" data-end=\"864\">\u2713 Forme hautement absorbable et biodisponible<br data-start=\"905\" data-end=\"908\">\u2713 Id\u00e9al pour les athl\u00e8tes et les personnes tr\u00e8s performantes<\/p>\n<p data-start=\"952\" data-end=\"1040\">Entra\u00eenez-vous dur. Dormez plus profond\u00e9ment. R\u00e9cup\u00e9rez plus intelligemment, avec un magn\u00e9sium qui travaille aussi dur que vous.<\/p>\n","protected":false},"excerpt":{"rendered":"<p>Bisglycinate de magn\u00e9sium \u2013 R\u00e9cup\u00e9ration, sommeil et \u00e9quilibre hormonal sans compromis Le bisglycinate de magn\u00e9sium est votre choix de premier ordre lorsque la performance et la r\u00e9cup\u00e9ration sont essentielles. Reconnu pour son absorption sup\u00e9rieure et sa formule douce pour l&rsquo;intestin, cette forme de magn\u00e9sium hautement biodisponible est id\u00e9ale pour favoriser la croissance musculaire, une r\u00e9cup\u00e9ration<span class=\"more-dots\">&#8230;<\/span><\/p>\n","protected":false},"featured_media":4799,"comment_status":"open","ping_status":"closed","template":"","meta":[],"product_brand":[],"product_cat":[87],"product_tag":[],"class_list":{"0":"post-5350","1":"product","2":"type-product","3":"status-publish","4":"has-post-thumbnail","6":"product_cat-supplements","8":"first","9":"instock","10":"sale","11":"shipping-taxable","12":"purchasable","13":"product-type-simple"},"yoast_head":"<!-- This site is optimized with the Yoast SEO plugin v26.6 - https:\/\/yoast.com\/wordpress\/plugins\/seo\/ -->\n<title>Bisglycinate de magn\u00e9sium - Milprep<\/title>\n<meta name=\"description\" content=\"Le bisglycinate de magn\u00e9sium favorise la croissance musculaire, le sommeil, la r\u00e9cup\u00e9ration et l&#039;\u00e9quilibre hormonal. Il est hautement absorbable et doux pour l&#039;estomac.\" \/>\n<meta name=\"robots\" content=\"index, follow, max-snippet:-1, max-image-preview:large, max-video-preview:-1\" \/>\n<link rel=\"canonical\" href=\"https:\/\/milprep.eu\/fr\/produit\/bisglycinate-de-magnesium\/\" \/>\n<meta property=\"og:locale\" content=\"fr_FR\" \/>\n<meta property=\"og:type\" content=\"article\" \/>\n<meta property=\"og:title\" content=\"Bisglycinate de magn\u00e9sium - Milprep\" \/>\n<meta property=\"og:description\" content=\"Le bisglycinate de magn\u00e9sium favorise la croissance musculaire, le sommeil, la r\u00e9cup\u00e9ration et l&#039;\u00e9quilibre hormonal. Il est hautement absorbable et doux pour l&#039;estomac.\" \/>\n<meta property=\"og:url\" content=\"https:\/\/milprep.eu\/fr\/produit\/bisglycinate-de-magnesium\/\" \/>\n<meta property=\"og:site_name\" content=\"Milprep\" \/>\n<meta property=\"article:publisher\" content=\"https:\/\/www.facebook.com\/milprep.eu\/\" \/>\n<meta property=\"og:image\" content=\"https:\/\/milprep.eu\/wp-content\/uploads\/2025\/08\/Magnesium20Bisglycinaat.webp\" \/>\n\t<meta property=\"og:image:width\" content=\"640\" \/>\n\t<meta property=\"og:image:height\" content=\"640\" \/>\n\t<meta property=\"og:image:type\" content=\"image\/webp\" \/>\n<meta name=\"twitter:card\" content=\"summary_large_image\" \/>\n<meta name=\"twitter:label1\" content=\"Dur\u00e9e de lecture estim\u00e9e\" \/>\n\t<meta name=\"twitter:data1\" content=\"1 minute\" \/>\n<script type=\"application\/ld+json\" class=\"yoast-schema-graph\">{\"@context\":\"https:\/\/schema.org\",\"@graph\":[{\"@type\":\"WebPage\",\"@id\":\"https:\/\/milprep.eu\/fr\/produit\/bisglycinate-de-magnesium\/\",\"url\":\"https:\/\/milprep.eu\/fr\/produit\/bisglycinate-de-magnesium\/\",\"name\":\"Bisglycinate de magn\u00e9sium - Milprep\",\"isPartOf\":{\"@id\":\"https:\/\/milprep.eu\/fr\/#website\"},\"primaryImageOfPage\":{\"@id\":\"https:\/\/milprep.eu\/fr\/produit\/bisglycinate-de-magnesium\/#primaryimage\"},\"image\":{\"@id\":\"https:\/\/milprep.eu\/fr\/produit\/bisglycinate-de-magnesium\/#primaryimage\"},\"thumbnailUrl\":\"https:\/\/milprep.eu\/wp-content\/uploads\/2025\/08\/Magnesium20Bisglycinaat.webp\",\"datePublished\":\"2025-08-17T18:46:22+00:00\",\"description\":\"Le bisglycinate de magn\u00e9sium favorise la croissance musculaire, le sommeil, la r\u00e9cup\u00e9ration et l'\u00e9quilibre hormonal. Il est hautement absorbable et doux pour l'estomac.\",\"breadcrumb\":{\"@id\":\"https:\/\/milprep.eu\/fr\/produit\/bisglycinate-de-magnesium\/#breadcrumb\"},\"inLanguage\":\"fr-FR\",\"potentialAction\":[{\"@type\":\"ReadAction\",\"target\":[\"https:\/\/milprep.eu\/fr\/produit\/bisglycinate-de-magnesium\/\"]}]},{\"@type\":\"ImageObject\",\"inLanguage\":\"fr-FR\",\"@id\":\"https:\/\/milprep.eu\/fr\/produit\/bisglycinate-de-magnesium\/#primaryimage\",\"url\":\"https:\/\/milprep.eu\/wp-content\/uploads\/2025\/08\/Magnesium20Bisglycinaat.webp\",\"contentUrl\":\"https:\/\/milprep.eu\/wp-content\/uploads\/2025\/08\/Magnesium20Bisglycinaat.webp\",\"width\":640,\"height\":640},{\"@type\":\"BreadcrumbList\",\"@id\":\"https:\/\/milprep.eu\/fr\/produit\/bisglycinate-de-magnesium\/#breadcrumb\",\"itemListElement\":[{\"@type\":\"ListItem\",\"position\":1,\"name\":\"Homepage\",\"item\":\"https:\/\/milprep.eu\/fr\/\"},{\"@type\":\"ListItem\",\"position\":2,\"name\":\"Boutique\",\"item\":\"https:\/\/milprep.eu\/fr\/boutique\/\"},{\"@type\":\"ListItem\",\"position\":3,\"name\":\"Bisglycinate de magn\u00e9sium\"}]},{\"@type\":\"WebSite\",\"@id\":\"https:\/\/milprep.eu\/fr\/#website\",\"url\":\"https:\/\/milprep.eu\/fr\/\",\"name\":\"Milprep\",\"description\":\"Be Prepared\",\"publisher\":{\"@id\":\"https:\/\/milprep.eu\/fr\/#organization\"},\"potentialAction\":[{\"@type\":\"SearchAction\",\"target\":{\"@type\":\"EntryPoint\",\"urlTemplate\":\"https:\/\/milprep.eu\/fr\/?s={search_term_string}\"},\"query-input\":{\"@type\":\"PropertyValueSpecification\",\"valueRequired\":true,\"valueName\":\"search_term_string\"}}],\"inLanguage\":\"fr-FR\"},{\"@type\":\"Organization\",\"@id\":\"https:\/\/milprep.eu\/fr\/#organization\",\"name\":\"Milprep\",\"url\":\"https:\/\/milprep.eu\/fr\/\",\"logo\":{\"@type\":\"ImageObject\",\"inLanguage\":\"fr-FR\",\"@id\":\"https:\/\/milprep.eu\/fr\/#\/schema\/logo\/image\/\",\"url\":\"https:\/\/milprep.eu\/wp-content\/uploads\/2025\/04\/cropped-mill5-removebg.png\",\"contentUrl\":\"https:\/\/milprep.eu\/wp-content\/uploads\/2025\/04\/cropped-mill5-removebg.png\",\"width\":1073,\"height\":1202,\"caption\":\"Milprep\"},\"image\":{\"@id\":\"https:\/\/milprep.eu\/fr\/#\/schema\/logo\/image\/\"},\"sameAs\":[\"https:\/\/www.facebook.com\/milprep.eu\/\",\"https:\/\/www.instagram.com\/milprep.eu\/\"]}]}<\/script>\n<!-- \/ Yoast SEO plugin. -->","yoast_head_json":{"title":"Bisglycinate de magn\u00e9sium - Milprep","description":"Le bisglycinate de magn\u00e9sium favorise la croissance musculaire, le sommeil, la r\u00e9cup\u00e9ration et l'\u00e9quilibre hormonal. Il est hautement absorbable et doux pour l'estomac.","robots":{"index":"index","follow":"follow","max-snippet":"max-snippet:-1","max-image-preview":"max-image-preview:large","max-video-preview":"max-video-preview:-1"},"canonical":"https:\/\/milprep.eu\/fr\/produit\/bisglycinate-de-magnesium\/","og_locale":"fr_FR","og_type":"article","og_title":"Bisglycinate de magn\u00e9sium - Milprep","og_description":"Le bisglycinate de magn\u00e9sium favorise la croissance musculaire, le sommeil, la r\u00e9cup\u00e9ration et l'\u00e9quilibre hormonal. Il est hautement absorbable et doux pour l'estomac.","og_url":"https:\/\/milprep.eu\/fr\/produit\/bisglycinate-de-magnesium\/","og_site_name":"Milprep","article_publisher":"https:\/\/www.facebook.com\/milprep.eu\/","og_image":[{"width":640,"height":640,"url":"https:\/\/milprep.eu\/wp-content\/uploads\/2025\/08\/Magnesium20Bisglycinaat.webp","type":"image\/webp"}],"twitter_card":"summary_large_image","twitter_misc":{"Dur\u00e9e de lecture estim\u00e9e":"1 minute"},"schema":{"@context":"https:\/\/schema.org","@graph":[{"@type":"WebPage","@id":"https:\/\/milprep.eu\/fr\/produit\/bisglycinate-de-magnesium\/","url":"https:\/\/milprep.eu\/fr\/produit\/bisglycinate-de-magnesium\/","name":"Bisglycinate de magn\u00e9sium - Milprep","isPartOf":{"@id":"https:\/\/milprep.eu\/fr\/#website"},"primaryImageOfPage":{"@id":"https:\/\/milprep.eu\/fr\/produit\/bisglycinate-de-magnesium\/#primaryimage"},"image":{"@id":"https:\/\/milprep.eu\/fr\/produit\/bisglycinate-de-magnesium\/#primaryimage"},"thumbnailUrl":"https:\/\/milprep.eu\/wp-content\/uploads\/2025\/08\/Magnesium20Bisglycinaat.webp","datePublished":"2025-08-17T18:46:22+00:00","description":"Le bisglycinate de magn\u00e9sium favorise la croissance musculaire, le sommeil, la r\u00e9cup\u00e9ration et l'\u00e9quilibre hormonal. Il est hautement absorbable et doux pour l'estomac.","breadcrumb":{"@id":"https:\/\/milprep.eu\/fr\/produit\/bisglycinate-de-magnesium\/#breadcrumb"},"inLanguage":"fr-FR","potentialAction":[{"@type":"ReadAction","target":["https:\/\/milprep.eu\/fr\/produit\/bisglycinate-de-magnesium\/"]}]},{"@type":"ImageObject","inLanguage":"fr-FR","@id":"https:\/\/milprep.eu\/fr\/produit\/bisglycinate-de-magnesium\/#primaryimage","url":"https:\/\/milprep.eu\/wp-content\/uploads\/2025\/08\/Magnesium20Bisglycinaat.webp","contentUrl":"https:\/\/milprep.eu\/wp-content\/uploads\/2025\/08\/Magnesium20Bisglycinaat.webp","width":640,"height":640},{"@type":"BreadcrumbList","@id":"https:\/\/milprep.eu\/fr\/produit\/bisglycinate-de-magnesium\/#breadcrumb","itemListElement":[{"@type":"ListItem","position":1,"name":"Homepage","item":"https:\/\/milprep.eu\/fr\/"},{"@type":"ListItem","position":2,"name":"Boutique","item":"https:\/\/milprep.eu\/fr\/boutique\/"},{"@type":"ListItem","position":3,"name":"Bisglycinate de magn\u00e9sium"}]},{"@type":"WebSite","@id":"https:\/\/milprep.eu\/fr\/#website","url":"https:\/\/milprep.eu\/fr\/","name":"Milprep","description":"Be Prepared","publisher":{"@id":"https:\/\/milprep.eu\/fr\/#organization"},"potentialAction":[{"@type":"SearchAction","target":{"@type":"EntryPoint","urlTemplate":"https:\/\/milprep.eu\/fr\/?s={search_term_string}"},"query-input":{"@type":"PropertyValueSpecification","valueRequired":true,"valueName":"search_term_string"}}],"inLanguage":"fr-FR"},{"@type":"Organization","@id":"https:\/\/milprep.eu\/fr\/#organization","name":"Milprep","url":"https:\/\/milprep.eu\/fr\/","logo":{"@type":"ImageObject","inLanguage":"fr-FR","@id":"https:\/\/milprep.eu\/fr\/#\/schema\/logo\/image\/","url":"https:\/\/milprep.eu\/wp-content\/uploads\/2025\/04\/cropped-mill5-removebg.png","contentUrl":"https:\/\/milprep.eu\/wp-content\/uploads\/2025\/04\/cropped-mill5-removebg.png","width":1073,"height":1202,"caption":"Milprep"},"image":{"@id":"https:\/\/milprep.eu\/fr\/#\/schema\/logo\/image\/"},"sameAs":["https:\/\/www.facebook.com\/milprep.eu\/","https:\/\/www.instagram.com\/milprep.eu\/"]}]}},"_links":{"self":[{"href":"https:\/\/milprep.eu\/fr\/wp-json\/wp\/v2\/product\/5350","targetHints":{"allow":["GET"]}}],"collection":[{"href":"https:\/\/milprep.eu\/fr\/wp-json\/wp\/v2\/product"}],"about":[{"href":"https:\/\/milprep.eu\/fr\/wp-json\/wp\/v2\/types\/product"}],"replies":[{"embeddable":true,"href":"https:\/\/milprep.eu\/fr\/wp-json\/wp\/v2\/comments?post=5350"}],"wp:featuredmedia":[{"embeddable":true,"href":"https:\/\/milprep.eu\/fr\/wp-json\/wp\/v2\/media\/4799"}],"wp:attachment":[{"href":"https:\/\/milprep.eu\/fr\/wp-json\/wp\/v2\/media?parent=5350"}],"wp:term":[{"taxonomy":"product_brand","embeddable":true,"href":"https:\/\/milprep.eu\/fr\/wp-json\/wp\/v2\/product_brand?post=5350"},{"taxonomy":"product_cat","embeddable":true,"href":"https:\/\/milprep.eu\/fr\/wp-json\/wp\/v2\/product_cat?post=5350"},{"taxonomy":"product_tag","embeddable":true,"href":"https:\/\/milprep.eu\/fr\/wp-json\/wp\/v2\/product_tag?post=5350"}],"curies":[{"name":"wp","href":"https:\/\/api.w.org\/{rel}","templated":true}]}}