{"id":5404,"date":"2025-08-17T18:38:52","date_gmt":"2025-08-17T18:38:52","guid":{"rendered":"https:\/\/milprep.eu\/product\/multivit\/"},"modified":"2025-08-17T18:38:52","modified_gmt":"2025-08-17T18:38:52","slug":"multivit","status":"publish","type":"product","link":"https:\/\/milprep.eu\/fr\/produit\/multivit\/","title":{"rendered":"Multivit"},"content":{"rendered":"<p data-start=\"186\" data-end=\"255\"><strong data-start=\"186\" data-end=\"255\">Comprim\u00e9s multivitamin\u00e9s quotidiens \u2013 Couvrez vos besoins de base, restez pr\u00eat pour la mission<\/strong><\/p>\n<p data-start=\"257\" data-end=\"506\">Votre corps m\u00e9rite un soutien \u00e0 spectre complet, surtout en cas de pression. Nos comprim\u00e9s multivitamin\u00e9s quotidiens sont con\u00e7us pour <strong data-start=\"373\" data-end=\"410\">couvrir les carences nutritionnelles de base<\/strong>, en particulier lorsque vous \u00eates en <strong data-start=\"442\" data-end=\"461\">d\u00e9ficit calorique<\/strong> ou que vous suivez un <strong data-start=\"477\" data-end=\"505\">r\u00e9gime r\u00e9p\u00e9titif et limit\u00e9<\/strong>. <\/p>\n<p data-start=\"508\" data-end=\"729\">Formul\u00e9 avec des vitamines et des min\u00e9raux essentiels pour soutenir le <strong data-start=\"567\" data-end=\"588\">m\u00e9tabolisme \u00e9nerg\u00e9tique<\/strong>, les <strong data-start=\"590\" data-end=\"608\">d\u00e9fenses immunitaires<\/strong> et la <strong data-start=\"614\" data-end=\"637\">performance globale<\/strong>, ce compl\u00e9ment quotidien vous aide \u00e0 rester vif, fort et r\u00e9silient \u2013 quelle que soit la mission.<\/p>\n<p data-start=\"731\" data-end=\"970\">\u2713 Comble les lacunes nutritionnelles dans les r\u00e9gimes hypocaloriques ou restrictifs<br data-start=\"791\" data-end=\"794\">\u2713 Soutient la fonction immunitaire, l&rsquo;\u00e9nergie et la r\u00e9cup\u00e9ration<br data-start=\"842\" data-end=\"845\">\u2713 Con\u00e7u pour les modes de vie actifs et exigeants<br data-start=\"891\" data-end=\"894\">\u2713 Comprim\u00e9 facile \u00e0 prendre une fois par jour<br data-start=\"918\" data-end=\"921\">\u2713 Base essentielle pour tout programme d&rsquo;entra\u00eenement<\/p>\n<p data-start=\"972\" data-end=\"1049\">Entra\u00eenez-vous dur, r\u00e9cup\u00e9rez intelligemment et restez pr\u00eat \u2013 avec un soutien quotidien \u00e0 spectre complet.<\/p>\n","protected":false},"excerpt":{"rendered":"<p>Comprim\u00e9s multivitamin\u00e9s quotidiens \u2013 Couvrez vos besoins de base, restez pr\u00eat pour la mission Votre corps m\u00e9rite un soutien \u00e0 spectre complet, surtout en cas de pression. Nos comprim\u00e9s multivitamin\u00e9s quotidiens sont con\u00e7us pour couvrir les carences nutritionnelles de base, en particulier lorsque vous \u00eates en d\u00e9ficit calorique ou que vous suivez un r\u00e9gime r\u00e9p\u00e9titif<span class=\"more-dots\">&#8230;<\/span><\/p>\n","protected":false},"featured_media":4793,"comment_status":"open","ping_status":"closed","template":"","meta":[],"product_brand":[],"product_cat":[87],"product_tag":[],"class_list":{"0":"post-5404","1":"product","2":"type-product","3":"status-publish","4":"has-post-thumbnail","6":"product_cat-supplements","8":"first","9":"instock","10":"sale","11":"shipping-taxable","12":"purchasable","13":"product-type-simple"},"yoast_head":"<!-- This site is optimized with the Yoast SEO plugin v26.6 - https:\/\/yoast.com\/wordpress\/plugins\/seo\/ -->\n<title>Multivit - Milprep<\/title>\n<meta name=\"description\" content=\"Comprim\u00e9s multivitamin\u00e9s qui couvrent les carences de base \u2013 id\u00e9aux pendant une p\u00e9riode de s\u00e8che ou un r\u00e9gime r\u00e9p\u00e9titif. Soutiennent l&#039;\u00e9nergie, l&#039;immunit\u00e9 et la r\u00e9cup\u00e9ration au quotidien.\" \/>\n<meta name=\"robots\" content=\"index, follow, max-snippet:-1, max-image-preview:large, max-video-preview:-1\" \/>\n<link rel=\"canonical\" href=\"https:\/\/milprep.eu\/fr\/produit\/multivit\/\" \/>\n<meta property=\"og:locale\" content=\"fr_FR\" \/>\n<meta property=\"og:type\" content=\"article\" \/>\n<meta property=\"og:title\" content=\"Multivit - Milprep\" \/>\n<meta property=\"og:description\" content=\"Comprim\u00e9s multivitamin\u00e9s qui couvrent les carences de base \u2013 id\u00e9aux pendant une p\u00e9riode de s\u00e8che ou un r\u00e9gime r\u00e9p\u00e9titif. Soutiennent l&#039;\u00e9nergie, l&#039;immunit\u00e9 et la r\u00e9cup\u00e9ration au quotidien.\" \/>\n<meta property=\"og:url\" content=\"https:\/\/milprep.eu\/fr\/produit\/multivit\/\" \/>\n<meta property=\"og:site_name\" content=\"Milprep\" \/>\n<meta property=\"article:publisher\" content=\"https:\/\/www.facebook.com\/milprep.eu\/\" \/>\n<meta property=\"og:image\" content=\"https:\/\/milprep.eu\/wp-content\/uploads\/2025\/08\/Multivit2012020Tabs.webp\" \/>\n\t<meta property=\"og:image:width\" content=\"640\" \/>\n\t<meta property=\"og:image:height\" content=\"640\" \/>\n\t<meta property=\"og:image:type\" content=\"image\/webp\" \/>\n<meta name=\"twitter:card\" content=\"summary_large_image\" \/>\n<meta name=\"twitter:label1\" content=\"Dur\u00e9e de lecture estim\u00e9e\" \/>\n\t<meta name=\"twitter:data1\" content=\"1 minute\" \/>\n<script type=\"application\/ld+json\" class=\"yoast-schema-graph\">{\"@context\":\"https:\/\/schema.org\",\"@graph\":[{\"@type\":\"WebPage\",\"@id\":\"https:\/\/milprep.eu\/fr\/produit\/multivit\/\",\"url\":\"https:\/\/milprep.eu\/fr\/produit\/multivit\/\",\"name\":\"Multivit - Milprep\",\"isPartOf\":{\"@id\":\"https:\/\/milprep.eu\/fr\/#website\"},\"primaryImageOfPage\":{\"@id\":\"https:\/\/milprep.eu\/fr\/produit\/multivit\/#primaryimage\"},\"image\":{\"@id\":\"https:\/\/milprep.eu\/fr\/produit\/multivit\/#primaryimage\"},\"thumbnailUrl\":\"https:\/\/milprep.eu\/wp-content\/uploads\/2025\/08\/Multivit2012020Tabs.webp\",\"datePublished\":\"2025-08-17T18:38:52+00:00\",\"description\":\"Comprim\u00e9s multivitamin\u00e9s qui couvrent les carences de base \u2013 id\u00e9aux pendant une p\u00e9riode de s\u00e8che ou un r\u00e9gime r\u00e9p\u00e9titif. Soutiennent l'\u00e9nergie, l'immunit\u00e9 et la r\u00e9cup\u00e9ration au quotidien.\",\"breadcrumb\":{\"@id\":\"https:\/\/milprep.eu\/fr\/produit\/multivit\/#breadcrumb\"},\"inLanguage\":\"fr-FR\",\"potentialAction\":[{\"@type\":\"ReadAction\",\"target\":[\"https:\/\/milprep.eu\/fr\/produit\/multivit\/\"]}]},{\"@type\":\"ImageObject\",\"inLanguage\":\"fr-FR\",\"@id\":\"https:\/\/milprep.eu\/fr\/produit\/multivit\/#primaryimage\",\"url\":\"https:\/\/milprep.eu\/wp-content\/uploads\/2025\/08\/Multivit2012020Tabs.webp\",\"contentUrl\":\"https:\/\/milprep.eu\/wp-content\/uploads\/2025\/08\/Multivit2012020Tabs.webp\",\"width\":640,\"height\":640},{\"@type\":\"BreadcrumbList\",\"@id\":\"https:\/\/milprep.eu\/fr\/produit\/multivit\/#breadcrumb\",\"itemListElement\":[{\"@type\":\"ListItem\",\"position\":1,\"name\":\"Homepage\",\"item\":\"https:\/\/milprep.eu\/fr\/\"},{\"@type\":\"ListItem\",\"position\":2,\"name\":\"Boutique\",\"item\":\"https:\/\/milprep.eu\/fr\/boutique\/\"},{\"@type\":\"ListItem\",\"position\":3,\"name\":\"Multivit\"}]},{\"@type\":\"WebSite\",\"@id\":\"https:\/\/milprep.eu\/fr\/#website\",\"url\":\"https:\/\/milprep.eu\/fr\/\",\"name\":\"Milprep\",\"description\":\"Be Prepared\",\"publisher\":{\"@id\":\"https:\/\/milprep.eu\/fr\/#organization\"},\"potentialAction\":[{\"@type\":\"SearchAction\",\"target\":{\"@type\":\"EntryPoint\",\"urlTemplate\":\"https:\/\/milprep.eu\/fr\/?s={search_term_string}\"},\"query-input\":{\"@type\":\"PropertyValueSpecification\",\"valueRequired\":true,\"valueName\":\"search_term_string\"}}],\"inLanguage\":\"fr-FR\"},{\"@type\":\"Organization\",\"@id\":\"https:\/\/milprep.eu\/fr\/#organization\",\"name\":\"Milprep\",\"url\":\"https:\/\/milprep.eu\/fr\/\",\"logo\":{\"@type\":\"ImageObject\",\"inLanguage\":\"fr-FR\",\"@id\":\"https:\/\/milprep.eu\/fr\/#\/schema\/logo\/image\/\",\"url\":\"https:\/\/milprep.eu\/wp-content\/uploads\/2025\/04\/cropped-mill5-removebg.png\",\"contentUrl\":\"https:\/\/milprep.eu\/wp-content\/uploads\/2025\/04\/cropped-mill5-removebg.png\",\"width\":1073,\"height\":1202,\"caption\":\"Milprep\"},\"image\":{\"@id\":\"https:\/\/milprep.eu\/fr\/#\/schema\/logo\/image\/\"},\"sameAs\":[\"https:\/\/www.facebook.com\/milprep.eu\/\",\"https:\/\/www.instagram.com\/milprep.eu\/\"]}]}<\/script>\n<!-- \/ Yoast SEO plugin. -->","yoast_head_json":{"title":"Multivit - Milprep","description":"Comprim\u00e9s multivitamin\u00e9s qui couvrent les carences de base \u2013 id\u00e9aux pendant une p\u00e9riode de s\u00e8che ou un r\u00e9gime r\u00e9p\u00e9titif. Soutiennent l'\u00e9nergie, l'immunit\u00e9 et la r\u00e9cup\u00e9ration au quotidien.","robots":{"index":"index","follow":"follow","max-snippet":"max-snippet:-1","max-image-preview":"max-image-preview:large","max-video-preview":"max-video-preview:-1"},"canonical":"https:\/\/milprep.eu\/fr\/produit\/multivit\/","og_locale":"fr_FR","og_type":"article","og_title":"Multivit - Milprep","og_description":"Comprim\u00e9s multivitamin\u00e9s qui couvrent les carences de base \u2013 id\u00e9aux pendant une p\u00e9riode de s\u00e8che ou un r\u00e9gime r\u00e9p\u00e9titif. Soutiennent l'\u00e9nergie, l'immunit\u00e9 et la r\u00e9cup\u00e9ration au quotidien.","og_url":"https:\/\/milprep.eu\/fr\/produit\/multivit\/","og_site_name":"Milprep","article_publisher":"https:\/\/www.facebook.com\/milprep.eu\/","og_image":[{"width":640,"height":640,"url":"https:\/\/milprep.eu\/wp-content\/uploads\/2025\/08\/Multivit2012020Tabs.webp","type":"image\/webp"}],"twitter_card":"summary_large_image","twitter_misc":{"Dur\u00e9e de lecture estim\u00e9e":"1 minute"},"schema":{"@context":"https:\/\/schema.org","@graph":[{"@type":"WebPage","@id":"https:\/\/milprep.eu\/fr\/produit\/multivit\/","url":"https:\/\/milprep.eu\/fr\/produit\/multivit\/","name":"Multivit - Milprep","isPartOf":{"@id":"https:\/\/milprep.eu\/fr\/#website"},"primaryImageOfPage":{"@id":"https:\/\/milprep.eu\/fr\/produit\/multivit\/#primaryimage"},"image":{"@id":"https:\/\/milprep.eu\/fr\/produit\/multivit\/#primaryimage"},"thumbnailUrl":"https:\/\/milprep.eu\/wp-content\/uploads\/2025\/08\/Multivit2012020Tabs.webp","datePublished":"2025-08-17T18:38:52+00:00","description":"Comprim\u00e9s multivitamin\u00e9s qui couvrent les carences de base \u2013 id\u00e9aux pendant une p\u00e9riode de s\u00e8che ou un r\u00e9gime r\u00e9p\u00e9titif. Soutiennent l'\u00e9nergie, l'immunit\u00e9 et la r\u00e9cup\u00e9ration au quotidien.","breadcrumb":{"@id":"https:\/\/milprep.eu\/fr\/produit\/multivit\/#breadcrumb"},"inLanguage":"fr-FR","potentialAction":[{"@type":"ReadAction","target":["https:\/\/milprep.eu\/fr\/produit\/multivit\/"]}]},{"@type":"ImageObject","inLanguage":"fr-FR","@id":"https:\/\/milprep.eu\/fr\/produit\/multivit\/#primaryimage","url":"https:\/\/milprep.eu\/wp-content\/uploads\/2025\/08\/Multivit2012020Tabs.webp","contentUrl":"https:\/\/milprep.eu\/wp-content\/uploads\/2025\/08\/Multivit2012020Tabs.webp","width":640,"height":640},{"@type":"BreadcrumbList","@id":"https:\/\/milprep.eu\/fr\/produit\/multivit\/#breadcrumb","itemListElement":[{"@type":"ListItem","position":1,"name":"Homepage","item":"https:\/\/milprep.eu\/fr\/"},{"@type":"ListItem","position":2,"name":"Boutique","item":"https:\/\/milprep.eu\/fr\/boutique\/"},{"@type":"ListItem","position":3,"name":"Multivit"}]},{"@type":"WebSite","@id":"https:\/\/milprep.eu\/fr\/#website","url":"https:\/\/milprep.eu\/fr\/","name":"Milprep","description":"Be Prepared","publisher":{"@id":"https:\/\/milprep.eu\/fr\/#organization"},"potentialAction":[{"@type":"SearchAction","target":{"@type":"EntryPoint","urlTemplate":"https:\/\/milprep.eu\/fr\/?s={search_term_string}"},"query-input":{"@type":"PropertyValueSpecification","valueRequired":true,"valueName":"search_term_string"}}],"inLanguage":"fr-FR"},{"@type":"Organization","@id":"https:\/\/milprep.eu\/fr\/#organization","name":"Milprep","url":"https:\/\/milprep.eu\/fr\/","logo":{"@type":"ImageObject","inLanguage":"fr-FR","@id":"https:\/\/milprep.eu\/fr\/#\/schema\/logo\/image\/","url":"https:\/\/milprep.eu\/wp-content\/uploads\/2025\/04\/cropped-mill5-removebg.png","contentUrl":"https:\/\/milprep.eu\/wp-content\/uploads\/2025\/04\/cropped-mill5-removebg.png","width":1073,"height":1202,"caption":"Milprep"},"image":{"@id":"https:\/\/milprep.eu\/fr\/#\/schema\/logo\/image\/"},"sameAs":["https:\/\/www.facebook.com\/milprep.eu\/","https:\/\/www.instagram.com\/milprep.eu\/"]}]}},"_links":{"self":[{"href":"https:\/\/milprep.eu\/fr\/wp-json\/wp\/v2\/product\/5404","targetHints":{"allow":["GET"]}}],"collection":[{"href":"https:\/\/milprep.eu\/fr\/wp-json\/wp\/v2\/product"}],"about":[{"href":"https:\/\/milprep.eu\/fr\/wp-json\/wp\/v2\/types\/product"}],"replies":[{"embeddable":true,"href":"https:\/\/milprep.eu\/fr\/wp-json\/wp\/v2\/comments?post=5404"}],"wp:featuredmedia":[{"embeddable":true,"href":"https:\/\/milprep.eu\/fr\/wp-json\/wp\/v2\/media\/4793"}],"wp:attachment":[{"href":"https:\/\/milprep.eu\/fr\/wp-json\/wp\/v2\/media?parent=5404"}],"wp:term":[{"taxonomy":"product_brand","embeddable":true,"href":"https:\/\/milprep.eu\/fr\/wp-json\/wp\/v2\/product_brand?post=5404"},{"taxonomy":"product_cat","embeddable":true,"href":"https:\/\/milprep.eu\/fr\/wp-json\/wp\/v2\/product_cat?post=5404"},{"taxonomy":"product_tag","embeddable":true,"href":"https:\/\/milprep.eu\/fr\/wp-json\/wp\/v2\/product_tag?post=5404"}],"curies":[{"name":"wp","href":"https:\/\/api.w.org\/{rel}","templated":true}]}}